{"id":27836,"date":"2025-02-20T23:29:14","date_gmt":"2025-02-20T22:29:14","guid":{"rendered":"https:\/\/olemosaic.orbitalia.org\/producto\/taza-de-ceramica-bogavante-blanco\/"},"modified":"2025-07-25T19:14:42","modified_gmt":"2025-07-25T17:14:42","slug":"chavena-de-ceramica-lavagante-branco","status":"publish","type":"product","link":"https:\/\/olemosaic.orbitalia.org\/pt-pt\/produto\/chavena-de-ceramica-lavagante-branco\/","title":{"rendered":"Ch\u00e1vena de cer\u00e2mica. Lavagante. Branco."},"content":{"rendered":"<p>Esta ch\u00e1vena de cer\u00e2mica, decorada com ilustra\u00e7\u00f5es vibrantes de lavagantes, \u00e9 uma pe\u00e7a de destaque que capta a ess\u00eancia da tradi\u00e7\u00e3o mar\u00edtima das costas mediterr\u00e2nicas. Com um elegante fundo branco, a ch\u00e1vena apresenta um design colorido que combina os tons chamativos de vermelho e verde dos lavagantes, pintados \u00e0 m\u00e3o com um estilo art\u00edstico que real\u00e7a cada detalhe destes crust\u00e1ceos. Os motivos de azulejos azuis que adornam a superf\u00edcie acrescentam um toque distintivo e evocativo, que recorda a rica heran\u00e7a cultural do Mediterr\u00e2neo.<\/p>\n<p>O interior da ch\u00e1vena \u00e9 de um vermelho intenso que complementa na perfei\u00e7\u00e3o as cores exteriores, tornando cada gole uma deliciosa experi\u00eancia visual e sensorial. Esta ch\u00e1vena n\u00e3o \u00e9 apenas funcional, mas tamb\u00e9m se torna uma excelente recorda\u00e7\u00e3o que evoca as tradi\u00e7\u00f5es piscat\u00f3rias de regi\u00f5es como a Galiza, famosa pela sua rica gastronomia baseada em marisco.<\/p>\n<p>As recorda\u00e7\u00f5es de cer\u00e2mica, como esta ch\u00e1vena de lavagantes, s\u00e3o ideais para turistas que procuram uma pe\u00e7a aut\u00eantica que reflita a cultura local. Na Ol\u00e9 Mosaic, somos distribuidores de recorda\u00e7\u00f5es por grosso, garantindo a qualidade e a originalidade dos nossos produtos. Esta ch\u00e1vena \u00e9 uma op\u00e7\u00e3o ideal para lojas de presentes tur\u00edsticos que desejam oferecer aos seus clientes um peda\u00e7o do Mediterr\u00e2neo sob a forma de um artigo funcional e esteticamente atraente. Uma recorda\u00e7\u00e3o perfeita para desfrutar das suas bebidas favoritas enquanto celebra a heran\u00e7a cultural da costa espanhola!<\/p>\n","protected":false},"excerpt":{"rendered":"<p>Ch\u00e1vena de cer\u00e2mica decorada com ilustra\u00e7\u00f5es vibrantes de lavagantes vermelhos e verdes. Este design exclusivo, inspirado na tradi\u00e7\u00e3o mar\u00edtima das costas mediterr\u00e2nicas, apresenta um fundo branco adornado com motivos de azulejos azuis, que lhe conferem um toque distintivo. O interior da ch\u00e1vena \u00e9 vermelho, o que real\u00e7a os detalhados crust\u00e1ceos pintados \u00e0 m\u00e3o e a torna uma pe\u00e7a \u00fanica e funcional, ideal para desfrutar das suas bebidas favoritas.<\/p>\n","protected":false},"featured_media":9473,"template":"","meta":{"_acf_changed":false},"product_brand":[],"product_cat":[833],"product_tag":[516,515],"class_list":{"0":"post-27836","1":"product","2":"type-product","3":"status-publish","4":"has-post-thumbnail","6":"product_cat-canecas","7":"product_tag-animais","8":"product_tag-ceramica","9":"pa_motivo-lavagantes","11":"first","12":"instock","13":"shipping-taxable","14":"product-type-simple"},"acf":[],"_links":{"self":[{"href":"https:\/\/olemosaic.orbitalia.org\/pt-pt\/wp-json\/wp\/v2\/product\/27836","targetHints":{"allow":["GET"]}}],"collection":[{"href":"https:\/\/olemosaic.orbitalia.org\/pt-pt\/wp-json\/wp\/v2\/product"}],"about":[{"href":"https:\/\/olemosaic.orbitalia.org\/pt-pt\/wp-json\/wp\/v2\/types\/product"}],"wp:featuredmedia":[{"embeddable":true,"href":"https:\/\/olemosaic.orbitalia.org\/pt-pt\/wp-json\/wp\/v2\/media\/9473"}],"wp:attachment":[{"href":"https:\/\/olemosaic.orbitalia.org\/pt-pt\/wp-json\/wp\/v2\/media?parent=27836"}],"wp:term":[{"taxonomy":"product_brand","embeddable":true,"href":"https:\/\/olemosaic.orbitalia.org\/pt-pt\/wp-json\/wp\/v2\/product_brand?post=27836"},{"taxonomy":"product_cat","embeddable":true,"href":"https:\/\/olemosaic.orbitalia.org\/pt-pt\/wp-json\/wp\/v2\/product_cat?post=27836"},{"taxonomy":"product_tag","embeddable":true,"href":"https:\/\/olemosaic.orbitalia.org\/pt-pt\/wp-json\/wp\/v2\/product_tag?post=27836"}],"curies":[{"name":"wp","href":"https:\/\/api.w.org\/{rel}","templated":true}]}}