{"id":27816,"date":"2025-02-20T23:29:13","date_gmt":"2025-02-20T22:29:13","guid":{"rendered":"https:\/\/olemosaic.orbitalia.org\/producto\/taza-de-ceramica-toro-beige\/"},"modified":"2025-07-25T18:38:25","modified_gmt":"2025-07-25T16:38:25","slug":"chavena-de-ceramica-touro-bege","status":"publish","type":"product","link":"https:\/\/olemosaic.orbitalia.org\/pt-pt\/produto\/chavena-de-ceramica-touro-bege\/","title":{"rendered":"Ch\u00e1vena de cer\u00e2mica. Touro. Bege."},"content":{"rendered":"<p>Esta ch\u00e1vena de cer\u00e2mica, decorada com um design vibrante de touro, \u00e9 uma aut\u00eantica homenagem \u00e0 cultura espanhola. A sua base bege contrasta na perfei\u00e7\u00e3o com o colorido motivo do touro, apresentado em formas geom\u00e9tricas que evocam a tradi\u00e7\u00e3o art\u00edstica de Espanha. Na parte superior, o texto \u201cESPA\u00d1A\u201d \u00e9 exibido em letras multicoloridas, acrescentando um toque alegre e festivo, ideal para qualquer amante da arte e da cultura. A ch\u00e1vena tamb\u00e9m se distingue pela sua asa colorida, que varia em cada modelo, tornando cada pe\u00e7a um objeto \u00fanico e colecion\u00e1vel.<\/p>\n<p>O touro, s\u00edmbolo ic\u00f3nico da cultura espanhola, representa a valentia e a tradi\u00e7\u00e3o das touradas, pr\u00e1ticas profundamente enraizadas na hist\u00f3ria do pa\u00eds. Esta ch\u00e1vena \u00e9 mais do que um simples acess\u00f3rio; \u00e9 uma recorda\u00e7\u00e3o memor\u00e1vel da rica heran\u00e7a cultural de Espanha, perfeita para desfrutar das suas bebidas favoritas enquanto evoca a paix\u00e3o das terras ib\u00e9ricas.<\/p>\n<p>Na Ol\u00e9 Mosaic, especializamo-nos na distribui\u00e7\u00e3o de recorda\u00e7\u00f5es por grosso, e esta ch\u00e1vena de cer\u00e2mica \u00e9 uma excelente recorda\u00e7\u00e3o de Espanha. \u00c9 ideal para lojas de presentes tur\u00edsticos que procuram oferecer produtos aut\u00eanticos e representativos. Com o seu design muito especial e a sua relev\u00e2ncia cultural, esta ch\u00e1vena n\u00e3o \u00e9 apenas uma recorda\u00e7\u00e3o, mas uma celebra\u00e7\u00e3o da arte e da tradi\u00e7\u00e3o espanhola.<\/p>\n","protected":false},"excerpt":{"rendered":"<p>Ch\u00e1vena de cer\u00e2mica com um design atraente, decorada com um touro colorido inspirado na cultura espanhola. A sua base bege contrasta com as cores vivas do motivo do touro em formas geom\u00e9tricas, transmitindo um estilo moderno e vibrante. A ch\u00e1vena inclui a palavra \u201cESPA\u00d1A\u201d em letras multicoloridas, e a sua asa apresenta um toque distintivo com diferentes cores em cada modelo. Ideal para desfrutar das suas bebidas favoritas com um toque de tradi\u00e7\u00e3o e arte espanhola.<\/p>\n","protected":false},"featured_media":6908,"template":"","meta":{"_acf_changed":false},"product_brand":[],"product_cat":[833],"product_tag":[516,515],"class_list":{"0":"post-27816","1":"product","2":"type-product","3":"status-publish","4":"has-post-thumbnail","6":"product_cat-canecas","7":"product_tag-animais","8":"product_tag-ceramica","9":"pa_motivo-touros","11":"first","12":"instock","13":"shipping-taxable","14":"product-type-simple"},"acf":[],"_links":{"self":[{"href":"https:\/\/olemosaic.orbitalia.org\/pt-pt\/wp-json\/wp\/v2\/product\/27816","targetHints":{"allow":["GET"]}}],"collection":[{"href":"https:\/\/olemosaic.orbitalia.org\/pt-pt\/wp-json\/wp\/v2\/product"}],"about":[{"href":"https:\/\/olemosaic.orbitalia.org\/pt-pt\/wp-json\/wp\/v2\/types\/product"}],"wp:featuredmedia":[{"embeddable":true,"href":"https:\/\/olemosaic.orbitalia.org\/pt-pt\/wp-json\/wp\/v2\/media\/6908"}],"wp:attachment":[{"href":"https:\/\/olemosaic.orbitalia.org\/pt-pt\/wp-json\/wp\/v2\/media?parent=27816"}],"wp:term":[{"taxonomy":"product_brand","embeddable":true,"href":"https:\/\/olemosaic.orbitalia.org\/pt-pt\/wp-json\/wp\/v2\/product_brand?post=27816"},{"taxonomy":"product_cat","embeddable":true,"href":"https:\/\/olemosaic.orbitalia.org\/pt-pt\/wp-json\/wp\/v2\/product_cat?post=27816"},{"taxonomy":"product_tag","embeddable":true,"href":"https:\/\/olemosaic.orbitalia.org\/pt-pt\/wp-json\/wp\/v2\/product_tag?post=27816"}],"curies":[{"name":"wp","href":"https:\/\/api.w.org\/{rel}","templated":true}]}}