{"id":27795,"date":"2025-02-20T23:29:13","date_gmt":"2025-02-20T22:29:13","guid":{"rendered":"https:\/\/olemosaic.orbitalia.org\/producto\/taza-de-ceramica-panoramica-barcelona-beige-2\/"},"modified":"2025-07-25T19:06:44","modified_gmt":"2025-07-25T17:06:44","slug":"caneca-de-ceramica-panoramica-barcelona-bege-2","status":"publish","type":"product","link":"https:\/\/olemosaic.orbitalia.org\/pt-pt\/produto\/caneca-de-ceramica-panoramica-barcelona-bege-2\/","title":{"rendered":"Caneca de cer\u00e2mica. Panor\u00e2mica. Barcelona. Bege."},"content":{"rendered":"<p>Esta caneca de cer\u00e2mica com uma vibrante panor\u00e2mica de Barcelona \u00e9 a recorda\u00e7\u00e3o perfeita para quem quer levar um peda\u00e7o desta emblem\u00e1tica cidade catal\u00e3. Com um elegante tom bege como base, a caneca apresenta um design pintado \u00e0 m\u00e3o que captura a ess\u00eancia de Barcelona atrav\u00e9s dos seus elementos mais ic\u00f3nicos, como a impressionante Sagrada Fam\u00edlia, a famosa est\u00e1tua de Colombo e o colorido Parque G\u00fcell. Cada detalhe \u00e9 ilustrado com cores chamativas que prestam homenagem ao modernismo catal\u00e3o, transformando cada gole numa experi\u00eancia evocativa. Al\u00e9m disso, a asa da caneca, dispon\u00edvel em tons alegres como verde, vermelho, azul e preto, n\u00e3o s\u00f3 adiciona um toque de cor, mas tamb\u00e9m garante uma ader\u00eancia confort\u00e1vel, ideal para desfrutar das suas bebidas favoritas enquanto revive a magia da cidade. Este produto n\u00e3o \u00e9 apenas uma recorda\u00e7\u00e3o aut\u00eantica de Barcelona, mas tamb\u00e9m reflete a rica heran\u00e7a cultural que distingue esta regi\u00e3o. Na Ol\u00e9 Mosaic, focamo-nos em oferecer recorda\u00e7\u00f5es de cer\u00e2mica de alta qualidade, ideais para lojas de presentes tur\u00edsticos que procuram artigos distintivos. Esta caneca \u00e9 uma op\u00e7\u00e3o perfeita para os turistas que procuram recorda\u00e7\u00f5es de Barcelona aut\u00eanticas e decorativas, destacando a sua relev\u00e2ncia cultural e o seu apelo visual.<\/p>\n","protected":false},"excerpt":{"rendered":"<p>Caneca de cer\u00e2mica com uma vibrante panor\u00e2mica de Barcelona. Este design atraente combina elementos ic\u00f3nicos da cidade, como a est\u00e1tua de Colombo, a Sagrada Fam\u00edlia e o Parque G\u00fcell, todo com design artesanal, pintado \u00e0 m\u00e3o, com cores chamativas que evocam a ess\u00eancia do modernismo catal\u00e3o. A caneca, de um elegante tom bege, conta com uma asa colorida que lhe confere um toque divertido, ideal para desfrutar das suas bebidas favoritas enquanto recorda a beleza de Barcelona.<\/p>\n","protected":false},"featured_media":7013,"template":"","meta":{"_acf_changed":false},"product_brand":[],"product_cat":[833],"product_tag":[515],"class_list":{"0":"post-27795","1":"product","2":"type-product","3":"status-publish","4":"has-post-thumbnail","6":"product_cat-canecas","7":"product_tag-ceramica","8":"pa_ciudad-barcelona","9":"pa_motivo-panoramas","10":"pa_pais-espana","12":"first","13":"instock","14":"shipping-taxable","15":"product-type-simple"},"acf":[],"_links":{"self":[{"href":"https:\/\/olemosaic.orbitalia.org\/pt-pt\/wp-json\/wp\/v2\/product\/27795","targetHints":{"allow":["GET"]}}],"collection":[{"href":"https:\/\/olemosaic.orbitalia.org\/pt-pt\/wp-json\/wp\/v2\/product"}],"about":[{"href":"https:\/\/olemosaic.orbitalia.org\/pt-pt\/wp-json\/wp\/v2\/types\/product"}],"wp:featuredmedia":[{"embeddable":true,"href":"https:\/\/olemosaic.orbitalia.org\/pt-pt\/wp-json\/wp\/v2\/media\/7013"}],"wp:attachment":[{"href":"https:\/\/olemosaic.orbitalia.org\/pt-pt\/wp-json\/wp\/v2\/media?parent=27795"}],"wp:term":[{"taxonomy":"product_brand","embeddable":true,"href":"https:\/\/olemosaic.orbitalia.org\/pt-pt\/wp-json\/wp\/v2\/product_brand?post=27795"},{"taxonomy":"product_cat","embeddable":true,"href":"https:\/\/olemosaic.orbitalia.org\/pt-pt\/wp-json\/wp\/v2\/product_cat?post=27795"},{"taxonomy":"product_tag","embeddable":true,"href":"https:\/\/olemosaic.orbitalia.org\/pt-pt\/wp-json\/wp\/v2\/product_tag?post=27795"}],"curies":[{"name":"wp","href":"https:\/\/api.w.org\/{rel}","templated":true}]}}