{"id":27794,"date":"2025-02-20T22:29:12","date_gmt":"2025-02-20T22:29:12","guid":{"rendered":"https:\/\/olemosaic.orbitalia.org\/producto\/taza-de-ceramica-panoramica-madrid-beige\/"},"modified":"2025-07-25T18:40:46","modified_gmt":"2025-07-25T16:40:46","slug":"caneca-de-ceramica-panoramica-madrid-bege","status":"publish","type":"product","link":"https:\/\/olemosaic.orbitalia.org\/pt-pt\/produto\/caneca-de-ceramica-panoramica-madrid-bege\/","title":{"rendered":"Caneca de cer\u00e2mica. Panor\u00e2mica. Madrid. Bege."},"content":{"rendered":"<p>Esta caneca de cer\u00e2mica, com a sua colorida panor\u00e2mica de Madrid, \u00e9 a recorda\u00e7\u00e3o ideal para levar um pedacinho da capital espanhola. O seu design vibrante captura a ess\u00eancia da cidade, destacando elementos ic\u00f3nicos como o Mercado de San Miguel, representado numa paleta de tons bege e vermelho que evocam o ambiente acolhedor das suas ruas. A cer\u00e2mica de alta qualidade garante uma durabilidade excecional, enquanto o acabamento brilhante real\u00e7a as ilustra\u00e7\u00f5es, transformando cada caneca numa obra de arte funcional. A forma distintiva da caneca \u00e9 complementada por uma pr\u00e1tica colher a condizer, adicionando um toque funcional e est\u00e9tico a esta encantadora recorda\u00e7\u00e3o.<\/p>\n<p>A palavra &#8220;Madrid&#8221; impressa na parte superior da caneca oferece um detalhe adicional que a torna uma recorda\u00e7\u00e3o aut\u00eantica e representativa da cidade. Esta recorda\u00e7\u00e3o reflete a rica cultura e tradi\u00e7\u00e3o madrilena, sendo um excelente presente para quem procura uma liga\u00e7\u00e3o especial com a cidade. Na Ol\u00e9 Mosaic, especializamo-nos na distribui\u00e7\u00e3o de recorda\u00e7\u00f5es por grosso, garantindo que cada pe\u00e7a, como esta caneca de cer\u00e2mica, seja aut\u00eantica e de qualidade. Ideal para lojas de presentes tur\u00edsticos que desejem oferecer aos seus clientes um peda\u00e7o de Madrid em cada caneca.<\/p>\n","protected":false},"excerpt":{"rendered":"<p>Caneca de cer\u00e2mica com uma colorida panor\u00e2mica de Madrid, perfeita para desfrutar de uma bebida quente. O design inclui motivos que representam o Mercado de San Miguel e outros \u00edcones da cidade, em vibrantes tons bege e vermelho, real\u00e7ados por um acabamento brilhante. Cada caneca vem com uma pr\u00e1tica colher da mesma cor e a palavra &#8220;Madrid&#8221; impressa, adicionando um toque distintivo e art\u00edstico a esta \u00fatil recorda\u00e7\u00e3o.<\/p>\n","protected":false},"featured_media":7007,"template":"","meta":{"_acf_changed":false},"product_brand":[],"product_cat":[833],"product_tag":[515],"class_list":{"0":"post-27794","1":"product","2":"type-product","3":"status-publish","4":"has-post-thumbnail","6":"product_cat-canecas","7":"product_tag-ceramica","8":"pa_ciudad-madrid","9":"pa_motivo-panoramas","10":"pa_pais-espana","12":"first","13":"instock","14":"shipping-taxable","15":"product-type-simple"},"acf":[],"_links":{"self":[{"href":"https:\/\/olemosaic.orbitalia.org\/pt-pt\/wp-json\/wp\/v2\/product\/27794","targetHints":{"allow":["GET"]}}],"collection":[{"href":"https:\/\/olemosaic.orbitalia.org\/pt-pt\/wp-json\/wp\/v2\/product"}],"about":[{"href":"https:\/\/olemosaic.orbitalia.org\/pt-pt\/wp-json\/wp\/v2\/types\/product"}],"wp:featuredmedia":[{"embeddable":true,"href":"https:\/\/olemosaic.orbitalia.org\/pt-pt\/wp-json\/wp\/v2\/media\/7007"}],"wp:attachment":[{"href":"https:\/\/olemosaic.orbitalia.org\/pt-pt\/wp-json\/wp\/v2\/media?parent=27794"}],"wp:term":[{"taxonomy":"product_brand","embeddable":true,"href":"https:\/\/olemosaic.orbitalia.org\/pt-pt\/wp-json\/wp\/v2\/product_brand?post=27794"},{"taxonomy":"product_cat","embeddable":true,"href":"https:\/\/olemosaic.orbitalia.org\/pt-pt\/wp-json\/wp\/v2\/product_cat?post=27794"},{"taxonomy":"product_tag","embeddable":true,"href":"https:\/\/olemosaic.orbitalia.org\/pt-pt\/wp-json\/wp\/v2\/product_tag?post=27794"}],"curies":[{"name":"wp","href":"https:\/\/api.w.org\/{rel}","templated":true}]}}