{"id":27793,"date":"2025-02-20T23:29:12","date_gmt":"2025-02-20T22:29:12","guid":{"rendered":"https:\/\/olemosaic.orbitalia.org\/producto\/taza-de-ceramica-salamandra-y-flores-blanco\/"},"modified":"2025-07-25T18:49:45","modified_gmt":"2025-07-25T16:49:45","slug":"caneca-de-ceramica-salamandra-e-flores-branco","status":"publish","type":"product","link":"https:\/\/olemosaic.orbitalia.org\/pt-pt\/produto\/caneca-de-ceramica-salamandra-e-flores-branco\/","title":{"rendered":"Caneca de cer\u00e2mica. Salamandra e flores. Branco."},"content":{"rendered":"<p>Esta vibrante caneca de cer\u00e2mica \u00e9 a recorda\u00e7\u00e3o perfeita para levar um pedacinho da arte e cultura espanholas. Com o seu design chamativo, evoca a ess\u00eancia de Gaud\u00ed: uma encantadora salamandra vermelha, rodeada de flores coloridas que adornam a sua superf\u00edcie. A base branca real\u00e7a os motivos em mosaico, criando um contraste visual que a torna uma pe\u00e7a central ideal para qualquer casa. O interior, pintado num vermelho vibrante, adiciona um toque de calor e energia ao desfrutar das suas bebidas favoritas.<\/p>\n<p>Pintada \u00e0 m\u00e3o, esta caneca n\u00e3o \u00e9 apenas aut\u00eantica e exclusiva, mas tamb\u00e9m reflete o rico patrim\u00f3nio art\u00edstico de Espanha, onde elementos naturais como a salamandra simbolizam a criatividade e a vitalidade da cultura local. \u00c9 a recorda\u00e7\u00e3o perfeita para turistas que procuram um peda\u00e7o da tradi\u00e7\u00e3o e da arte espanholas.<\/p>\n<p>Na Ol\u00e9 Mosaic, distribu\u00edmos recorda\u00e7\u00f5es de cer\u00e2mica artesanal de alta qualidade que capturam a ess\u00eancia de Espanha. Esta caneca \u00e9 uma excelente op\u00e7\u00e3o para lojas de presentes tur\u00edsticos que desejem oferecer recorda\u00e7\u00f5es \u00fanicas, aut\u00eanticas e cheias de cor aos seus clientes. Um toque especial para quem valoriza a criatividade e a beleza nas suas recorda\u00e7\u00f5es!<\/p>\n","protected":false},"excerpt":{"rendered":"<p>Caneca de cer\u00e2mica com um design vibrante de uma salamandra vermelha e flores coloridas. A sua base branca real\u00e7a os motivos em mosaico, e o interior \u00e9 de uma cor vermelha chamativa. Elaborada com uma t\u00e9cnica de design artesanal, pintada \u00e0 m\u00e3o, este produto evoca o estilo art\u00edstico de Gaud\u00ed, ideal para quem procura uma recorda\u00e7\u00e3o distintiva da cultura espanhola. Perfeita para desfrutar das suas bebidas favoritas com um toque de cor e criatividade.<\/p>\n","protected":false},"featured_media":8343,"template":"","meta":{"_acf_changed":false},"product_brand":[],"product_cat":[833],"product_tag":[516,515],"class_list":{"0":"post-27793","1":"product","2":"type-product","3":"status-publish","4":"has-post-thumbnail","6":"product_cat-canecas","7":"product_tag-animais","8":"product_tag-ceramica","9":"pa_motivo-salamandras","11":"first","12":"instock","13":"shipping-taxable","14":"product-type-simple"},"acf":[],"_links":{"self":[{"href":"https:\/\/olemosaic.orbitalia.org\/pt-pt\/wp-json\/wp\/v2\/product\/27793","targetHints":{"allow":["GET"]}}],"collection":[{"href":"https:\/\/olemosaic.orbitalia.org\/pt-pt\/wp-json\/wp\/v2\/product"}],"about":[{"href":"https:\/\/olemosaic.orbitalia.org\/pt-pt\/wp-json\/wp\/v2\/types\/product"}],"wp:featuredmedia":[{"embeddable":true,"href":"https:\/\/olemosaic.orbitalia.org\/pt-pt\/wp-json\/wp\/v2\/media\/8343"}],"wp:attachment":[{"href":"https:\/\/olemosaic.orbitalia.org\/pt-pt\/wp-json\/wp\/v2\/media?parent=27793"}],"wp:term":[{"taxonomy":"product_brand","embeddable":true,"href":"https:\/\/olemosaic.orbitalia.org\/pt-pt\/wp-json\/wp\/v2\/product_brand?post=27793"},{"taxonomy":"product_cat","embeddable":true,"href":"https:\/\/olemosaic.orbitalia.org\/pt-pt\/wp-json\/wp\/v2\/product_cat?post=27793"},{"taxonomy":"product_tag","embeddable":true,"href":"https:\/\/olemosaic.orbitalia.org\/pt-pt\/wp-json\/wp\/v2\/product_tag?post=27793"}],"curies":[{"name":"wp","href":"https:\/\/api.w.org\/{rel}","templated":true}]}}