{"id":27788,"date":"2025-02-20T22:29:12","date_gmt":"2025-02-20T22:29:12","guid":{"rendered":"https:\/\/olemosaic.orbitalia.org\/producto\/taza-de-ceramica-gallos-blanco\/"},"modified":"2025-07-25T18:36:01","modified_gmt":"2025-07-25T16:36:01","slug":"caneca-de-ceramica-galos-branco","status":"publish","type":"product","link":"https:\/\/olemosaic.orbitalia.org\/pt-pt\/produto\/caneca-de-ceramica-galos-branco\/","title":{"rendered":"Caneca de cer\u00e2mica. Galos. Branco."},"content":{"rendered":"<p>Esta caneca de cer\u00e2mica branca, decorada com galos vibrantes, \u00e9 um aut\u00eantico s\u00edmbolo do folclore portugu\u00eas, pensada para quem deseja levar um pedacinho da cultura lusa. Com um galo central adornado com uma explos\u00e3o de cores intensas e padr\u00f5es distintivos, como cora\u00e7\u00f5es e flores, esta caneca capta a alegria e o dinamismo da tradi\u00e7\u00e3o artesanal portuguesa. O design apresenta um fundo branco que real\u00e7a as cores vivas do galo, enquanto o interior da caneca \u00e9 de um vermelho brilhante que adiciona um toque quente e acolhedor, perfeito para desfrutar das suas bebidas favoritas.<\/p>\n<p>A asa desta caneca tem uma forma estilizada que lembra uma ave, um detalhe est\u00e9tico que, al\u00e9m disso, oferece uma experi\u00eancia ergon\u00f3mica ao segur\u00e1-la. Este belo objeto n\u00e3o s\u00f3 \u00e9 funcional, como tamb\u00e9m serve como uma recorda\u00e7\u00e3o representativa de Portugal, evocando a sua rica cultura e a famosa lenda do Galo de Barcelos, s\u00edmbolo de integridade e justi\u00e7a. Na Ol\u00e9 Mosaic, compreendemos a import\u00e2ncia de oferecer souvenirs que contem hist\u00f3rias; esta caneca de galos \u00e9 uma excelente op\u00e7\u00e3o para lojas de presentes tur\u00edsticos que procuram produtos aut\u00eanticos e de qualidade, perfeitos para turistas interessados na tradi\u00e7\u00e3o e na arte portuguesas. Com a nossa experi\u00eancia como grossistas de souvenirs, garantimos que cada pe\u00e7a reflete a autenticidade e o valor cultural que merece.<\/p>\n","protected":false},"excerpt":{"rendered":"<p>Caneca de cer\u00e2mica branca decorada com galos vibrantes ao estilo do folclore portugu\u00eas. O design apresenta um galo central, adornado com cores intensas e padr\u00f5es distintivos, como cora\u00e7\u00f5es e flores, que lhe d\u00e3o um toque alegre. A caneca tem o interior vermelho brilhante e uma asa estilizada com forma de ave, combinando est\u00e9tica e funcionalidade em cada gole. Ideal para desfrutar das suas bebidas favoritas enquanto celebra a cultura portuguesa.<\/p>\n","protected":false},"featured_media":8921,"template":"","meta":{"_acf_changed":false},"product_brand":[],"product_cat":[833],"product_tag":[516,515],"class_list":{"0":"post-27788","1":"product","2":"type-product","3":"status-publish","4":"has-post-thumbnail","6":"product_cat-canecas","7":"product_tag-animais","8":"product_tag-ceramica","9":"pa_motivo-galos","11":"first","12":"instock","13":"shipping-taxable","14":"product-type-simple"},"acf":[],"_links":{"self":[{"href":"https:\/\/olemosaic.orbitalia.org\/pt-pt\/wp-json\/wp\/v2\/product\/27788","targetHints":{"allow":["GET"]}}],"collection":[{"href":"https:\/\/olemosaic.orbitalia.org\/pt-pt\/wp-json\/wp\/v2\/product"}],"about":[{"href":"https:\/\/olemosaic.orbitalia.org\/pt-pt\/wp-json\/wp\/v2\/types\/product"}],"wp:featuredmedia":[{"embeddable":true,"href":"https:\/\/olemosaic.orbitalia.org\/pt-pt\/wp-json\/wp\/v2\/media\/8921"}],"wp:attachment":[{"href":"https:\/\/olemosaic.orbitalia.org\/pt-pt\/wp-json\/wp\/v2\/media?parent=27788"}],"wp:term":[{"taxonomy":"product_brand","embeddable":true,"href":"https:\/\/olemosaic.orbitalia.org\/pt-pt\/wp-json\/wp\/v2\/product_brand?post=27788"},{"taxonomy":"product_cat","embeddable":true,"href":"https:\/\/olemosaic.orbitalia.org\/pt-pt\/wp-json\/wp\/v2\/product_cat?post=27788"},{"taxonomy":"product_tag","embeddable":true,"href":"https:\/\/olemosaic.orbitalia.org\/pt-pt\/wp-json\/wp\/v2\/product_tag?post=27788"}],"curies":[{"name":"wp","href":"https:\/\/api.w.org\/{rel}","templated":true}]}}