{"id":27787,"date":"2025-02-20T22:29:11","date_gmt":"2025-02-20T22:29:11","guid":{"rendered":"https:\/\/olemosaic.orbitalia.org\/producto\/posavasos-de-ceramica-bailaora-mallorca\/"},"modified":"2025-07-25T18:51:11","modified_gmt":"2025-07-25T16:51:11","slug":"base-de-copos-de-ceramica-bailarina-maiorca","status":"publish","type":"product","link":"https:\/\/olemosaic.orbitalia.org\/pt-pt\/produto\/base-de-copos-de-ceramica-bailarina-maiorca\/","title":{"rendered":"Base de copos de cer\u00e2mica. Bailarina. Maiorca."},"content":{"rendered":"<p>Esta pe\u00e7a excecional \u00e9 uma base de copos de cer\u00e2mica decorada com uma imagem vibrante de uma bailarina, que capta a ess\u00eancia da arte e da cultura de Maiorca. O seu design circular, com um acabamento brilhante, mistura uma variedade de cores vivas que evocam a alegria e a festividade das tradi\u00e7\u00f5es maiorquinas. No centro, destaca-se uma bailarina vestida com um traje de folhos multicoloridos, que real\u00e7a a sua energia e gra\u00e7a enquanto dan\u00e7a flamenco com for\u00e7a, rodeada de motivos florais que real\u00e7am o car\u00e1cter art\u00edstico do objeto.<\/p>\n<p>O fundo branco da base de copos contrasta com os detalhes em vermelho e o texto &#8220;MALLORCA&#8221;, criando uma pe\u00e7a que n\u00e3o s\u00f3 \u00e9 funcional \u2014 ideal para proteger as suas mesas de manchas e marcas \u2014, mas tamb\u00e9m um atrativo decorativo que adiciona um toque cultural a qualquer espa\u00e7o. Esta base de copos celebra o rico patrim\u00f3nio de Maiorca, tornando-se uma recorda\u00e7\u00e3o perfeita para os visitantes que procuram levar um peda\u00e7o aut\u00eantico da ilha.<\/p>\n<p>Na Ol\u00e9 Mosaic, especializamo-nos na distribui\u00e7\u00e3o de recorda\u00e7\u00f5es de cer\u00e2mica e outros artigos emblem\u00e1ticos, o que torna esta base de copos um produto excelente para lojas de presentes tur\u00edsticos que desejem oferecer artigos aut\u00eanticos e representativos das culturas locais. Como grossistas de souvenirs, garantimos qualidade, design \u00fanico e a autenticidade de cada uma das nossas pe\u00e7as.<\/p>\n","protected":false},"excerpt":{"rendered":"<p>Base de copos de cer\u00e2mica decorada com uma imagem vibrante de uma bailarina, inspirada na cultura maiorquina. Esta base de copos, de design circular, combina cores vivas e motivos florais, destacando a bailarina com um traje de folhos multicoloridos. A base branca real\u00e7a os detalhes em vermelho e o texto &#8220;MALLORCA&#8221;, evocando a ess\u00eancia festiva das tradi\u00e7\u00f5es locais. Ideal para adicionar um toque art\u00edstico \u00e0s suas mesas e proteg\u00ea-las de manchas.<\/p>\n","protected":false},"featured_media":13797,"template":"","meta":{"_acf_changed":false},"product_brand":[],"product_cat":[818],"product_tag":[515],"class_list":{"0":"post-27787","1":"product","2":"type-product","3":"status-publish","4":"has-post-thumbnail","6":"product_cat-bases-de-copos","7":"product_tag-ceramica","8":"pa_ciudad-mallorca","9":"pa_motivo-dancarinos","10":"pa_pais-espana","12":"first","13":"instock","14":"shipping-taxable","15":"product-type-simple"},"acf":[],"_links":{"self":[{"href":"https:\/\/olemosaic.orbitalia.org\/pt-pt\/wp-json\/wp\/v2\/product\/27787","targetHints":{"allow":["GET"]}}],"collection":[{"href":"https:\/\/olemosaic.orbitalia.org\/pt-pt\/wp-json\/wp\/v2\/product"}],"about":[{"href":"https:\/\/olemosaic.orbitalia.org\/pt-pt\/wp-json\/wp\/v2\/types\/product"}],"wp:featuredmedia":[{"embeddable":true,"href":"https:\/\/olemosaic.orbitalia.org\/pt-pt\/wp-json\/wp\/v2\/media\/13797"}],"wp:attachment":[{"href":"https:\/\/olemosaic.orbitalia.org\/pt-pt\/wp-json\/wp\/v2\/media?parent=27787"}],"wp:term":[{"taxonomy":"product_brand","embeddable":true,"href":"https:\/\/olemosaic.orbitalia.org\/pt-pt\/wp-json\/wp\/v2\/product_brand?post=27787"},{"taxonomy":"product_cat","embeddable":true,"href":"https:\/\/olemosaic.orbitalia.org\/pt-pt\/wp-json\/wp\/v2\/product_cat?post=27787"},{"taxonomy":"product_tag","embeddable":true,"href":"https:\/\/olemosaic.orbitalia.org\/pt-pt\/wp-json\/wp\/v2\/product_tag?post=27787"}],"curies":[{"name":"wp","href":"https:\/\/api.w.org\/{rel}","templated":true}]}}