{"id":27761,"date":"2025-02-20T22:29:10","date_gmt":"2025-02-20T22:29:10","guid":{"rendered":"https:\/\/olemosaic.orbitalia.org\/producto\/libreta-de-80-hojas-motivos-marinos-mallorca\/"},"modified":"2025-07-25T18:40:10","modified_gmt":"2025-07-25T16:40:10","slug":"caderno-de-80-folhas-motivos-marinhos-maiorca","status":"publish","type":"product","link":"https:\/\/olemosaic.orbitalia.org\/pt-pt\/produto\/caderno-de-80-folhas-motivos-marinhos-maiorca\/","title":{"rendered":"Caderno de 80 folhas. Motivos marinhos. Maiorca."},"content":{"rendered":"<p>Este caderno decorado com motivos marinhos \u00e9 uma recorda\u00e7\u00e3o vibrante e funcional que capta a ess\u00eancia de Maiorca. Com 80 folhas no seu interior, \u00e9 perfeito para registar pensamentos, mem\u00f3rias ou esbo\u00e7os inspirados na beleza natural da ilha. A capa apresenta uma explos\u00e3o de cor, destacando tartarugas, golfinhos e cavalos-marinhos, representados num estilo de mosaico que presta homenagem \u00e0 rica tradi\u00e7\u00e3o art\u00edstica do Mediterr\u00e2neo. Os elementos marinhos elevam-se sobre algas e um fundo azul intenso, evocando a tranquilidade das \u00e1guas de Maiorca e a sua fascinante vida aqu\u00e1tica.<\/p>\n<p>Al\u00e9m disso, o caderno conta com um atraente fecho el\u00e1stico numa vibrante cor vermelha, que confere funcionalidade e um toque est\u00e9tico adicional. Este artigo n\u00e3o \u00e9 apenas um acess\u00f3rio pr\u00e1tico para quem deseja levar um pedacinho da ilha, mas tamb\u00e9m um souvenir aut\u00eantico que reflete a beleza e diversidade do ambiente mar\u00edtimo de Maiorca. Na Ol\u00e9 Mosaic, especializados na distribui\u00e7\u00e3o de souvenirs por grosso, oferecemos este caderno de motivos marinhos como uma excelente op\u00e7\u00e3o para lojas de presentes tur\u00edsticos. \u00c9 a recorda\u00e7\u00e3o ideal para os visitantes que procuram captar a ess\u00eancia da ilha, desfrutando de um produto aut\u00eantico e de qualidade.<\/p>\n","protected":false},"excerpt":{"rendered":"<p>Caderno de 80 folhas decorado com vibrantes motivos marinhos, que evocam a beleza do ambiente aqu\u00e1tico de Maiorca. A capa apresenta um design colorido com tartarugas, golfinhos e cavalos-marinhos ao estilo mosaico, rodeados de algas e sobre um fundo azul intenso. Este artigo conta ainda com um fecho el\u00e1stico vermelho que lhe confere funcionalidade e um toque atraente. Ideal para levar os seus pensamentos e recorda\u00e7\u00f5es da ilha.<\/p>\n","protected":false},"featured_media":12036,"template":"","meta":{"_acf_changed":false},"product_brand":[],"product_cat":[808],"product_tag":[516],"class_list":{"0":"post-27761","1":"product","2":"type-product","3":"status-publish","4":"has-post-thumbnail","6":"product_cat-cadernos","7":"product_tag-animais","8":"pa_ciudad-mallorca","9":"pa_motivo-animais-marinhos","10":"pa_pais-espana","12":"first","13":"instock","14":"shipping-taxable","15":"product-type-simple"},"acf":[],"_links":{"self":[{"href":"https:\/\/olemosaic.orbitalia.org\/pt-pt\/wp-json\/wp\/v2\/product\/27761","targetHints":{"allow":["GET"]}}],"collection":[{"href":"https:\/\/olemosaic.orbitalia.org\/pt-pt\/wp-json\/wp\/v2\/product"}],"about":[{"href":"https:\/\/olemosaic.orbitalia.org\/pt-pt\/wp-json\/wp\/v2\/types\/product"}],"wp:featuredmedia":[{"embeddable":true,"href":"https:\/\/olemosaic.orbitalia.org\/pt-pt\/wp-json\/wp\/v2\/media\/12036"}],"wp:attachment":[{"href":"https:\/\/olemosaic.orbitalia.org\/pt-pt\/wp-json\/wp\/v2\/media?parent=27761"}],"wp:term":[{"taxonomy":"product_brand","embeddable":true,"href":"https:\/\/olemosaic.orbitalia.org\/pt-pt\/wp-json\/wp\/v2\/product_brand?post=27761"},{"taxonomy":"product_cat","embeddable":true,"href":"https:\/\/olemosaic.orbitalia.org\/pt-pt\/wp-json\/wp\/v2\/product_cat?post=27761"},{"taxonomy":"product_tag","embeddable":true,"href":"https:\/\/olemosaic.orbitalia.org\/pt-pt\/wp-json\/wp\/v2\/product_tag?post=27761"}],"curies":[{"name":"wp","href":"https:\/\/api.w.org\/{rel}","templated":true}]}}