{"id":27750,"date":"2025-02-20T23:29:10","date_gmt":"2025-02-20T22:29:10","guid":{"rendered":"https:\/\/olemosaic.orbitalia.org\/producto\/libreta-de-80-hojas-toros-2\/"},"modified":"2025-07-25T18:34:55","modified_gmt":"2025-07-25T16:34:55","slug":"caderno-de-80-folhas-touros-2","status":"publish","type":"product","link":"https:\/\/olemosaic.orbitalia.org\/pt-pt\/produto\/caderno-de-80-folhas-touros-2\/","title":{"rendered":"Caderno de 80 folhas. Touros. Espanha."},"content":{"rendered":"<p>Este caderno de 80 folhas apresenta uma vibrante ilustra\u00e7\u00e3o do ic\u00f3nico touro espanhol, desenhado num estilo de mosaico colorido que reflete a rica tradi\u00e7\u00e3o cultural de Espanha. A capa est\u00e1 decorada com um design din\u00e2mico que combina um sol estilizado e flores, tudo numa paleta de cores intensas que inclui verdes, vermelhos e azuis. Esta imagem cativante n\u00e3o s\u00f3 real\u00e7a a figura do touro, s\u00edmbolo de valentia e for\u00e7a na cultura espanhola, como tamb\u00e9m evoca o esp\u00edrito festivo e folcl\u00f3rico do pa\u00eds.<\/p>\n<p>Cada folha deste caderno destina-se a ser um ref\u00fagio para os seus pensamentos e mem\u00f3rias, capturando a ess\u00eancia do folclore espanhol com cada escrita. A pr\u00e1tica banda el\u00e1stica vermelha assegura que as p\u00e1ginas permane\u00e7am protegidas e organizadas, o que o torna numa op\u00e7\u00e3o funcional e atraente tanto para turistas como para locais. Como recorda\u00e7\u00e3o aut\u00eantica e representativa de Espanha, este produto n\u00e3o s\u00f3 oferece utilidade, como tamb\u00e9m um lembrete do rico patrim\u00f3nio cultural que envolve a na\u00e7\u00e3o.<\/p>\n<p>Na Ol\u00e9 Mosaic, somos especialistas na distribui\u00e7\u00e3o de souvenirs por grosso, e este caderno \u00e9 uma excelente op\u00e7\u00e3o para lojas de presentes tur\u00edsticos que procurem oferecer produtos \u00fanicos e de qualidade. Com o seu design muito especial e liga\u00e7\u00e3o cultural, este caderno \u00e9 sem d\u00favida uma magn\u00edfica recorda\u00e7\u00e3o de Espanha, perfeito para quem procura um souvenir memor\u00e1vel.<\/p>\n","protected":false},"excerpt":{"rendered":"<p>Caderno de 80 folhas com uma vibrante ilustra\u00e7\u00e3o do emblem\u00e1tico touro espanhol, representado num estilo de mosaico colorido que evoca a tradi\u00e7\u00e3o cultural de Espanha. A capa est\u00e1 decorada com um design din\u00e2mico que inclui um sol estilizado e flores, real\u00e7ando o uso de tons vivos como o verde, o vermelho e o azul. Com uma pr\u00e1tica banda el\u00e1stica vermelha para o manter fechado, este caderno \u00e9 ideal para anotar pensamentos e mem\u00f3rias, capturando a ess\u00eancia do folclore espanhol em cada p\u00e1gina.<\/p>\n","protected":false},"featured_media":9169,"template":"","meta":{"_acf_changed":false},"product_brand":[],"product_cat":[808],"product_tag":[516],"class_list":{"0":"post-27750","1":"product","2":"type-product","3":"status-publish","4":"has-post-thumbnail","6":"product_cat-cadernos","7":"product_tag-animais","8":"pa_motivo-touros","10":"first","11":"instock","12":"shipping-taxable","13":"product-type-simple"},"acf":[],"_links":{"self":[{"href":"https:\/\/olemosaic.orbitalia.org\/pt-pt\/wp-json\/wp\/v2\/product\/27750","targetHints":{"allow":["GET"]}}],"collection":[{"href":"https:\/\/olemosaic.orbitalia.org\/pt-pt\/wp-json\/wp\/v2\/product"}],"about":[{"href":"https:\/\/olemosaic.orbitalia.org\/pt-pt\/wp-json\/wp\/v2\/types\/product"}],"wp:featuredmedia":[{"embeddable":true,"href":"https:\/\/olemosaic.orbitalia.org\/pt-pt\/wp-json\/wp\/v2\/media\/9169"}],"wp:attachment":[{"href":"https:\/\/olemosaic.orbitalia.org\/pt-pt\/wp-json\/wp\/v2\/media?parent=27750"}],"wp:term":[{"taxonomy":"product_brand","embeddable":true,"href":"https:\/\/olemosaic.orbitalia.org\/pt-pt\/wp-json\/wp\/v2\/product_brand?post=27750"},{"taxonomy":"product_cat","embeddable":true,"href":"https:\/\/olemosaic.orbitalia.org\/pt-pt\/wp-json\/wp\/v2\/product_cat?post=27750"},{"taxonomy":"product_tag","embeddable":true,"href":"https:\/\/olemosaic.orbitalia.org\/pt-pt\/wp-json\/wp\/v2\/product_tag?post=27750"}],"curies":[{"name":"wp","href":"https:\/\/api.w.org\/{rel}","templated":true}]}}