{"id":27723,"date":"2025-02-20T22:29:09","date_gmt":"2025-02-20T22:29:09","guid":{"rendered":"https:\/\/olemosaic.orbitalia.org\/producto\/lata-inox-de-500-ml-salamandra-barcelona\/"},"modified":"2025-07-25T19:00:52","modified_gmt":"2025-07-25T17:00:52","slug":"lata-inox-de-500-ml-salamandra-barcelona-pt-pt","status":"publish","type":"product","link":"https:\/\/olemosaic.orbitalia.org\/pt-pt\/produto\/lata-inox-de-500-ml-salamandra-barcelona-pt-pt\/","title":{"rendered":"Lata inox. de 500 ml. Salamandra. Barcelona."},"content":{"rendered":"<p>Esta lata de a\u00e7o inoxid\u00e1vel de 500 ml, adornada com uma vibrante ilustra\u00e7\u00e3o de salamandras, captura a ess\u00eancia do famoso mosaico de Barcelona, tornando-a uma recorda\u00e7\u00e3o inesquec\u00edvel desta ic\u00f3nica cidade. Com um fundo branco que se destaca pela eleg\u00e2ncia, a lata apresenta intrincados detalhes em cores vivas que evocam as obras de Antoni Gaud\u00ed, um s\u00edmbolo indiscut\u00edvel do modernismo catal\u00e3o. As salamandras entrela\u00e7am-se num design art\u00edstico que n\u00e3o s\u00f3 \u00e9 visualmente surpreendente, como tamb\u00e9m reflete o engenho e a criatividade que caracteriza a arquitetura de Barcelona. Esta pe\u00e7a \u00e9 ideal para manter as suas bebidas frias, oferecendo funcionalidade sem sacrificar a arte; a sua constru\u00e7\u00e3o em a\u00e7o inoxid\u00e1vel garante durabilidade e resist\u00eancia, enquanto o seu design cativante a torna um excelente investimento para qualquer amante da cultura espanhola. Al\u00e9m disso, cada lata \u00e9 apresentada numa caixa decorativa, o que a torna perfeita para oferecer. Na Ol\u00e9 Mosaic, somos especialistas na distribui\u00e7\u00e3o de souvenirs por grosso, e esta lata representa uma op\u00e7\u00e3o ideal para lojas de presentes tur\u00edsticos que desejem oferecer produtos aut\u00eanticos e significativos, tornando-se um souvenir de destaque de Barcelona.<\/p>\n","protected":false},"excerpt":{"rendered":"<p>Lata de a\u00e7o inoxid\u00e1vel de 500 ml decorada com uma vibrante ilustra\u00e7\u00e3o de salamandras, inspirada no famoso mosaico de Barcelona. Este elegante recipiente apresenta um fundo branco com detalhes de cor que evocam a obra de Gaud\u00ed, real\u00e7ando o seu apelo visual. Ideal para manter as suas bebidas frias, combina funcionalidade e arte num design que captura a ess\u00eancia do modernismo catal\u00e3o. Apresentada numa caixa decorativa, \u00e9 um presente perfeito para os amantes da arte e da cultura espanhola.<\/p>\n","protected":false},"featured_media":11156,"template":"","meta":{"_acf_changed":false},"product_brand":[],"product_cat":[805],"product_tag":[516],"class_list":{"0":"post-27723","1":"product","2":"type-product","3":"status-publish","4":"has-post-thumbnail","6":"product_cat-latas","7":"product_tag-animais","8":"pa_ciudad-barcelona","9":"pa_motivo-salamandras","10":"pa_pais-espana","12":"first","13":"instock","14":"shipping-taxable","15":"product-type-simple"},"acf":[],"_links":{"self":[{"href":"https:\/\/olemosaic.orbitalia.org\/pt-pt\/wp-json\/wp\/v2\/product\/27723","targetHints":{"allow":["GET"]}}],"collection":[{"href":"https:\/\/olemosaic.orbitalia.org\/pt-pt\/wp-json\/wp\/v2\/product"}],"about":[{"href":"https:\/\/olemosaic.orbitalia.org\/pt-pt\/wp-json\/wp\/v2\/types\/product"}],"wp:featuredmedia":[{"embeddable":true,"href":"https:\/\/olemosaic.orbitalia.org\/pt-pt\/wp-json\/wp\/v2\/media\/11156"}],"wp:attachment":[{"href":"https:\/\/olemosaic.orbitalia.org\/pt-pt\/wp-json\/wp\/v2\/media?parent=27723"}],"wp:term":[{"taxonomy":"product_brand","embeddable":true,"href":"https:\/\/olemosaic.orbitalia.org\/pt-pt\/wp-json\/wp\/v2\/product_brand?post=27723"},{"taxonomy":"product_cat","embeddable":true,"href":"https:\/\/olemosaic.orbitalia.org\/pt-pt\/wp-json\/wp\/v2\/product_cat?post=27723"},{"taxonomy":"product_tag","embeddable":true,"href":"https:\/\/olemosaic.orbitalia.org\/pt-pt\/wp-json\/wp\/v2\/product_tag?post=27723"}],"curies":[{"name":"wp","href":"https:\/\/api.w.org\/{rel}","templated":true}]}}