{"id":27712,"date":"2025-02-20T23:29:08","date_gmt":"2025-02-20T22:29:08","guid":{"rendered":"https:\/\/olemosaic.orbitalia.org\/producto\/jarra-de-ceramica-toro-beige\/"},"modified":"2025-07-25T18:32:48","modified_gmt":"2025-07-25T16:32:48","slug":"jarra-de-ceramica-touro-bege","status":"publish","type":"product","link":"https:\/\/olemosaic.orbitalia.org\/pt-pt\/produto\/jarra-de-ceramica-touro-bege\/","title":{"rendered":"Jarra de cer\u00e2mica. Touro. Bege."},"content":{"rendered":"<p>Esta colorida jarra de cer\u00e2mica \u00e9 uma aut\u00eantica homenagem ao folclore espanhol, ideal para quem procura souvenirs aut\u00eanticos que captem a ess\u00eancia de Espanha. Decorada com um design vibrante de touros, esta pe\u00e7a \u00e9 um exemplo perfeito da destreza artesanal que caracteriza a cer\u00e2mica espanhola. O fundo bege proporciona um contraste elegante que real\u00e7a as variadas cores dos touros, pintados em tons azuis, vermelhos e verdes, refletindo a alegria e vitalidade da cultura local. Os motivos florais, tamb\u00e9m em tons vibrantes, acrescentam um toque de frescura e naturalidade, enquanto a forma distinta da jarra, com a sua elegante asa vermelha, a torna uma pe\u00e7a tanto funcional como decorativa.<\/p>\n<p>O acabamento brilhante n\u00e3o s\u00f3 real\u00e7a as cores vivas, como tamb\u00e9m assegura a durabilidade da jarra, permitindo o seu uso em qualquer ocasi\u00e3o, seja para servir bebidas ou como elemento decorativo de grande valor est\u00e9tico. Como s\u00edmbolo do patrim\u00f3nio cultural espanhol, esta jarra representa o amor pela festa e pela tradi\u00e7\u00e3o, tornando-a um presente ideal para turistas que desejam levar um peda\u00e7o de Espanha. Na Ol\u00e9 Mosaic, como grossista de souvenirs aut\u00eanticos, oferecemos produtos que celebram a tradi\u00e7\u00e3o e a artesania local, e esta jarra de cer\u00e2mica \u00e9 uma escolha excecional para lojas de presentes tur\u00edsticos que procuram artigos significativos e representativos da cultura espanhola.<\/p>\n","protected":false},"excerpt":{"rendered":"<p>Jarra de cer\u00e2mica colorida, decorada com um design vibrante de touros que evocam o folclore espanhol. Este atraente recipiente, de design artesanal e pintado \u00e0 m\u00e3o, apresenta motivos florais em tons vermelhos e verdes sobre um fundo bege que real\u00e7a os seus detalhes art\u00edsticos. Com um acabamento brilhante e uma forma distinta, esta jarra n\u00e3o s\u00f3 \u00e9 funcional, como tamb\u00e9m uma bela recorda\u00e7\u00e3o de Espanha, ideal para qualquer mesa ou como pe\u00e7a decorativa.<\/p>\n","protected":false},"featured_media":7283,"template":"","meta":{"_acf_changed":false},"product_brand":[],"product_cat":[669],"product_tag":[516,515],"class_list":{"0":"post-27712","1":"product","2":"type-product","3":"status-publish","4":"has-post-thumbnail","6":"product_cat-jarras","7":"product_tag-animais","8":"product_tag-ceramica","9":"pa_motivo-touros","11":"first","12":"instock","13":"shipping-taxable","14":"product-type-simple"},"acf":[],"_links":{"self":[{"href":"https:\/\/olemosaic.orbitalia.org\/pt-pt\/wp-json\/wp\/v2\/product\/27712","targetHints":{"allow":["GET"]}}],"collection":[{"href":"https:\/\/olemosaic.orbitalia.org\/pt-pt\/wp-json\/wp\/v2\/product"}],"about":[{"href":"https:\/\/olemosaic.orbitalia.org\/pt-pt\/wp-json\/wp\/v2\/types\/product"}],"wp:featuredmedia":[{"embeddable":true,"href":"https:\/\/olemosaic.orbitalia.org\/pt-pt\/wp-json\/wp\/v2\/media\/7283"}],"wp:attachment":[{"href":"https:\/\/olemosaic.orbitalia.org\/pt-pt\/wp-json\/wp\/v2\/media?parent=27712"}],"wp:term":[{"taxonomy":"product_brand","embeddable":true,"href":"https:\/\/olemosaic.orbitalia.org\/pt-pt\/wp-json\/wp\/v2\/product_brand?post=27712"},{"taxonomy":"product_cat","embeddable":true,"href":"https:\/\/olemosaic.orbitalia.org\/pt-pt\/wp-json\/wp\/v2\/product_cat?post=27712"},{"taxonomy":"product_tag","embeddable":true,"href":"https:\/\/olemosaic.orbitalia.org\/pt-pt\/wp-json\/wp\/v2\/product_tag?post=27712"}],"curies":[{"name":"wp","href":"https:\/\/api.w.org\/{rel}","templated":true}]}}