{"id":27646,"date":"2025-02-20T22:29:05","date_gmt":"2025-02-20T22:29:05","guid":{"rendered":"https:\/\/olemosaic.orbitalia.org\/producto\/funda-de-telefono-para-samsung-a54-tpu-mosaico-azul\/"},"modified":"2025-07-25T19:08:55","modified_gmt":"2025-07-25T17:08:55","slug":"capa-de-telemovel-para-samsung-a54-tpu-mosaico-azul","status":"publish","type":"product","link":"https:\/\/olemosaic.orbitalia.org\/pt-pt\/produto\/capa-de-telemovel-para-samsung-a54-tpu-mosaico-azul\/","title":{"rendered":"Capa de telem\u00f3vel para Samsung A54 (TPU). Mosaico. Azul"},"content":{"rendered":"<p>Esta capa para o telem\u00f3vel Samsung A54 \u00e9 o complemento perfeito para quem deseja fundir estilo e prote\u00e7\u00e3o no seu dia a dia. Fabricada em TPU flex\u00edvel, esta capa assegura uma durabilidade excecional contra impactos e riscos, protegendo eficazmente o seu dispositivo e adicionando um toque art\u00edstico \u00e0 sua vida. O seu design cativante apresenta um padr\u00e3o de mosaico em tons azuis, enriquecido com um motivo estilizado em branco que recorda a ic\u00f3nica arte do trencad\u00eds, tipicamente associada \u00e0 magia da arquitetura de Gaud\u00ed em Barcelona. Esta abordagem art\u00edstica n\u00e3o s\u00f3 embeleza a capa, mas tamb\u00e9m a torna uma aut\u00eantica homenagem \u00e0 rica heran\u00e7a cultural da capital catal\u00e3. Sendo uma op\u00e7\u00e3o de recorda\u00e7\u00e3o aut\u00eantica e representativa, \u00e9 ideal para turistas que procuram uma lembran\u00e7a significativa da sua viagem a Espanha. Na Ol\u00e9 Mosaic, somos distribuidores de artigos \u00fanicos por grosso, e esta capa de mosaico revela-se uma excelente adi\u00e7\u00e3o para lojas de presentes tur\u00edsticos que procuram produtos que combinam funcionalidade e beleza cultural.<\/p>\n","protected":false},"excerpt":{"rendered":"<p>Capa para telem\u00f3vel Samsung A54, fabricada em TPU e adornada com um atraente design de mosaico em tons azuis. Esta capa apresenta um padr\u00e3o branco estilizado que evoca a famosa arte do trencad\u00eds, caracter\u00edstica da arquitetura de Gaud\u00ed em Barcelona. O seu material flex\u00edvel proporciona uma prote\u00e7\u00e3o duradoura contra impactos e riscos, enquanto o seu design moderno confere um toque art\u00edstico, ideal para quem procura funcionalidade e estilo no seu dia a dia.<\/p>\n","protected":false},"featured_media":12589,"template":"","meta":{"_acf_changed":false},"product_brand":[],"product_cat":[685],"product_tag":[],"class_list":{"0":"post-27646","1":"product","2":"type-product","3":"status-publish","4":"has-post-thumbnail","6":"product_cat-capas-para-telemoveis","7":"pa_motivo-mosaico","9":"first","10":"instock","11":"shipping-taxable","12":"product-type-simple"},"acf":[],"_links":{"self":[{"href":"https:\/\/olemosaic.orbitalia.org\/pt-pt\/wp-json\/wp\/v2\/product\/27646","targetHints":{"allow":["GET"]}}],"collection":[{"href":"https:\/\/olemosaic.orbitalia.org\/pt-pt\/wp-json\/wp\/v2\/product"}],"about":[{"href":"https:\/\/olemosaic.orbitalia.org\/pt-pt\/wp-json\/wp\/v2\/types\/product"}],"wp:featuredmedia":[{"embeddable":true,"href":"https:\/\/olemosaic.orbitalia.org\/pt-pt\/wp-json\/wp\/v2\/media\/12589"}],"wp:attachment":[{"href":"https:\/\/olemosaic.orbitalia.org\/pt-pt\/wp-json\/wp\/v2\/media?parent=27646"}],"wp:term":[{"taxonomy":"product_brand","embeddable":true,"href":"https:\/\/olemosaic.orbitalia.org\/pt-pt\/wp-json\/wp\/v2\/product_brand?post=27646"},{"taxonomy":"product_cat","embeddable":true,"href":"https:\/\/olemosaic.orbitalia.org\/pt-pt\/wp-json\/wp\/v2\/product_cat?post=27646"},{"taxonomy":"product_tag","embeddable":true,"href":"https:\/\/olemosaic.orbitalia.org\/pt-pt\/wp-json\/wp\/v2\/product_tag?post=27646"}],"curies":[{"name":"wp","href":"https:\/\/api.w.org\/{rel}","templated":true}]}}