{"id":27644,"date":"2025-02-20T22:29:05","date_gmt":"2025-02-20T22:29:05","guid":{"rendered":"https:\/\/olemosaic.orbitalia.org\/producto\/funda-de-telefono-para-samsung-a54-tpu-panoramica-barcelona-azul\/"},"modified":"2025-07-25T19:44:09","modified_gmt":"2025-07-25T17:44:09","slug":"capa-para-telemovel-samsung-a54-tpu-panoramica-barcelona-azul","status":"publish","type":"product","link":"https:\/\/olemosaic.orbitalia.org\/pt-pt\/produto\/capa-para-telemovel-samsung-a54-tpu-panoramica-barcelona-azul\/","title":{"rendered":"Capa para telem\u00f3vel Samsung A54 (TPU). Panor\u00e2mica. Barcelona. Azul"},"content":{"rendered":"<p>Esta capa para o telem\u00f3vel Samsung A54 \u00e9 o acess\u00f3rio ideal para quem quer levar um peda\u00e7o da vibrante Barcelona no seu dia a dia. Fabricada em TPU de alta qualidade, oferece uma prote\u00e7\u00e3o eficaz contra golpes e quedas, ao mesmo tempo que se destaca pelo seu design fresco e moderno. A capa apresenta uma panor\u00e2mica colorida de Barcelona, onde os ic\u00f3nicos edif\u00edcios da cidade se erguem em tons azuis e detalhes brilhantes que evocam o c\u00e9lebre mosaico do Parque G\u00fcell. A palavra &#8220;Barcelona&#8221; integra-se artisticamente na composi\u00e7\u00e3o, adicionando um toque distintivo que real\u00e7a a ess\u00eancia cultural da capital catal\u00e3.<\/p>\n<p>O fundo azul suave complementa maravilhosamente os elementos arquitet\u00f3nicos emblem\u00e1ticos, como a Sagrada Fam\u00edlia e o Parque G\u00fcell, convertendo esta capa numa representa\u00e7\u00e3o visual \u00fanica da rica heran\u00e7a art\u00edstica da cidade. Esta recorda\u00e7\u00e3o, para al\u00e9m de ser um simples acess\u00f3rio, \u00e9 uma lembran\u00e7a constante da beleza e da vida vibrante de Barcelona, tornando-a numa excelente op\u00e7\u00e3o para turistas que procuram algo aut\u00eantico e representativo. Na Ol\u00e9 Mosaic, especializamo-nos na distribui\u00e7\u00e3o de recorda\u00e7\u00f5es por grosso, e esta capa \u00e9 uma op\u00e7\u00e3o irresist\u00edvel para lojas de presentes tur\u00edsticos que desejam oferecer produtos \u00fanicos, funcionais e culturalmente significativos.<\/p>\n","protected":false},"excerpt":{"rendered":"<p>Capa para telem\u00f3vel Samsung A54 de TPU, com uma vibrante panor\u00e2mica de Barcelona em tons azuis. Este design destaca as silhuetas ic\u00f3nicas da cidade, incluindo edif\u00edcios emblem\u00e1ticos e detalhes coloridos que evocam os mosaicos do Parque G\u00fcell. A palavra &#8220;Barcelona&#8221; aparece de forma art\u00edstica e colorida, complementando a cena. Ideal para quem deseja personalizar o seu dispositivo com um toque cultural e moderno da capital catal\u00e3.<\/p>\n","protected":false},"featured_media":12584,"template":"","meta":{"_acf_changed":false},"product_brand":[],"product_cat":[685],"product_tag":[],"class_list":{"0":"post-27644","1":"product","2":"type-product","3":"status-publish","4":"has-post-thumbnail","6":"product_cat-capas-para-telemoveis","7":"pa_ciudad-barcelona","8":"pa_motivo-panoramas","9":"pa_pais-espana","11":"first","12":"instock","13":"shipping-taxable","14":"product-type-simple"},"acf":[],"_links":{"self":[{"href":"https:\/\/olemosaic.orbitalia.org\/pt-pt\/wp-json\/wp\/v2\/product\/27644","targetHints":{"allow":["GET"]}}],"collection":[{"href":"https:\/\/olemosaic.orbitalia.org\/pt-pt\/wp-json\/wp\/v2\/product"}],"about":[{"href":"https:\/\/olemosaic.orbitalia.org\/pt-pt\/wp-json\/wp\/v2\/types\/product"}],"wp:featuredmedia":[{"embeddable":true,"href":"https:\/\/olemosaic.orbitalia.org\/pt-pt\/wp-json\/wp\/v2\/media\/12584"}],"wp:attachment":[{"href":"https:\/\/olemosaic.orbitalia.org\/pt-pt\/wp-json\/wp\/v2\/media?parent=27644"}],"wp:term":[{"taxonomy":"product_brand","embeddable":true,"href":"https:\/\/olemosaic.orbitalia.org\/pt-pt\/wp-json\/wp\/v2\/product_brand?post=27644"},{"taxonomy":"product_cat","embeddable":true,"href":"https:\/\/olemosaic.orbitalia.org\/pt-pt\/wp-json\/wp\/v2\/product_cat?post=27644"},{"taxonomy":"product_tag","embeddable":true,"href":"https:\/\/olemosaic.orbitalia.org\/pt-pt\/wp-json\/wp\/v2\/product_tag?post=27644"}],"curies":[{"name":"wp","href":"https:\/\/api.w.org\/{rel}","templated":true}]}}