{"id":27641,"date":"2025-02-20T22:29:05","date_gmt":"2025-02-20T22:29:05","guid":{"rendered":"https:\/\/olemosaic.orbitalia.org\/producto\/funda-de-telefono-para-samsung-a34-tpu-forjas-azul\/"},"modified":"2025-07-25T20:21:08","modified_gmt":"2025-07-25T18:21:08","slug":"capa-para-telemovel-samsung-a34-tpu-forjas-azul","status":"publish","type":"product","link":"https:\/\/olemosaic.orbitalia.org\/pt-pt\/produto\/capa-para-telemovel-samsung-a34-tpu-forjas-azul\/","title":{"rendered":"Capa para telem\u00f3vel Samsung A34 (TPU). Forjas. Azul"},"content":{"rendered":"<p>Esta capa para o telem\u00f3vel Samsung A34 \u00e9 um artigo encantador e de grande qualidade que combina funcionalidade e est\u00e9tica. Elaborada em TPU, oferece uma durabilidade excecional e uma prote\u00e7\u00e3o fi\u00e1vel contra quedas e riscos. O seu design elegante num azul profundo evoca a rica tradi\u00e7\u00e3o da arte espanhola, enquanto o intrincado padr\u00e3o de forja em cor branca real\u00e7a o seu apelo visual. Este motivo, uma homenagem \u00e0s antigas t\u00e9cnicas artesanais, presta tributo \u00e0 heran\u00e7a cultural que define tantas regi\u00f5es de Espanha.<\/p>\n<p>A forma ajustada da capa assegura que se adapte perfeitamente ao Samsung A34, permitindo um f\u00e1cil acesso a todos os bot\u00f5es e portas sem comprometer a prote\u00e7\u00e3o. O seu acabamento suave n\u00e3o s\u00f3 proporciona conforto ao toque, como tamb\u00e9m adiciona um toque art\u00edstico que transforma um acess\u00f3rio quotidiano numa pe\u00e7a de express\u00e3o cultural. Este produto \u00e9 uma op\u00e7\u00e3o ideal para aqueles turistas que procuram recorda\u00e7\u00f5es aut\u00eanticas que representem a ess\u00eancia de Espanha, fundindo a arte e a funcionalidade.<\/p>\n<p>Na Ol\u00e9 Mosaic, orgulhamo-nos de oferecer acess\u00f3rios \u00fanicos por grosso que celebram a riqueza do patrim\u00f3nio cultural, como esta preciosa capa. \u00c9 um presente perfeito e uma recorda\u00e7\u00e3o representativa para quem deseje levar um peda\u00e7o de Espanha consigo, tornando-a num exemplar destacado dentro da sua cole\u00e7\u00e3o de recorda\u00e7\u00f5es.<\/p>\n","protected":false},"excerpt":{"rendered":"<p>Capa para telem\u00f3vel Samsung A34, fabricada em TPU com um elegante design em azul. Esta capa apresenta um intrincado padr\u00e3o de forja em cor branca, que evoca a riqueza da arte tradicional espanhola. A sua forma ajustada oferece uma prote\u00e7\u00e3o fi\u00e1vel, enquanto o acabamento suave real\u00e7a a sua est\u00e9tica visual. Ideal para quem procura um acess\u00f3rio funcional que tamb\u00e9m aporte um toque art\u00edstico e cultural ao seu dispositivo.<\/p>\n","protected":false},"featured_media":12568,"template":"","meta":{"_acf_changed":false},"product_brand":[],"product_cat":[685],"product_tag":[],"class_list":{"0":"post-27641","1":"product","2":"type-product","3":"status-publish","4":"has-post-thumbnail","6":"product_cat-capas-para-telemoveis","7":"pa_motivo-forjas","9":"first","10":"instock","11":"shipping-taxable","12":"product-type-simple"},"acf":[],"_links":{"self":[{"href":"https:\/\/olemosaic.orbitalia.org\/pt-pt\/wp-json\/wp\/v2\/product\/27641","targetHints":{"allow":["GET"]}}],"collection":[{"href":"https:\/\/olemosaic.orbitalia.org\/pt-pt\/wp-json\/wp\/v2\/product"}],"about":[{"href":"https:\/\/olemosaic.orbitalia.org\/pt-pt\/wp-json\/wp\/v2\/types\/product"}],"wp:featuredmedia":[{"embeddable":true,"href":"https:\/\/olemosaic.orbitalia.org\/pt-pt\/wp-json\/wp\/v2\/media\/12568"}],"wp:attachment":[{"href":"https:\/\/olemosaic.orbitalia.org\/pt-pt\/wp-json\/wp\/v2\/media?parent=27641"}],"wp:term":[{"taxonomy":"product_brand","embeddable":true,"href":"https:\/\/olemosaic.orbitalia.org\/pt-pt\/wp-json\/wp\/v2\/product_brand?post=27641"},{"taxonomy":"product_cat","embeddable":true,"href":"https:\/\/olemosaic.orbitalia.org\/pt-pt\/wp-json\/wp\/v2\/product_cat?post=27641"},{"taxonomy":"product_tag","embeddable":true,"href":"https:\/\/olemosaic.orbitalia.org\/pt-pt\/wp-json\/wp\/v2\/product_tag?post=27641"}],"curies":[{"name":"wp","href":"https:\/\/api.w.org\/{rel}","templated":true}]}}