{"id":27634,"date":"2025-02-20T22:29:04","date_gmt":"2025-02-20T22:29:04","guid":{"rendered":"https:\/\/olemosaic.orbitalia.org\/producto\/funda-de-telefono-para-samsung-a34-tpu-abstracto-verde\/"},"modified":"2025-07-25T18:57:42","modified_gmt":"2025-07-25T16:57:42","slug":"capa-de-telemovel-para-samsung-a34-tpu-abstrato-verde","status":"publish","type":"product","link":"https:\/\/olemosaic.orbitalia.org\/pt-pt\/produto\/capa-de-telemovel-para-samsung-a34-tpu-abstrato-verde\/","title":{"rendered":"Capa de telem\u00f3vel para Samsung A34 (TPU). Abstrato. Verde"},"content":{"rendered":"<p>Esta capa para o telem\u00f3vel Samsung A34 \u00e9 a combina\u00e7\u00e3o perfeita de estilo e funcionalidade, ideal para quem procura um acess\u00f3rio moderno e vibrante. Fabricada em TPU flex\u00edvel, esta capa assegura uma excelente prote\u00e7\u00e3o contra choques e riscos, mantendo o seu dispositivo seguro ao mesmo tempo que desfruta de um design art\u00edstico e colorido. O motivo abstrato que a adorna apresenta uma elegante mistura de tons verdes, vermelhos, amarelos e azuis que fluem num padr\u00e3o ondulante, evocando uma sensa\u00e7\u00e3o de movimento e vitalidade. Cada curva e cada matiz de cor entrela\u00e7am-se para criar um efeito visual cativante que alegrar\u00e1 o seu dia a dia e destacar\u00e1 a sua personalidade.<\/p>\n<p>Esta capa n\u00e3o s\u00f3 \u00e9 um excelente acess\u00f3rio para o seu telem\u00f3vel, como tamb\u00e9m representa uma tend\u00eancia art\u00edstica contempor\u00e2nea que capta a ess\u00eancia da modernidade. Como souvenir de alta qualidade, \u00e9 um presente perfeito para quem deseja levar consigo um peda\u00e7o de arte na sua vida quotidiana. Na Ol\u00e9 Mosaic, o nosso compromisso \u00e9 oferecer produtos \u00fanicos destinados \u00e0s lojas de recorda\u00e7\u00f5es tur\u00edsticas. Esta capa de telem\u00f3vel \u00e9 uma op\u00e7\u00e3o excecional para qualquer estabelecimento que procure artigos chamativos e de qualidade. Com a nossa distribui\u00e7\u00e3o por grosso, garantimos a autenticidade de cada pe\u00e7a, assegurando que cada cliente leva uma recorda\u00e7\u00e3o representativa que combina estilo e prote\u00e7\u00e3o.<\/p>\n","protected":false},"excerpt":{"rendered":"<p>Capa para o telem\u00f3vel Samsung A34, fabricada em TPU com um design abstrato e cheio de cores vibrantes. Destaca-se pela sua elegante combina\u00e7\u00e3o de tons verdes, vermelhos, amarelos e azuis que fluem num padr\u00e3o ondulado, conferindo um toque art\u00edstico e moderno ao seu dispositivo. O seu material flex\u00edvel garante uma excelente prote\u00e7\u00e3o contra choques e riscos, assegurando que o seu telem\u00f3vel esteja na moda e protegido ao mesmo tempo. Ideal para quem procura um estilo \u00fanico e colorido.<\/p>\n","protected":false},"featured_media":12561,"template":"","meta":{"_acf_changed":false},"product_brand":[],"product_cat":[685],"product_tag":[],"class_list":{"0":"post-27634","1":"product","2":"type-product","3":"status-publish","4":"has-post-thumbnail","6":"product_cat-capas-para-telemoveis","7":"pa_motivo-resumo","9":"first","10":"instock","11":"shipping-taxable","12":"product-type-simple"},"acf":[],"_links":{"self":[{"href":"https:\/\/olemosaic.orbitalia.org\/pt-pt\/wp-json\/wp\/v2\/product\/27634","targetHints":{"allow":["GET"]}}],"collection":[{"href":"https:\/\/olemosaic.orbitalia.org\/pt-pt\/wp-json\/wp\/v2\/product"}],"about":[{"href":"https:\/\/olemosaic.orbitalia.org\/pt-pt\/wp-json\/wp\/v2\/types\/product"}],"wp:featuredmedia":[{"embeddable":true,"href":"https:\/\/olemosaic.orbitalia.org\/pt-pt\/wp-json\/wp\/v2\/media\/12561"}],"wp:attachment":[{"href":"https:\/\/olemosaic.orbitalia.org\/pt-pt\/wp-json\/wp\/v2\/media?parent=27634"}],"wp:term":[{"taxonomy":"product_brand","embeddable":true,"href":"https:\/\/olemosaic.orbitalia.org\/pt-pt\/wp-json\/wp\/v2\/product_brand?post=27634"},{"taxonomy":"product_cat","embeddable":true,"href":"https:\/\/olemosaic.orbitalia.org\/pt-pt\/wp-json\/wp\/v2\/product_cat?post=27634"},{"taxonomy":"product_tag","embeddable":true,"href":"https:\/\/olemosaic.orbitalia.org\/pt-pt\/wp-json\/wp\/v2\/product_tag?post=27634"}],"curies":[{"name":"wp","href":"https:\/\/api.w.org\/{rel}","templated":true}]}}