{"id":27579,"date":"2025-02-20T22:29:03","date_gmt":"2025-02-20T22:29:03","guid":{"rendered":"https:\/\/olemosaic.orbitalia.org\/producto\/funda-de-telefono-para-samsung-a14-tpu-salamandra-barcelona-blanco\/"},"modified":"2025-07-25T19:10:59","modified_gmt":"2025-07-25T17:10:59","slug":"capa-para-telemovel-para-samsung-a14-tpu-salamandra-barcelona-branco","status":"publish","type":"product","link":"https:\/\/olemosaic.orbitalia.org\/pt-pt\/produto\/capa-para-telemovel-para-samsung-a14-tpu-salamandra-barcelona-branco\/","title":{"rendered":"Capa para telem\u00f3vel para Samsung A14 (TPU). Salamandra. Barcelona. Branco"},"content":{"rendered":"<p>Esta capa para telem\u00f3vel Samsung A14 \u00e9 um acess\u00f3rio vibrante que captura a ess\u00eancia art\u00edstica de Barcelona, inspirada nos ic\u00f3nicos mosaicos de Gaud\u00ed. Confecionada em TPU de alta qualidade, oferece uma prote\u00e7\u00e3o ideal ao seu dispositivo, ao mesmo tempo que lhe confere um estilo \u00fanico e colorido. O seu fundo branco real\u00e7a o design de salamandras e flores que adornam a superf\u00edcie, criando um contraste visual impressionante. Os detalhes multicoloridos, com tons intensos de azul, vermelho e verde, evocam o caracter\u00edstico uso da cor nas obras de arte da cidade, convertendo esta capa numa aut\u00eantica homenagem \u00e0 criatividade do modernismo catal\u00e3o.<\/p>\n<p>A palavra &#8220;Barcelona&#8221;, impressa em cores chamativas, acrescenta um toque contempor\u00e2neo e atraente, transformando o seu telem\u00f3vel numa recorda\u00e7\u00e3o di\u00e1ria desta cidade vibrante. Este souvenir \u00e9 perfeito para quem deseja levar um peda\u00e7o da cultura barcelonesa consigo e \u00e9 uma excelente op\u00e7\u00e3o para lojas de presentes tur\u00edsticos que procurem artigos aut\u00eanticos e representativos da regi\u00e3o. Na Ol\u00e9 Mosaic, especializamo-nos na distribui\u00e7\u00e3o de souvenirs de Barcelona por grosso, oferecendo produtos que s\u00e3o, n\u00e3o s\u00f3 funcionais, mas tamb\u00e9m cheios de hist\u00f3ria e tradi\u00e7\u00e3o, ideais para turistas que procuram recorda\u00e7\u00f5es \u00fanicas.<\/p>\n","protected":false},"excerpt":{"rendered":"<p>Capa para telem\u00f3vel para Samsung A14 de TPU, decorada com um design vibrante de salamandras e flores, inspirado no famoso mosaico de Barcelona. Este acess\u00f3rio destaca-se pelo seu fundo branco e detalhes multicoloridos que evocam o estilo art\u00edstico de Gaud\u00ed. A palavra &#8220;Barcelona&#8221; est\u00e1 impressa em cores chamativas, acrescentando um toque moderno e atraente. Ideal para proteger o seu dispositivo ao mesmo tempo que celebra a ess\u00eancia da arte e da cultura desta cidade ic\u00f3nica.<\/p>\n","protected":false},"featured_media":12535,"template":"","meta":{"_acf_changed":false},"product_brand":[],"product_cat":[685],"product_tag":[516],"class_list":{"0":"post-27579","1":"product","2":"type-product","3":"status-publish","4":"has-post-thumbnail","6":"product_cat-capas-para-telemoveis","7":"product_tag-animais","8":"pa_ciudad-barcelona","9":"pa_motivo-salamandras","10":"pa_pais-espana","12":"first","13":"instock","14":"shipping-taxable","15":"product-type-simple"},"acf":[],"_links":{"self":[{"href":"https:\/\/olemosaic.orbitalia.org\/pt-pt\/wp-json\/wp\/v2\/product\/27579","targetHints":{"allow":["GET"]}}],"collection":[{"href":"https:\/\/olemosaic.orbitalia.org\/pt-pt\/wp-json\/wp\/v2\/product"}],"about":[{"href":"https:\/\/olemosaic.orbitalia.org\/pt-pt\/wp-json\/wp\/v2\/types\/product"}],"wp:featuredmedia":[{"embeddable":true,"href":"https:\/\/olemosaic.orbitalia.org\/pt-pt\/wp-json\/wp\/v2\/media\/12535"}],"wp:attachment":[{"href":"https:\/\/olemosaic.orbitalia.org\/pt-pt\/wp-json\/wp\/v2\/media?parent=27579"}],"wp:term":[{"taxonomy":"product_brand","embeddable":true,"href":"https:\/\/olemosaic.orbitalia.org\/pt-pt\/wp-json\/wp\/v2\/product_brand?post=27579"},{"taxonomy":"product_cat","embeddable":true,"href":"https:\/\/olemosaic.orbitalia.org\/pt-pt\/wp-json\/wp\/v2\/product_cat?post=27579"},{"taxonomy":"product_tag","embeddable":true,"href":"https:\/\/olemosaic.orbitalia.org\/pt-pt\/wp-json\/wp\/v2\/product_tag?post=27579"}],"curies":[{"name":"wp","href":"https:\/\/api.w.org\/{rel}","templated":true}]}}