{"id":27576,"date":"2025-02-20T22:29:03","date_gmt":"2025-02-20T22:29:03","guid":{"rendered":"https:\/\/olemosaic.orbitalia.org\/producto\/funda-de-telefono-para-samsung-a14-tpu-abstracto-negro\/"},"modified":"2025-07-25T22:57:17","modified_gmt":"2025-07-25T20:57:17","slug":"capa-para-telemovel-para-samsung-a14-tpu-abstrato-preto","status":"publish","type":"product","link":"https:\/\/olemosaic.orbitalia.org\/pt-pt\/produto\/capa-para-telemovel-para-samsung-a14-tpu-abstrato-preto\/","title":{"rendered":"Capa para telem\u00f3vel para Samsung A14 (TPU). Abstrato. Preto"},"content":{"rendered":"<p>Esta capa para o telem\u00f3vel Samsung A14 \u00e9 o acess\u00f3rio perfeito para quem aprecia um estilo contempor\u00e2neo e art\u00edstico. Elaborada em TPU de alta qualidade, oferece uma prote\u00e7\u00e3o eficaz contra choques e riscos, assegurando que o seu dispositivo mantenha um aspeto impec\u00e1vel. O seu design abstrato combina linhas de cores vibrantes \u2014 vermelho, azul, verde e amarelo \u2014 entrela\u00e7adas sobre um fundo preto, criando um efeito visual din\u00e2mico que atrai o olhar. As suaves curvas de luz que adornam a superf\u00edcie n\u00e3o s\u00f3 acrescentam um toque de modernidade, como tamb\u00e9m refletem uma est\u00e9tica vibrante e en\u00e9rgica, ideal para quem deseja destacar a sua personalidade e estilo.<\/p>\n<p>Este design n\u00e3o s\u00f3 \u00e9 atraente, como tamb\u00e9m captura o esp\u00edrito de um estilo de vida contempor\u00e2neo, convertendo cada chamada ou mensagem numa experi\u00eancia visualmente apelativa. Perfeita como souvenir para turistas que procuram uma recorda\u00e7\u00e3o moderna e distintiva, esta capa \u00e9 uma aut\u00eantica representa\u00e7\u00e3o da criatividade e do design inovador da regi\u00e3o. Na Ol\u00e9 Mosaic, como grossista de capas de telem\u00f3vel, oferecemos produtos de qualidade, ideais para lojas de presentes tur\u00edsticos que desejam oferecer artigos \u00fanicos aos seus clientes. Com esta capa, n\u00e3o s\u00f3 protege o seu telem\u00f3vel, como tamb\u00e9m leva consigo uma pe\u00e7a de arte moderna.<\/p>\n","protected":false},"excerpt":{"rendered":"<p>Capa para telem\u00f3vel para Samsung A14 fabricada em TPU com um design abstrato que combina linhas de cores vibrantes sobre um fundo preto. Este elegante acess\u00f3rio n\u00e3o s\u00f3 protege o seu dispositivo, como tamb\u00e9m acrescenta um toque moderno e art\u00edstico. As suaves curvas de luz em cores como vermelho, azul, verde e amarelo entrela\u00e7am-se, criando um efeito visual din\u00e2mico e atraente. Ideal para quem procura um estilo contempor\u00e2neo e distintivo.<\/p>\n","protected":false},"featured_media":12554,"template":"","meta":{"_acf_changed":false},"product_brand":[],"product_cat":[685],"product_tag":[],"class_list":{"0":"post-27576","1":"product","2":"type-product","3":"status-publish","4":"has-post-thumbnail","6":"product_cat-capas-para-telemoveis","7":"pa_motivo-resumo","9":"first","10":"instock","11":"shipping-taxable","12":"product-type-simple"},"acf":[],"_links":{"self":[{"href":"https:\/\/olemosaic.orbitalia.org\/pt-pt\/wp-json\/wp\/v2\/product\/27576","targetHints":{"allow":["GET"]}}],"collection":[{"href":"https:\/\/olemosaic.orbitalia.org\/pt-pt\/wp-json\/wp\/v2\/product"}],"about":[{"href":"https:\/\/olemosaic.orbitalia.org\/pt-pt\/wp-json\/wp\/v2\/types\/product"}],"wp:featuredmedia":[{"embeddable":true,"href":"https:\/\/olemosaic.orbitalia.org\/pt-pt\/wp-json\/wp\/v2\/media\/12554"}],"wp:attachment":[{"href":"https:\/\/olemosaic.orbitalia.org\/pt-pt\/wp-json\/wp\/v2\/media?parent=27576"}],"wp:term":[{"taxonomy":"product_brand","embeddable":true,"href":"https:\/\/olemosaic.orbitalia.org\/pt-pt\/wp-json\/wp\/v2\/product_brand?post=27576"},{"taxonomy":"product_cat","embeddable":true,"href":"https:\/\/olemosaic.orbitalia.org\/pt-pt\/wp-json\/wp\/v2\/product_cat?post=27576"},{"taxonomy":"product_tag","embeddable":true,"href":"https:\/\/olemosaic.orbitalia.org\/pt-pt\/wp-json\/wp\/v2\/product_tag?post=27576"}],"curies":[{"name":"wp","href":"https:\/\/api.w.org\/{rel}","templated":true}]}}