{"id":27574,"date":"2025-02-20T22:29:02","date_gmt":"2025-02-20T22:29:02","guid":{"rendered":"https:\/\/olemosaic.orbitalia.org\/producto\/funda-de-telefono-para-samsung-a13-tpu-abstracto-azul\/"},"modified":"2025-07-25T20:38:52","modified_gmt":"2025-07-25T18:38:52","slug":"capa-de-telemovel-para-samsung-a13-tpu-abstrato-azul","status":"publish","type":"product","link":"https:\/\/olemosaic.orbitalia.org\/pt-pt\/produto\/capa-de-telemovel-para-samsung-a13-tpu-abstrato-azul\/","title":{"rendered":"Capa de telem\u00f3vel para Samsung A13 (TPU). Abstrato. Azul"},"content":{"rendered":"<p>Esta capa para o telem\u00f3vel Samsung A13 \u00e9 um acess\u00f3rio vibrante que captura a ess\u00eancia de Barcelona. Fabricada em TPU de alta qualidade, oferece uma prote\u00e7\u00e3o robusta e leve para o seu dispositivo, e o seu design art\u00edstico torna-a numa pe\u00e7a \u00fanica. O padr\u00e3o abstrato destaca-se pela sua explos\u00e3o de cores: azuis, cor-de-rosa, amarelos e laranjas, que evocam a vitalidade e o dinamismo da cidade. Na parte frontal, o texto &#8220;Barcelona&#8221; apresenta-se em letras grandes e estilizadas, um aceno \u00e0 modernidade e ao estilo contempor\u00e2neo desta metr\u00f3pole.<\/p>\n<p>A liga\u00e7\u00e3o cultural desta capa reside na sua representa\u00e7\u00e3o do esp\u00edrito criativo de Barcelona, um lugar conhecido pela sua arquitetura singular, a sua arte vibrante e o seu ambiente cosmopolita. Esta capa n\u00e3o s\u00f3 proteger\u00e1 o seu telem\u00f3vel, como tamb\u00e9m serve como uma recorda\u00e7\u00e3o representativa de uma cidade que irradia energia e originalidade.<\/p>\n<p>Na Ol\u00e9 Mosaic, especializamo-nos na distribui\u00e7\u00e3o de recorda\u00e7\u00f5es por grosso, e esta capa \u00e9 a op\u00e7\u00e3o ideal para lojas de recorda\u00e7\u00f5es tur\u00edsticas que procuram oferecer produtos aut\u00eanticos e relevantes. Com esta capa de Barcelona, os seus clientes ter\u00e3o uma recorda\u00e7\u00e3o constante da sua visita a esta emblem\u00e1tica cidade, tornando-a numa excelente escolha para quem procura recorda\u00e7\u00f5es de qualidade.<\/p>\n","protected":false},"excerpt":{"rendered":"<p>Capa de telem\u00f3vel para Samsung A13 de TPU, com um design vibrante e abstrato em tons azuis, cor-de-rosa, amarelos e laranjas. Na parte frontal, destaca-se a palavra &#8220;Barcelona&#8221; em letras grandes e estilizadas, que evocam o dinamismo da cidade. Esta capa n\u00e3o s\u00f3 protege o seu dispositivo, como tamb\u00e9m lhe d\u00e1 um toque art\u00edstico e moderno, perfeita para quem procura um acess\u00f3rio \u00fanico e colorido inspirado na energia de Barcelona.<\/p>\n","protected":false},"featured_media":12527,"template":"","meta":{"_acf_changed":false},"product_brand":[],"product_cat":[685],"product_tag":[],"class_list":{"0":"post-27574","1":"product","2":"type-product","3":"status-publish","4":"has-post-thumbnail","6":"product_cat-capas-para-telemoveis","7":"pa_ciudad-barcelona","8":"pa_motivo-resumo","9":"pa_pais-espana","11":"first","12":"instock","13":"shipping-taxable","14":"product-type-simple"},"acf":[],"_links":{"self":[{"href":"https:\/\/olemosaic.orbitalia.org\/pt-pt\/wp-json\/wp\/v2\/product\/27574","targetHints":{"allow":["GET"]}}],"collection":[{"href":"https:\/\/olemosaic.orbitalia.org\/pt-pt\/wp-json\/wp\/v2\/product"}],"about":[{"href":"https:\/\/olemosaic.orbitalia.org\/pt-pt\/wp-json\/wp\/v2\/types\/product"}],"wp:featuredmedia":[{"embeddable":true,"href":"https:\/\/olemosaic.orbitalia.org\/pt-pt\/wp-json\/wp\/v2\/media\/12527"}],"wp:attachment":[{"href":"https:\/\/olemosaic.orbitalia.org\/pt-pt\/wp-json\/wp\/v2\/media?parent=27574"}],"wp:term":[{"taxonomy":"product_brand","embeddable":true,"href":"https:\/\/olemosaic.orbitalia.org\/pt-pt\/wp-json\/wp\/v2\/product_brand?post=27574"},{"taxonomy":"product_cat","embeddable":true,"href":"https:\/\/olemosaic.orbitalia.org\/pt-pt\/wp-json\/wp\/v2\/product_cat?post=27574"},{"taxonomy":"product_tag","embeddable":true,"href":"https:\/\/olemosaic.orbitalia.org\/pt-pt\/wp-json\/wp\/v2\/product_tag?post=27574"}],"curies":[{"name":"wp","href":"https:\/\/api.w.org\/{rel}","templated":true}]}}