{"id":27572,"date":"2025-02-20T22:29:02","date_gmt":"2025-02-20T22:29:02","guid":{"rendered":"https:\/\/olemosaic.orbitalia.org\/producto\/funda-de-telefono-para-samsung-a13-tpu-motivos-marinos-azul\/"},"modified":"2025-07-25T20:34:44","modified_gmt":"2025-07-25T18:34:44","slug":"capa-de-telemovel-para-samsung-a13-tpu-motivos-marinhos-azul","status":"publish","type":"product","link":"https:\/\/olemosaic.orbitalia.org\/pt-pt\/produto\/capa-de-telemovel-para-samsung-a13-tpu-motivos-marinhos-azul\/","title":{"rendered":"Capa de telem\u00f3vel para Samsung A13 (TPU). Motivos marinhos. Azul"},"content":{"rendered":"<p>Esta capa para o telem\u00f3vel Samsung A13 \u00e9 um acess\u00f3rio imprescind\u00edvel para os amantes da natureza e do mar. Fabricada em TPU de alta qualidade, oferece uma prote\u00e7\u00e3o excecional para o seu dispositivo, ao mesmo tempo que exibe um vibrante design marinho que cativar\u00e1 qualquer pessoa. Na sua elegante superf\u00edcie, desenrola-se uma paisagem submarina cheia de cor, onde golfinhos, tartarugas e cavalos-marinhos percorrem as \u00e1guas em harmonia, representados em tons quentes de azul, verde e laranja. A parte inferior da capa simula um fundo marinho texturizado em mosaico, evocando a rica diversidade da vida aqu\u00e1tica e adicionando um toque de profundidade e estilo ao seu dispositivo.<\/p>\n<p>Este design n\u00e3o \u00e9 apenas visualmente atraente, mas tamb\u00e9m real\u00e7a a liga\u00e7\u00e3o cultural com as tradi\u00e7\u00f5es mar\u00edtimas das regi\u00f5es costeiras, tornando esta capa numa recorda\u00e7\u00e3o perfeita para os turistas que procuram levar consigo um peda\u00e7o do oceano. A sua qualidade e autenticidade tornam-na num presente ideal para quem deseja recordar a sua visita a estas \u00e1reas. Na Ol\u00e9 Mosaic, como distribuidores de recorda\u00e7\u00f5es por grosso, oferecemos acess\u00f3rios que combinam funcionalidade e estilo, sendo esta capa de telem\u00f3vel uma excelente op\u00e7\u00e3o para lojas de recorda\u00e7\u00f5es tur\u00edsticas que procuram produtos originais e de alta qualidade.<\/p>\n","protected":false},"excerpt":{"rendered":"<p>Capa de telem\u00f3vel para Samsung A13 fabricada em TPU com alegres motivos marinhos. Este design colorido apresenta uma paisagem submarina com golfinhos, tartarugas e cavalos-marinhos, em tons azuis, verdes e laranjas, conferindo um toque alegre e din\u00e2mico. A parte inferior simula um fundo marinho com texturas de mosaico, evocando a rica vida aqu\u00e1tica. Ideal para os amantes do mar e da natureza, combina prote\u00e7\u00e3o e estilo.<\/p>\n","protected":false},"featured_media":12523,"template":"","meta":{"_acf_changed":false},"product_brand":[],"product_cat":[685],"product_tag":[516],"class_list":{"0":"post-27572","1":"product","2":"type-product","3":"status-publish","4":"has-post-thumbnail","6":"product_cat-capas-para-telemoveis","7":"product_tag-animais","8":"pa_motivo-animais-marinhos","10":"first","11":"instock","12":"shipping-taxable","13":"product-type-simple"},"acf":[],"_links":{"self":[{"href":"https:\/\/olemosaic.orbitalia.org\/pt-pt\/wp-json\/wp\/v2\/product\/27572","targetHints":{"allow":["GET"]}}],"collection":[{"href":"https:\/\/olemosaic.orbitalia.org\/pt-pt\/wp-json\/wp\/v2\/product"}],"about":[{"href":"https:\/\/olemosaic.orbitalia.org\/pt-pt\/wp-json\/wp\/v2\/types\/product"}],"wp:featuredmedia":[{"embeddable":true,"href":"https:\/\/olemosaic.orbitalia.org\/pt-pt\/wp-json\/wp\/v2\/media\/12523"}],"wp:attachment":[{"href":"https:\/\/olemosaic.orbitalia.org\/pt-pt\/wp-json\/wp\/v2\/media?parent=27572"}],"wp:term":[{"taxonomy":"product_brand","embeddable":true,"href":"https:\/\/olemosaic.orbitalia.org\/pt-pt\/wp-json\/wp\/v2\/product_brand?post=27572"},{"taxonomy":"product_cat","embeddable":true,"href":"https:\/\/olemosaic.orbitalia.org\/pt-pt\/wp-json\/wp\/v2\/product_cat?post=27572"},{"taxonomy":"product_tag","embeddable":true,"href":"https:\/\/olemosaic.orbitalia.org\/pt-pt\/wp-json\/wp\/v2\/product_tag?post=27572"}],"curies":[{"name":"wp","href":"https:\/\/api.w.org\/{rel}","templated":true}]}}