{"id":27561,"date":"2025-02-20T22:29:01","date_gmt":"2025-02-20T22:29:01","guid":{"rendered":"https:\/\/olemosaic.orbitalia.org\/producto\/funda-de-telefono-para-iphone-15-promax-tpu-mosaico-barcelona-blanco\/"},"modified":"2025-07-25T19:39:32","modified_gmt":"2025-07-25T17:39:32","slug":"capa-de-telemovel-para-iphone-15-promax-tpu-mosaico-barcelona-branco","status":"publish","type":"product","link":"https:\/\/olemosaic.orbitalia.org\/pt-pt\/produto\/capa-de-telemovel-para-iphone-15-promax-tpu-mosaico-barcelona-branco\/","title":{"rendered":"Capa de telem\u00f3vel para iPhone 15 Pro Max (TPU). Mosaico. Barcelona. Branco"},"content":{"rendered":"<p>Esta capa para iPhone 15 Pro Max combina funcionalidade e estilo, ideal para quem deseja proteger o seu dispositivo sem renunciar a um design atraente. Fabricada em TPU, este acess\u00f3rio \u00e9 flex\u00edvel e resistente, oferecendo uma prote\u00e7\u00e3o eficaz contra impactos e riscos. O seu colorido design de mosaico evoca a rica cultura de Barcelona, famosa pela sua arquitetura modernista e pelas suas cores vibrantes. Com padr\u00f5es florais e geom\u00e9tricos em tons de azul, vermelho e amarelo, esta capa captura a ess\u00eancia da arte do mosaico que Gaud\u00ed popularizou na cidade, preenchendo cada canto com o seu esplendor. A palavra &#8220;Barcelona&#8221; destaca-se na parte inferior, acrescentando um toque pessoal que liga emocionalmente o utilizador \u00e0 cidade.<\/p>\n<p>Esta recorda\u00e7\u00e3o de Barcelona n\u00e3o \u00e9 apenas pr\u00e1tica, mas tamb\u00e9m representa uma lembran\u00e7a aut\u00eantica da Cidade Condal. A sua est\u00e9tica contempor\u00e2nea torna-a uma op\u00e7\u00e3o atraente para turistas que procuram manter a liga\u00e7\u00e3o com a sua experi\u00eancia em Barcelona. Na Ol\u00e9 Mosaic, especializamo-nos na distribui\u00e7\u00e3o de souvenirs por grosso, e esta capa \u00e9 um excelente produto para lojas de presentes tur\u00edsticos. O nosso compromisso com a qualidade e a relev\u00e2ncia cultural assegura que cada pe\u00e7a capture a ess\u00eancia do lugar, fazendo de cada compra uma celebra\u00e7\u00e3o da hist\u00f3ria e da arte de Espanha.<\/p>\n","protected":false},"excerpt":{"rendered":"<p>Capa para iPhone 15 Pro Max fabricada em TPU, decorada com um vibrante design de mosaico que evoca a rica cultura barcelonesa. Este artigo apresenta uma colorida variedade de padr\u00f5es florais e geom\u00e9tricos em tons azuis, vermelhos e amarelos, conferindo um ar mediterr\u00e2nico contempor\u00e2neo. A palavra &#8220;Barcelona&#8221; destaca-se na parte inferior, acrescentando um toque pessoal. Ideal para quem procura proteger o seu dispositivo mantendo um estilo \u00fanico e moderno.<\/p>\n","protected":false},"featured_media":12468,"template":"","meta":{"_acf_changed":false},"product_brand":[],"product_cat":[685],"product_tag":[],"class_list":{"0":"post-27561","1":"product","2":"type-product","3":"status-publish","4":"has-post-thumbnail","6":"product_cat-capas-para-telemoveis","7":"pa_ciudad-barcelona","8":"pa_motivo-mosaico","9":"pa_pais-espana","11":"first","12":"instock","13":"shipping-taxable","14":"product-type-simple"},"acf":[],"_links":{"self":[{"href":"https:\/\/olemosaic.orbitalia.org\/pt-pt\/wp-json\/wp\/v2\/product\/27561","targetHints":{"allow":["GET"]}}],"collection":[{"href":"https:\/\/olemosaic.orbitalia.org\/pt-pt\/wp-json\/wp\/v2\/product"}],"about":[{"href":"https:\/\/olemosaic.orbitalia.org\/pt-pt\/wp-json\/wp\/v2\/types\/product"}],"wp:featuredmedia":[{"embeddable":true,"href":"https:\/\/olemosaic.orbitalia.org\/pt-pt\/wp-json\/wp\/v2\/media\/12468"}],"wp:attachment":[{"href":"https:\/\/olemosaic.orbitalia.org\/pt-pt\/wp-json\/wp\/v2\/media?parent=27561"}],"wp:term":[{"taxonomy":"product_brand","embeddable":true,"href":"https:\/\/olemosaic.orbitalia.org\/pt-pt\/wp-json\/wp\/v2\/product_brand?post=27561"},{"taxonomy":"product_cat","embeddable":true,"href":"https:\/\/olemosaic.orbitalia.org\/pt-pt\/wp-json\/wp\/v2\/product_cat?post=27561"},{"taxonomy":"product_tag","embeddable":true,"href":"https:\/\/olemosaic.orbitalia.org\/pt-pt\/wp-json\/wp\/v2\/product_tag?post=27561"}],"curies":[{"name":"wp","href":"https:\/\/api.w.org\/{rel}","templated":true}]}}