{"id":27559,"date":"2025-02-20T22:29:01","date_gmt":"2025-02-20T22:29:01","guid":{"rendered":"https:\/\/olemosaic.orbitalia.org\/producto\/funda-de-telefono-para-iphone-15-promax-tpu-mariposa-barcelona-blanco\/"},"modified":"2025-07-25T19:46:07","modified_gmt":"2025-07-25T17:46:07","slug":"capa-para-telemovel-para-iphone-15-pro-max-tpu-borboleta-barcelona-branco","status":"publish","type":"product","link":"https:\/\/olemosaic.orbitalia.org\/pt-pt\/produto\/capa-para-telemovel-para-iphone-15-pro-max-tpu-borboleta-barcelona-branco\/","title":{"rendered":"Capa para telem\u00f3vel para iPhone 15 Pro Max (TPU). Borboleta. Barcelona. Branco"},"content":{"rendered":"<p>Esta capa para iPhone 15 Pro Max \u00e9 uma fascinante express\u00e3o da cultura catal\u00e3, fabricada em TPU para garantir prote\u00e7\u00e3o e estilo. Decorada com um vibrante design de borboletas, este acess\u00f3rio destaca-se pelo seu fundo branco que real\u00e7a a beleza e as cores intensas das borboletas, que exibem uma disposi\u00e7\u00e3o din\u00e2mica de diferentes esp\u00e9cies numa mistura cativante de azuis, vermelhos, laranjas e verdes. A elegante tipografia da palavra &#8220;Barcelona&#8221; integra-se harmoniosamente no design, proporcionando um toque distintivo que celebra a identidade desta impressionante cidade.<\/p>\n<p>Inspirada nos requintados mosaicos de Barcelona, a capa combina padr\u00f5es que evocam a arte caracter\u00edstica do Parc G\u00fcell, desenhado por Antoni Gaud\u00ed, e que simboliza a rica heran\u00e7a cultural e art\u00edstica da regi\u00e3o. Este artigo n\u00e3o s\u00f3 \u00e9 pr\u00e1tico, como tamb\u00e9m permite aos utilizadores levar consigo um peda\u00e7o da vibrante vida urbana de Barcelona, tornando-o num souvenir perfeito para os turistas que procuram recordar os seus momentos na cidade.<\/p>\n<p>Na Ol\u00e9 Mosaic, somos distribuidores de produtos aut\u00eanticos e de qualidade, e esta capa de telem\u00f3vel representa uma excelente op\u00e7\u00e3o para lojas de presentes tur\u00edsticos que desejem oferecer souvenirs \u00fanicos de Barcelona. Adicione esta encantadora capa \u00e0 sua cole\u00e7\u00e3o de souvenirs, garantindo que cada cliente leva para casa um peda\u00e7o da m\u00e1gica cultura catal\u00e3.<\/p>\n","protected":false},"excerpt":{"rendered":"<p>Capa para iPhone 15 Pro Max fabricada em TPU, decorada com um design vibrante de borboletas em cores intensas e padr\u00f5es inspirados no mosaico de Barcelona. Sobre um fundo branco que real\u00e7a a beleza das borboletas, a capa apresenta uma composi\u00e7\u00e3o din\u00e2mica de diferentes esp\u00e9cies, com azuis, vermelhos, laranjas e verdes, al\u00e9m do texto &#8220;Barcelona&#8221; numa tipografia elegante. Um artigo ideal para quem deseja levar um peda\u00e7o da cultura catal\u00e3 no seu dia a dia.<\/p>\n","protected":false},"featured_media":12465,"template":"","meta":{"_acf_changed":false},"product_brand":[],"product_cat":[685],"product_tag":[516],"class_list":{"0":"post-27559","1":"product","2":"type-product","3":"status-publish","4":"has-post-thumbnail","6":"product_cat-capas-para-telemoveis","7":"product_tag-animais","8":"pa_ciudad-barcelona","9":"pa_motivo-borboletas","10":"pa_pais-espana","12":"first","13":"instock","14":"shipping-taxable","15":"product-type-simple"},"acf":[],"_links":{"self":[{"href":"https:\/\/olemosaic.orbitalia.org\/pt-pt\/wp-json\/wp\/v2\/product\/27559","targetHints":{"allow":["GET"]}}],"collection":[{"href":"https:\/\/olemosaic.orbitalia.org\/pt-pt\/wp-json\/wp\/v2\/product"}],"about":[{"href":"https:\/\/olemosaic.orbitalia.org\/pt-pt\/wp-json\/wp\/v2\/types\/product"}],"wp:featuredmedia":[{"embeddable":true,"href":"https:\/\/olemosaic.orbitalia.org\/pt-pt\/wp-json\/wp\/v2\/media\/12465"}],"wp:attachment":[{"href":"https:\/\/olemosaic.orbitalia.org\/pt-pt\/wp-json\/wp\/v2\/media?parent=27559"}],"wp:term":[{"taxonomy":"product_brand","embeddable":true,"href":"https:\/\/olemosaic.orbitalia.org\/pt-pt\/wp-json\/wp\/v2\/product_brand?post=27559"},{"taxonomy":"product_cat","embeddable":true,"href":"https:\/\/olemosaic.orbitalia.org\/pt-pt\/wp-json\/wp\/v2\/product_cat?post=27559"},{"taxonomy":"product_tag","embeddable":true,"href":"https:\/\/olemosaic.orbitalia.org\/pt-pt\/wp-json\/wp\/v2\/product_tag?post=27559"}],"curies":[{"name":"wp","href":"https:\/\/api.w.org\/{rel}","templated":true}]}}