{"id":27558,"date":"2025-02-20T22:29:01","date_gmt":"2025-02-20T22:29:01","guid":{"rendered":"https:\/\/olemosaic.orbitalia.org\/producto\/funda-de-telefono-para-iphone-15-promax-tpu-motivos-marinos-azul\/"},"modified":"2025-07-25T19:43:41","modified_gmt":"2025-07-25T17:43:41","slug":"capa-para-telemovel-para-iphone-15-pro-max-tpu-motivos-marinhos-azul","status":"publish","type":"product","link":"https:\/\/olemosaic.orbitalia.org\/pt-pt\/produto\/capa-para-telemovel-para-iphone-15-pro-max-tpu-motivos-marinhos-azul\/","title":{"rendered":"Capa para telem\u00f3vel para iPhone 15 Pro Max (TPU). Motivos marinhos. Azul"},"content":{"rendered":"<p>Esta capa para iPhone 15 Pro Max \u00e9 uma excelente op\u00e7\u00e3o para quem procura combinar estilo e prote\u00e7\u00e3o. Fabricada em TPU, destaca-se pelos seus vibrantes motivos marinhos que evocam a beleza do oceano. A ilustra\u00e7\u00e3o apresenta uma cena submarina cheia de vida, com peixes coloridos, tartarugas e cavalos-marinhos, desenhados num estilo art\u00edstico que lembra os mosaicos. Os tons azuis do fundo criam uma atmosfera serena que contrasta maravilhosamente com os detalhes em vermelho, amarelo e verde, real\u00e7ando a riqueza da fauna marinha.<\/p>\n<p>O design n\u00e3o s\u00f3 \u00e9 visualmente atraente, como tamb\u00e9m reflete a liga\u00e7\u00e3o cultural das zonas costeiras de Espanha, onde o mar \u00e9 um elemento vital da vida e da tradi\u00e7\u00e3o. Este souvenir n\u00e3o s\u00f3 protege o seu dispositivo, como tamb\u00e9m atua como uma recorda\u00e7\u00e3o tang\u00edvel das maravilhas do ambiente marinho. Ideal para turistas que procuram souvenirs aut\u00eanticos, esta capa captura a ess\u00eancia das costas espanholas e da sua biodiversidade.<\/p>\n<p>Na Ol\u00e9 Mosaic, especializamo-nos na distribui\u00e7\u00e3o por grosso de produtos que representam a tradi\u00e7\u00e3o e beleza da cultura espanhola, e esta capa \u00e9 uma op\u00e7\u00e3o perfeita para lojas de presentes tur\u00edsticos que desejem oferecer artigos \u00fanicos e coloridos. Com a nossa ampla gama de acess\u00f3rios, garantimos qualidade e autenticidade em cada produto.<\/p>\n","protected":false},"excerpt":{"rendered":"<p>Capa para telem\u00f3vel para iPhone 15 Pro Max, fabricada em TPU, com motivos marinhos vibrantes que evocam a beleza do oceano. O seu design inclui peixes, tartarugas e cavalos-marinhos coloridos, representados num estilo art\u00edstico que lembra os mosaicos. Os tons azuis do fundo contrastam com os detalhes em vermelho, amarelo e verde, criando uma pe\u00e7a atraente e protetora que reflete a riqueza da vida submarina.<\/p>\n","protected":false},"featured_media":12471,"template":"","meta":{"_acf_changed":false},"product_brand":[],"product_cat":[685],"product_tag":[516],"class_list":{"0":"post-27558","1":"product","2":"type-product","3":"status-publish","4":"has-post-thumbnail","6":"product_cat-capas-para-telemoveis","7":"product_tag-animais","8":"pa_motivo-animais-marinhos","10":"first","11":"instock","12":"shipping-taxable","13":"product-type-simple"},"acf":[],"_links":{"self":[{"href":"https:\/\/olemosaic.orbitalia.org\/pt-pt\/wp-json\/wp\/v2\/product\/27558","targetHints":{"allow":["GET"]}}],"collection":[{"href":"https:\/\/olemosaic.orbitalia.org\/pt-pt\/wp-json\/wp\/v2\/product"}],"about":[{"href":"https:\/\/olemosaic.orbitalia.org\/pt-pt\/wp-json\/wp\/v2\/types\/product"}],"wp:featuredmedia":[{"embeddable":true,"href":"https:\/\/olemosaic.orbitalia.org\/pt-pt\/wp-json\/wp\/v2\/media\/12471"}],"wp:attachment":[{"href":"https:\/\/olemosaic.orbitalia.org\/pt-pt\/wp-json\/wp\/v2\/media?parent=27558"}],"wp:term":[{"taxonomy":"product_brand","embeddable":true,"href":"https:\/\/olemosaic.orbitalia.org\/pt-pt\/wp-json\/wp\/v2\/product_brand?post=27558"},{"taxonomy":"product_cat","embeddable":true,"href":"https:\/\/olemosaic.orbitalia.org\/pt-pt\/wp-json\/wp\/v2\/product_cat?post=27558"},{"taxonomy":"product_tag","embeddable":true,"href":"https:\/\/olemosaic.orbitalia.org\/pt-pt\/wp-json\/wp\/v2\/product_tag?post=27558"}],"curies":[{"name":"wp","href":"https:\/\/api.w.org\/{rel}","templated":true}]}}