{"id":27557,"date":"2025-02-20T22:29:01","date_gmt":"2025-02-20T22:29:01","guid":{"rendered":"https:\/\/olemosaic.orbitalia.org\/producto\/funda-de-telefono-para-iphone-15-promax-tpu-mosaico-azul\/"},"modified":"2025-07-25T18:00:52","modified_gmt":"2025-07-25T16:00:52","slug":"capa-para-telemovel-para-iphone-15-pro-max-tpu-mosaico-azul","status":"publish","type":"product","link":"https:\/\/olemosaic.orbitalia.org\/pt-pt\/produto\/capa-para-telemovel-para-iphone-15-pro-max-tpu-mosaico-azul\/","title":{"rendered":"Capa para telem\u00f3vel para iPhone 15 Pro Max (TPU). Mosaico. Azul"},"content":{"rendered":"<p>Esta capa para iPhone 15 Pro Max celebra a rica tradi\u00e7\u00e3o do mosaico espanhol, ideal para quem procura um acess\u00f3rio que combine prote\u00e7\u00e3o e est\u00e9tica cultural. Fabricada em TPU de alta qualidade, oferece uma resist\u00eancia ideal contra choques e quedas, garantindo a prote\u00e7\u00e3o do dispositivo em todos os momentos. O design, com uma elegante combina\u00e7\u00e3o de tons azuis profundos e formas irregulares em branco, evoca os ic\u00f3nicos mosaicos que adornam cidades espanholas como Barcelona e Granada. Este padr\u00e3o, belo e distintivo, n\u00e3o s\u00f3 \u00e9 visualmente atraente, como tamb\u00e9m reflete a heran\u00e7a cultural do mosaico, conhecido pela sua hist\u00f3ria na arquitetura e na arte da pen\u00ednsula ib\u00e9rica.<\/p>\n<p>Com o seu acabamento polido e leve, a capa adapta-se perfeitamente ao iPhone 15 Pro Max, real\u00e7ando o seu design elegante e adicionando um toque art\u00edstico ao dia a dia. Al\u00e9m de ser um presente perfeito e funcional para turistas, torna-se numa aut\u00eantica recorda\u00e7\u00e3o que evoca a beleza e tradi\u00e7\u00e3o de Espanha. Na Ol\u00e9 Mosaic, como distribuidores de acess\u00f3rios por grosso, garantimos que a nossa capa de mosaico \u00e9 um produto de qualidade e uma homenagem \u00e0 rica diversidade cultural espanhola, ideal para lojas de presentes tur\u00edsticos que procurem produtos aut\u00eanticos e relevantes.<\/p>\n","protected":false},"excerpt":{"rendered":"<p>Capa para iPhone 15 Pro Max fabricada em TPU, decorada com um design de mosaico em tons azuis. A capa apresenta uma elegante combina\u00e7\u00e3o de formas irregulares brancas sobre um fundo azul escuro, evocando a tradi\u00e7\u00e3o da arte musiva caracter\u00edstica das cidades espanholas. Este acess\u00f3rio n\u00e3o s\u00f3 oferece prote\u00e7\u00e3o, como tamb\u00e9m um toque art\u00edstico e distintivo, ideal para quem aprecia a est\u00e9tica cultural.<\/p>\n","protected":false},"featured_media":12477,"template":"","meta":{"_acf_changed":false},"product_brand":[],"product_cat":[685],"product_tag":[],"class_list":{"0":"post-27557","1":"product","2":"type-product","3":"status-publish","4":"has-post-thumbnail","6":"product_cat-capas-para-telemoveis","7":"pa_motivo-mosaico","9":"first","10":"instock","11":"shipping-taxable","12":"product-type-simple"},"acf":[],"_links":{"self":[{"href":"https:\/\/olemosaic.orbitalia.org\/pt-pt\/wp-json\/wp\/v2\/product\/27557","targetHints":{"allow":["GET"]}}],"collection":[{"href":"https:\/\/olemosaic.orbitalia.org\/pt-pt\/wp-json\/wp\/v2\/product"}],"about":[{"href":"https:\/\/olemosaic.orbitalia.org\/pt-pt\/wp-json\/wp\/v2\/types\/product"}],"wp:featuredmedia":[{"embeddable":true,"href":"https:\/\/olemosaic.orbitalia.org\/pt-pt\/wp-json\/wp\/v2\/media\/12477"}],"wp:attachment":[{"href":"https:\/\/olemosaic.orbitalia.org\/pt-pt\/wp-json\/wp\/v2\/media?parent=27557"}],"wp:term":[{"taxonomy":"product_brand","embeddable":true,"href":"https:\/\/olemosaic.orbitalia.org\/pt-pt\/wp-json\/wp\/v2\/product_brand?post=27557"},{"taxonomy":"product_cat","embeddable":true,"href":"https:\/\/olemosaic.orbitalia.org\/pt-pt\/wp-json\/wp\/v2\/product_cat?post=27557"},{"taxonomy":"product_tag","embeddable":true,"href":"https:\/\/olemosaic.orbitalia.org\/pt-pt\/wp-json\/wp\/v2\/product_tag?post=27557"}],"curies":[{"name":"wp","href":"https:\/\/api.w.org\/{rel}","templated":true}]}}