{"id":27556,"date":"2025-02-20T22:29:00","date_gmt":"2025-02-20T22:29:00","guid":{"rendered":"https:\/\/olemosaic.orbitalia.org\/producto\/funda-de-telefono-para-iphone-15-promax-tpu-sagrada-familia-barcelona-azul\/"},"modified":"2025-07-25T18:49:34","modified_gmt":"2025-07-25T16:49:34","slug":"capa-para-telemovel-para-iphone-15-pro-max-tpu-sagrada-familia-barcelona-azul","status":"publish","type":"product","link":"https:\/\/olemosaic.orbitalia.org\/pt-pt\/produto\/capa-para-telemovel-para-iphone-15-pro-max-tpu-sagrada-familia-barcelona-azul\/","title":{"rendered":"Capa para telem\u00f3vel para iPhone 15 Pro Max (TPU). Sagrada Fam\u00edlia. Barcelona. Azul"},"content":{"rendered":"<p>Esta capa para iPhone 15 Pro Max \u00e9 uma homenagem vibrante \u00e0 ic\u00f3nica Sagrada Fam\u00edlia de Barcelona, pensada para quem deseja levar consigo um peda\u00e7o da rica cultura catal\u00e3. Fabricada em TPU, este acess\u00f3rio combina resist\u00eancia e flexibilidade, oferecendo uma prote\u00e7\u00e3o eficaz para o seu dispositivo sem renunciar ao estilo. A ilustra\u00e7\u00e3o destaca-se pelos seus tons vivos de azul e laranja, que real\u00e7am os sofisticados detalhes arquitet\u00f3nicos da famosa bas\u00edlica, incluindo as suas impressionantes torres e mosaicos coloridos, evocando a obra-prima de Antoni Gaud\u00ed. Este design cativante inclui a palavra &#8220;Barcelona&#8221; elegantemente impressa, adicionando um toque distintivo e aut\u00eantico.<\/p>\n<p>Este acess\u00f3rio n\u00e3o s\u00f3 protege o seu telem\u00f3vel, como tamb\u00e9m \u00e9 um artigo representativo de uma das obras mais emblem\u00e1ticas da arquitetura mundial. A Sagrada Fam\u00edlia, cujo design \u00fanico atrai milh\u00f5es de turistas todos os anos, simboliza a riqueza cultural de Barcelona, tornando esta capa numa recorda\u00e7\u00e3o perfeita para quem procura um souvenir significativo da sua visita. Na Ol\u00e9 Mosaic, orgulhamo-nos de oferecer produtos aut\u00eanticos que real\u00e7am a beleza de Espanha, e esta capa \u00e9 uma excelente escolha para lojas de presentes tur\u00edsticos que desejam capturar a ess\u00eancia de Barcelona atrav\u00e9s de souvenirs que combinam arte e funcionalidade.<\/p>\n","protected":false},"excerpt":{"rendered":"<p>Capa para telem\u00f3vel para iPhone 15 Pro Max fabricada em TPU, decorada com uma ilustra\u00e7\u00e3o vibrante da Sagrada Fam\u00edlia de Barcelona. Este design colorido apresenta os ic\u00f3nicos detalhes arquitet\u00f3nicos da famosa bas\u00edlica, com tons vivos de azul e laranja sobre um fundo que simula um mosaico. A palavra &#8220;Barcelona&#8221; est\u00e1 elegantemente impressa, o que torna esta capa num acess\u00f3rio ideal para quem deseja levar um peda\u00e7o de arte e cultura catal\u00e3 no seu dispositivo.<\/p>\n","protected":false},"featured_media":12473,"template":"","meta":{"_acf_changed":false},"product_brand":[],"product_cat":[685],"product_tag":[],"class_list":{"0":"post-27556","1":"product","2":"type-product","3":"status-publish","4":"has-post-thumbnail","6":"product_cat-capas-para-telemoveis","7":"pa_ciudad-barcelona","8":"pa_motivo-sagrada-familia","9":"pa_pais-espana","11":"first","12":"instock","13":"shipping-taxable","14":"product-type-simple"},"acf":[],"_links":{"self":[{"href":"https:\/\/olemosaic.orbitalia.org\/pt-pt\/wp-json\/wp\/v2\/product\/27556","targetHints":{"allow":["GET"]}}],"collection":[{"href":"https:\/\/olemosaic.orbitalia.org\/pt-pt\/wp-json\/wp\/v2\/product"}],"about":[{"href":"https:\/\/olemosaic.orbitalia.org\/pt-pt\/wp-json\/wp\/v2\/types\/product"}],"wp:featuredmedia":[{"embeddable":true,"href":"https:\/\/olemosaic.orbitalia.org\/pt-pt\/wp-json\/wp\/v2\/media\/12473"}],"wp:attachment":[{"href":"https:\/\/olemosaic.orbitalia.org\/pt-pt\/wp-json\/wp\/v2\/media?parent=27556"}],"wp:term":[{"taxonomy":"product_brand","embeddable":true,"href":"https:\/\/olemosaic.orbitalia.org\/pt-pt\/wp-json\/wp\/v2\/product_brand?post=27556"},{"taxonomy":"product_cat","embeddable":true,"href":"https:\/\/olemosaic.orbitalia.org\/pt-pt\/wp-json\/wp\/v2\/product_cat?post=27556"},{"taxonomy":"product_tag","embeddable":true,"href":"https:\/\/olemosaic.orbitalia.org\/pt-pt\/wp-json\/wp\/v2\/product_tag?post=27556"}],"curies":[{"name":"wp","href":"https:\/\/api.w.org\/{rel}","templated":true}]}}