{"id":27514,"date":"2025-02-20T22:29:00","date_gmt":"2025-02-20T22:29:00","guid":{"rendered":"https:\/\/olemosaic.orbitalia.org\/producto\/funda-de-telefono-para-iphone-15-pro-tpu-mariposa-mallorca-blanco\/"},"modified":"2025-07-25T18:44:10","modified_gmt":"2025-07-25T16:44:10","slug":"capa-de-telemovel-para-iphone-15-pro-tpu-borboleta-maiorca-branco","status":"publish","type":"product","link":"https:\/\/olemosaic.orbitalia.org\/pt-pt\/produto\/capa-de-telemovel-para-iphone-15-pro-tpu-borboleta-maiorca-branco\/","title":{"rendered":"Capa de telem\u00f3vel para iPhone 15 Pro (TPU). Borboleta. Maiorca. Branco"},"content":{"rendered":"<p>Esta capa para iPhone 15 Pro \u00e9 uma celebra\u00e7\u00e3o vibrante da beleza de Maiorca, fabricada com um material TPU flex\u00edvel que proporciona durabilidade e estilo. Apresenta um design cativante de borboletas multicoloridas, cada uma cuidadosamente ilustrada sobre um fundo branco que real\u00e7a a leveza e eleg\u00e2ncia do tema. Os detalhes em mosaico, que combinam tons azuis, amarelos e vermelhos, evocam a rica tradi\u00e7\u00e3o art\u00edstica da ilha, conferindo um ar mediterr\u00e2nico e contempor\u00e2neo.<\/p>\n<p>A palavra &#8220;Mallorca&#8221; aparece estilizada na parte inferior, oferecendo um toque distintivo que transforma esta capa num s\u00edmbolo de orgulho regional, ideal para quem deseja personalizar o seu dispositivo com uma recorda\u00e7\u00e3o aut\u00eantica da sua visita ou liga\u00e7\u00e3o \u00e0 ilha. Este produto n\u00e3o s\u00f3 cumpre uma fun\u00e7\u00e3o pr\u00e1tica ao proteger o telem\u00f3vel, como tamb\u00e9m atua como uma recorda\u00e7\u00e3o atraente que capta a ess\u00eancia de Maiorca e a sua cultura vibrante.<\/p>\n<p>Na Ol\u00e9 Mosaic, distribu\u00edmos recorda\u00e7\u00f5es por grosso e esta capa representa uma excelente op\u00e7\u00e3o para lojas de brindes tur\u00edsticos, combinando funcionalidade, arte e relev\u00e2ncia cultural. N\u00e3o \u00e9 apenas uma capa decorativa, mas uma pe\u00e7a que liga emocionalmente \u00e0 rica heran\u00e7a de Maiorca, ideal para turistas que procuram uma lembran\u00e7a representativa e aut\u00eantica.<\/p>\n","protected":false},"excerpt":{"rendered":"<p>Capa para iPhone 15 Pro, fabricada em TPU, com um design vibrante de borboletas inspirado na beleza de Maiorca. Esta capa decorativa apresenta borboletas coloridas sobre um fundo branco com detalhes em mosaico, combinando tons azuis, amarelos e vermelhos que evocam a arte local. A legenda &#8220;Mallorca&#8221; adiciona um toque distintivo, tornando esta capa uma op\u00e7\u00e3o ideal para quem deseja personalizar o seu dispositivo com um s\u00edmbolo da cultura mediterr\u00e2nica.<\/p>\n","protected":false},"featured_media":12981,"template":"","meta":{"_acf_changed":false},"product_brand":[],"product_cat":[685],"product_tag":[516],"class_list":{"0":"post-27514","1":"product","2":"type-product","3":"status-publish","4":"has-post-thumbnail","6":"product_cat-capas-para-telemoveis","7":"product_tag-animais","8":"pa_ciudad-mallorca","9":"pa_motivo-borboletas","10":"pa_pais-espana","12":"first","13":"instock","14":"shipping-taxable","15":"product-type-simple"},"acf":[],"_links":{"self":[{"href":"https:\/\/olemosaic.orbitalia.org\/pt-pt\/wp-json\/wp\/v2\/product\/27514","targetHints":{"allow":["GET"]}}],"collection":[{"href":"https:\/\/olemosaic.orbitalia.org\/pt-pt\/wp-json\/wp\/v2\/product"}],"about":[{"href":"https:\/\/olemosaic.orbitalia.org\/pt-pt\/wp-json\/wp\/v2\/types\/product"}],"wp:featuredmedia":[{"embeddable":true,"href":"https:\/\/olemosaic.orbitalia.org\/pt-pt\/wp-json\/wp\/v2\/media\/12981"}],"wp:attachment":[{"href":"https:\/\/olemosaic.orbitalia.org\/pt-pt\/wp-json\/wp\/v2\/media?parent=27514"}],"wp:term":[{"taxonomy":"product_brand","embeddable":true,"href":"https:\/\/olemosaic.orbitalia.org\/pt-pt\/wp-json\/wp\/v2\/product_brand?post=27514"},{"taxonomy":"product_cat","embeddable":true,"href":"https:\/\/olemosaic.orbitalia.org\/pt-pt\/wp-json\/wp\/v2\/product_cat?post=27514"},{"taxonomy":"product_tag","embeddable":true,"href":"https:\/\/olemosaic.orbitalia.org\/pt-pt\/wp-json\/wp\/v2\/product_tag?post=27514"}],"curies":[{"name":"wp","href":"https:\/\/api.w.org\/{rel}","templated":true}]}}