{"id":27510,"date":"2025-02-20T22:29:00","date_gmt":"2025-02-20T22:29:00","guid":{"rendered":"https:\/\/olemosaic.orbitalia.org\/producto\/funda-de-telefono-para-iphone-15-pro-tpu-abstracto-negro\/"},"modified":"2025-07-25T20:38:48","modified_gmt":"2025-07-25T18:38:48","slug":"capa-para-telemovel-para-iphone-15-pro-tpu-abstrato-preto","status":"publish","type":"product","link":"https:\/\/olemosaic.orbitalia.org\/pt-pt\/produto\/capa-para-telemovel-para-iphone-15-pro-tpu-abstrato-preto\/","title":{"rendered":"Capa para telem\u00f3vel para iPhone 15 Pro (TPU). Abstrato. Preto"},"content":{"rendered":"<p>Esta capa para iPhone 15 Pro \u00e9 a escolha perfeita para quem procura uma combina\u00e7\u00e3o \u00fanica de estilo e prote\u00e7\u00e3o. Fabricada em TPU, oferece uma resist\u00eancia excecional contra choques e quedas, assegurando a integridade do seu dispositivo. O seu elegante fundo preto \u00e9 adornado com linhas ondulantes de cores vibrantes que criam um efeito din\u00e2mico e moderno, evocando a ess\u00eancia contempor\u00e2nea da tecnologia atual. O design abstrato n\u00e3o s\u00f3 destaca a est\u00e9tica visual, como tamb\u00e9m proporciona uma express\u00e3o de criatividade e originalidade, ideal para quem deseja destacar-se no seu dia a dia.<\/p>\n<p>A tecnologia de impress\u00e3o utilizada garante uma elevada qualidade visual, fazendo com que cada detalhe deste design cativante se destaque com clareza e vivacidade. Com esta capa, n\u00e3o s\u00f3 proteger\u00e1 o seu telem\u00f3vel, como tamb\u00e9m acrescentar\u00e1 um toque de sofistica\u00e7\u00e3o ao seu estilo pessoal. Perfeita como recorda\u00e7\u00e3o para turistas que desejem levar uma lembran\u00e7a funcional da sua visita a cidades repletas de arte e criatividade, esta capa \u00e9 uma excelente ideia de presente. Na Ol\u00e9 Mosaic, especializamo-nos na distribui\u00e7\u00e3o de souvenirs por grosso, e esta capa para iPhone \u00e9 um testemunho do nosso compromisso com a qualidade e a autenticidade em cada produto que oferecemos.<\/p>\n","protected":false},"excerpt":{"rendered":"<p>Capa de telem\u00f3vel para iPhone 15 Pro de TPU com design abstrato. O seu elegante fundo preto \u00e9 real\u00e7ado por linhas ondulantes de cores vibrantes que evocam um efeito din\u00e2mico e moderno. A tecnologia de impress\u00e3o garante uma elevada qualidade visual, tornando esta capa uma op\u00e7\u00e3o atraente e funcional. Perfeita para quem procura proteger o seu dispositivo sem sacrificar o estilo, esta capa \u00e9 uma express\u00e3o de criatividade e originalidade.<\/p>\n","protected":false},"featured_media":12462,"template":"","meta":{"_acf_changed":false},"product_brand":[],"product_cat":[685],"product_tag":[],"class_list":{"0":"post-27510","1":"product","2":"type-product","3":"status-publish","4":"has-post-thumbnail","6":"product_cat-capas-para-telemoveis","7":"pa_motivo-resumo","9":"first","10":"instock","11":"shipping-taxable","12":"product-type-simple"},"acf":[],"_links":{"self":[{"href":"https:\/\/olemosaic.orbitalia.org\/pt-pt\/wp-json\/wp\/v2\/product\/27510","targetHints":{"allow":["GET"]}}],"collection":[{"href":"https:\/\/olemosaic.orbitalia.org\/pt-pt\/wp-json\/wp\/v2\/product"}],"about":[{"href":"https:\/\/olemosaic.orbitalia.org\/pt-pt\/wp-json\/wp\/v2\/types\/product"}],"wp:featuredmedia":[{"embeddable":true,"href":"https:\/\/olemosaic.orbitalia.org\/pt-pt\/wp-json\/wp\/v2\/media\/12462"}],"wp:attachment":[{"href":"https:\/\/olemosaic.orbitalia.org\/pt-pt\/wp-json\/wp\/v2\/media?parent=27510"}],"wp:term":[{"taxonomy":"product_brand","embeddable":true,"href":"https:\/\/olemosaic.orbitalia.org\/pt-pt\/wp-json\/wp\/v2\/product_brand?post=27510"},{"taxonomy":"product_cat","embeddable":true,"href":"https:\/\/olemosaic.orbitalia.org\/pt-pt\/wp-json\/wp\/v2\/product_cat?post=27510"},{"taxonomy":"product_tag","embeddable":true,"href":"https:\/\/olemosaic.orbitalia.org\/pt-pt\/wp-json\/wp\/v2\/product_tag?post=27510"}],"curies":[{"name":"wp","href":"https:\/\/api.w.org\/{rel}","templated":true}]}}