{"id":27508,"date":"2025-02-20T22:28:59","date_gmt":"2025-02-20T22:28:59","guid":{"rendered":"https:\/\/olemosaic.orbitalia.org\/producto\/funda-de-telefono-para-iphone-15-tpu-abstracto-verde\/"},"modified":"2025-07-25T22:07:06","modified_gmt":"2025-07-25T20:07:06","slug":"capa-para-telemovel-para-iphone-15-tpu-abstrato-verde","status":"publish","type":"product","link":"https:\/\/olemosaic.orbitalia.org\/pt-pt\/produto\/capa-para-telemovel-para-iphone-15-tpu-abstrato-verde\/","title":{"rendered":"Capa para telem\u00f3vel para iPhone 15 (TPU). Abstrato. Verde"},"content":{"rendered":"<p>Esta capa para iPhone 15 \u00e9 uma aut\u00eantica obra de arte funcional que se destaca pelo seu design abstrato e vibrante. Combina uma explos\u00e3o de cores em tons verdes e multicoloridos, com texturas que simulam o m\u00e1rmore. Fabricada em TPU de alta qualidade, n\u00e3o s\u00f3 oferece uma est\u00e9tica moderna e art\u00edstica, como tamb\u00e9m protege o dispositivo na perfei\u00e7\u00e3o. O seu acabamento suave e ligeiramente rugoso assegura uma ader\u00eancia confort\u00e1vel, evitando que escorregue das m\u00e3os, e o seu design elegante e contempor\u00e2neo f\u00e1-la destacar-se entre outros acess\u00f3rios tecnol\u00f3gicos.<\/p>\n<p>Os tons quentes e frios, entrela\u00e7ados, geram um efeito visual din\u00e2mico e atraente. Esta capa \u00e9 o acess\u00f3rio ideal para quem procura personalizar o seu iPhone 15 com estilo. Al\u00e9m da sua beleza, \u00e9 um presente ideal para turistas que procuram recorda\u00e7\u00f5es aut\u00eanticas da sua visita a Espanha, pois encapsula a criatividade e a arte que caracteriza a cultura espanhola. Na Ol\u00e9 Mosaic, somos reconhecidos pela nossa sele\u00e7\u00e3o de souvenirs de qualidade, e esta capa \u00e9 uma excelente op\u00e7\u00e3o para lojas de presentes tur\u00edsticos que desejem oferecer produtos \u00fanicos e relevantes. A relev\u00e2ncia cultural deste produto torna-o uma pe\u00e7a n\u00e3o s\u00f3 pr\u00e1tica, mas tamb\u00e9m representativa da arte moderna, estabelecendo um v\u00ednculo valioso com a tradi\u00e7\u00e3o art\u00edstica espanhola. Como grossistas de capas para telem\u00f3vel, garantimos design e funcionalidade em cada artigo que oferecemos.<\/p>\n","protected":false},"excerpt":{"rendered":"<p>Capa para iPhone 15 fabricada em TPU com um design abstrato e vibrante em tons verdes e multicoloridos. Esta capa apresenta uma mistura elegante de formas onduladas e texturas que simulam um efeito m\u00e1rmore, conferindo um toque art\u00edstico e moderno. O seu acabamento suave n\u00e3o s\u00f3 assegura uma boa ader\u00eancia, como tamb\u00e9m protege eficazmente o dispositivo contra choques e riscos, tornando-a uma op\u00e7\u00e3o ideal para quem procura estilo e funcionalidade.<\/p>\n","protected":false},"featured_media":12429,"template":"","meta":{"_acf_changed":false},"product_brand":[],"product_cat":[685],"product_tag":[],"class_list":{"0":"post-27508","1":"product","2":"type-product","3":"status-publish","4":"has-post-thumbnail","6":"product_cat-capas-para-telemoveis","7":"pa_motivo-resumo","9":"first","10":"instock","11":"shipping-taxable","12":"product-type-simple"},"acf":[],"_links":{"self":[{"href":"https:\/\/olemosaic.orbitalia.org\/pt-pt\/wp-json\/wp\/v2\/product\/27508","targetHints":{"allow":["GET"]}}],"collection":[{"href":"https:\/\/olemosaic.orbitalia.org\/pt-pt\/wp-json\/wp\/v2\/product"}],"about":[{"href":"https:\/\/olemosaic.orbitalia.org\/pt-pt\/wp-json\/wp\/v2\/types\/product"}],"wp:featuredmedia":[{"embeddable":true,"href":"https:\/\/olemosaic.orbitalia.org\/pt-pt\/wp-json\/wp\/v2\/media\/12429"}],"wp:attachment":[{"href":"https:\/\/olemosaic.orbitalia.org\/pt-pt\/wp-json\/wp\/v2\/media?parent=27508"}],"wp:term":[{"taxonomy":"product_brand","embeddable":true,"href":"https:\/\/olemosaic.orbitalia.org\/pt-pt\/wp-json\/wp\/v2\/product_brand?post=27508"},{"taxonomy":"product_cat","embeddable":true,"href":"https:\/\/olemosaic.orbitalia.org\/pt-pt\/wp-json\/wp\/v2\/product_cat?post=27508"},{"taxonomy":"product_tag","embeddable":true,"href":"https:\/\/olemosaic.orbitalia.org\/pt-pt\/wp-json\/wp\/v2\/product_tag?post=27508"}],"curies":[{"name":"wp","href":"https:\/\/api.w.org\/{rel}","templated":true}]}}