{"id":27493,"date":"2025-02-20T22:28:59","date_gmt":"2025-02-20T22:28:59","guid":{"rendered":"https:\/\/olemosaic.orbitalia.org\/producto\/funda-de-telefono-para-iphone-15-tpu-forjas-azul\/"},"modified":"2025-07-25T20:31:26","modified_gmt":"2025-07-25T18:31:26","slug":"capa-de-telemovel-para-iphone-15-tpu-forjas-azul","status":"publish","type":"product","link":"https:\/\/olemosaic.orbitalia.org\/pt-pt\/produto\/capa-de-telemovel-para-iphone-15-tpu-forjas-azul\/","title":{"rendered":"Capa de telem\u00f3vel para iPhone 15 (TPU). Forjas. Azul"},"content":{"rendered":"<p>Esta capa para iPhone 15 \u00e9 um acess\u00f3rio imprescind\u00edvel para quem deseja combinar prote\u00e7\u00e3o e estilo com um toque de heran\u00e7a cultural. Elaborada em TPU, n\u00e3o s\u00f3 garante a durabilidade e resist\u00eancia necess\u00e1rias para proteger o seu dispositivo, como tamb\u00e9m apresenta um design elegante inspirado nas forjas espanholas tradicionais. O seu fundo azul escuro \u00e9 adornado com intrincados motivos brancos que evocam a ornamenta\u00e7\u00e3o cl\u00e1ssica da arquitetura espanhola, criando um contraste visual cativante e sofisticado.<\/p>\n<p>Os motivos decorativos, com um estilo vintage, refletem a rica tradi\u00e7\u00e3o art\u00edstica que caracteriza muitas cidades de Espanha. Este detalhe n\u00e3o s\u00f3 embeleza a capa, como a transforma numa verdadeira homenagem \u00e0 mestria dos artes\u00e3os e ao seu legado cultural. A combina\u00e7\u00e3o de funcionalidade e est\u00e9tica torna-a uma op\u00e7\u00e3o ideal para quem procura um souvenir aut\u00eantico que represente a ess\u00eancia de Espanha.<\/p>\n<p>Na Ol\u00e9 Mosaic, como distribuidores de souvenirs por grosso, oferecemos produtos que se destacam pela sua qualidade e liga\u00e7\u00e3o cultural. Este souvenir \u00e9 uma escolha excecional para lojas de presentes tur\u00edsticos que desejem oferecer aos seus clientes um acess\u00f3rio distintivo e relevante que ligue \u00e0 rica hist\u00f3ria e arte espanhola.<\/p>\n","protected":false},"excerpt":{"rendered":"<p>Capa para iPhone 15 fabricada em TPU, com um design elegante inspirado nas forjas tradicionais. Apresenta um fundo azul escuro adornado com intrincados motivos brancos, que evocam a ornamenta\u00e7\u00e3o da arquitetura cl\u00e1ssica. Este acess\u00f3rio combina durabilidade e estilo, protegendo o seu dispositivo e conferindo-lhe um toque distintivo que recorda a rica heran\u00e7a art\u00edstica de Espanha. Ideal para quem procura uma fus\u00e3o de funcionalidade e est\u00e9tica.<\/p>\n","protected":false},"featured_media":12436,"template":"","meta":{"_acf_changed":false},"product_brand":[],"product_cat":[685],"product_tag":[],"class_list":{"0":"post-27493","1":"product","2":"type-product","3":"status-publish","4":"has-post-thumbnail","6":"product_cat-capas-para-telemoveis","7":"pa_motivo-forjas","9":"first","10":"instock","11":"shipping-taxable","12":"product-type-simple"},"acf":[],"_links":{"self":[{"href":"https:\/\/olemosaic.orbitalia.org\/pt-pt\/wp-json\/wp\/v2\/product\/27493","targetHints":{"allow":["GET"]}}],"collection":[{"href":"https:\/\/olemosaic.orbitalia.org\/pt-pt\/wp-json\/wp\/v2\/product"}],"about":[{"href":"https:\/\/olemosaic.orbitalia.org\/pt-pt\/wp-json\/wp\/v2\/types\/product"}],"wp:featuredmedia":[{"embeddable":true,"href":"https:\/\/olemosaic.orbitalia.org\/pt-pt\/wp-json\/wp\/v2\/media\/12436"}],"wp:attachment":[{"href":"https:\/\/olemosaic.orbitalia.org\/pt-pt\/wp-json\/wp\/v2\/media?parent=27493"}],"wp:term":[{"taxonomy":"product_brand","embeddable":true,"href":"https:\/\/olemosaic.orbitalia.org\/pt-pt\/wp-json\/wp\/v2\/product_brand?post=27493"},{"taxonomy":"product_cat","embeddable":true,"href":"https:\/\/olemosaic.orbitalia.org\/pt-pt\/wp-json\/wp\/v2\/product_cat?post=27493"},{"taxonomy":"product_tag","embeddable":true,"href":"https:\/\/olemosaic.orbitalia.org\/pt-pt\/wp-json\/wp\/v2\/product_tag?post=27493"}],"curies":[{"name":"wp","href":"https:\/\/api.w.org\/{rel}","templated":true}]}}