{"id":27441,"date":"2025-02-20T22:28:56","date_gmt":"2025-02-20T22:28:56","guid":{"rendered":"https:\/\/olemosaic.orbitalia.org\/producto\/funda-de-telefono-para-iphone-14-tpu-forjas-azul\/"},"modified":"2025-07-25T20:24:06","modified_gmt":"2025-07-25T18:24:06","slug":"capa-de-telemovel-para-iphone-14-tpu-forjas-azul","status":"publish","type":"product","link":"https:\/\/olemosaic.orbitalia.org\/pt-pt\/produto\/capa-de-telemovel-para-iphone-14-tpu-forjas-azul\/","title":{"rendered":"Capa de telem\u00f3vel para iPhone 14 (TPU). Forjas. Azul"},"content":{"rendered":"<p>Esta capa para iPhone 14 \u00e9 um acess\u00f3rio que combina funcionalidade e est\u00e9tica, ideal para quem procura uma recorda\u00e7\u00e3o aut\u00eantica e distintiva de Espanha. Elaborada em TPU, o seu design destaca-se por uma elegante cor azul e um intrincado padr\u00e3o de forja em branco que evoca a riqueza da arte decorativa espanhola, especialmente inspirado na arquitetura e na ornamenta\u00e7\u00e3o de cidades como Sevilha ou Granada. O padr\u00e3o de arabescos, cuidadosamente elaborado, confere eleg\u00e2ncia e sofistica\u00e7\u00e3o, tornando esta capa uma pe\u00e7a \u00fanica.<\/p>\n<p>Com a sua estrutura flex\u00edvel, oferece uma prote\u00e7\u00e3o ideal contra choques e quedas, garantindo que o seu dispositivo esteja protegido em todos os momentos. Este acess\u00f3rio n\u00e3o \u00e9 apenas funcional, mas tamb\u00e9m atua como um lembrete tang\u00edvel da rica hist\u00f3ria cultural de Espanha, onde o artesanato e o design desempenham um papel crucial. A capa \u00e9, sem d\u00favida, um excelente presente ou recorda\u00e7\u00e3o para os turistas que desejam levar para casa um fragmento da tradi\u00e7\u00e3o espanhola. Na Ol\u00e9 Mosaic, especialistas na distribui\u00e7\u00e3o de recorda\u00e7\u00f5es por grosso, garantimos produtos de qualidade que celebram a heran\u00e7a cultural, posicionando esta capa de forja como uma op\u00e7\u00e3o ideal para lojas de presentes tur\u00edsticos que procuram autenticidade e distin\u00e7\u00e3o. Como grossistas de capas para iPhone, asseguramos que cada pe\u00e7a captura a ess\u00eancia da arte espanhola.<\/p>\n","protected":false},"excerpt":{"rendered":"<p>Capa para iPhone 14 fabricada em TPU, adornada com um elegante design de forja em cor azul. Esta capa apresenta um intrincado padr\u00e3o de arabescos brancos, evocando a riqueza da arte decorativa espanhola. A sua estrutura flex\u00edvel oferece uma prote\u00e7\u00e3o ideal ao dispositivo, ao mesmo tempo que a sua est\u00e9tica sofisticada adiciona um toque distintivo. Ideal para quem procura um acess\u00f3rio funcional e atraente, inspirado na tradi\u00e7\u00e3o artesanal.<\/p>\n","protected":false},"featured_media":12363,"template":"","meta":{"_acf_changed":false},"product_brand":[],"product_cat":[685],"product_tag":[],"class_list":{"0":"post-27441","1":"product","2":"type-product","3":"status-publish","4":"has-post-thumbnail","6":"product_cat-capas-para-telemoveis","7":"pa_motivo-forjas","9":"first","10":"instock","11":"shipping-taxable","12":"product-type-simple"},"acf":[],"_links":{"self":[{"href":"https:\/\/olemosaic.orbitalia.org\/pt-pt\/wp-json\/wp\/v2\/product\/27441","targetHints":{"allow":["GET"]}}],"collection":[{"href":"https:\/\/olemosaic.orbitalia.org\/pt-pt\/wp-json\/wp\/v2\/product"}],"about":[{"href":"https:\/\/olemosaic.orbitalia.org\/pt-pt\/wp-json\/wp\/v2\/types\/product"}],"wp:featuredmedia":[{"embeddable":true,"href":"https:\/\/olemosaic.orbitalia.org\/pt-pt\/wp-json\/wp\/v2\/media\/12363"}],"wp:attachment":[{"href":"https:\/\/olemosaic.orbitalia.org\/pt-pt\/wp-json\/wp\/v2\/media?parent=27441"}],"wp:term":[{"taxonomy":"product_brand","embeddable":true,"href":"https:\/\/olemosaic.orbitalia.org\/pt-pt\/wp-json\/wp\/v2\/product_brand?post=27441"},{"taxonomy":"product_cat","embeddable":true,"href":"https:\/\/olemosaic.orbitalia.org\/pt-pt\/wp-json\/wp\/v2\/product_cat?post=27441"},{"taxonomy":"product_tag","embeddable":true,"href":"https:\/\/olemosaic.orbitalia.org\/pt-pt\/wp-json\/wp\/v2\/product_tag?post=27441"}],"curies":[{"name":"wp","href":"https:\/\/api.w.org\/{rel}","templated":true}]}}