{"id":27427,"date":"2025-02-20T22:28:55","date_gmt":"2025-02-20T22:28:55","guid":{"rendered":"https:\/\/olemosaic.orbitalia.org\/producto\/funda-de-telefono-para-iphone-13-promax-tpu-motivos-marinos-azul\/"},"modified":"2025-07-25T20:01:11","modified_gmt":"2025-07-25T18:01:11","slug":"capa-para-telemovel-para-iphone-13-pro-max-tpu-motivos-marinhos-azul","status":"publish","type":"product","link":"https:\/\/olemosaic.orbitalia.org\/pt-pt\/produto\/capa-para-telemovel-para-iphone-13-pro-max-tpu-motivos-marinhos-azul\/","title":{"rendered":"Capa para telem\u00f3vel para iPhone 13 Pro Max (TPU). Motivos marinhos. Azul"},"content":{"rendered":"<p>Esta capa para iPhone 13 Pro Max \u00e9 um acess\u00f3rio atraente que funde funcionalidade e arte, concebido especialmente para os amantes do mar e da natureza. Fabricada em TPU, oferece uma prote\u00e7\u00e3o robusta e duradoura para o seu dispositivo, garantindo a sua integridade perante golpes e quedas. O vibrante design de motivos marinhos apresenta uma colorida ilustra\u00e7\u00e3o que retrata uma cena submarina cheia de vida, com golfinhos e tartarugas a nadar graciosamente entre corais e algas.<\/p>\n<p>O fundo azul profundo real\u00e7a a riqueza dos detalhes, enquanto as tonalidades quentes e frias se combinam harmoniosamente para criar uma sensa\u00e7\u00e3o de frescura e tranquilidade, evocando a beleza do oceano. Este design, al\u00e9m de ser visualmente atraente, captura a ess\u00eancia da diversidade marinha, tornando-se uma recorda\u00e7\u00e3o perfeita para quem visita as costas espanholas e procura lembran\u00e7as que reflitam o seu amor pelo mar.<\/p>\n<p>Como distribuidor de recorda\u00e7\u00f5es por grosso, a Ol\u00e9 Mosaic oferece este produto \u00fanico, ideal para lojas de presentes tur\u00edsticos que desejem proporcionar aos seus clientes pe\u00e7as aut\u00eanticas e representativas da cultura mar\u00edtima. Esta capa de telem\u00f3vel n\u00e3o \u00e9 apenas um acess\u00f3rio pr\u00e1tico, mas tamb\u00e9m um testemunho do esplendor natural que se encontra nas \u00e1guas que banham as nossas costas, tornando-a uma excelente recorda\u00e7\u00e3o que traz para casa um peda\u00e7o do oceano.<\/p>\n","protected":false},"excerpt":{"rendered":"<p>Capa para iPhone 13 Pro Max fabricada em TPU, com um vibrante design de motivos marinhos. A capa apresenta uma colorida ilustra\u00e7\u00e3o que mostra uma cena submarina cheia de vida, onde se podem ver golfinhos e tartarugas a nadar entre corais e algas. Com um fundo azul profundo, esta pe\u00e7a destaca-se pelo seu estilo art\u00edstico, combinando tonalidades quentes e frias, ideal para os amantes do mar e da natureza.<\/p>\n","protected":false},"featured_media":12338,"template":"","meta":{"_acf_changed":false},"product_brand":[],"product_cat":[685],"product_tag":[516],"class_list":{"0":"post-27427","1":"product","2":"type-product","3":"status-publish","4":"has-post-thumbnail","6":"product_cat-capas-para-telemoveis","7":"product_tag-animais","8":"pa_motivo-animais-marinhos","10":"first","11":"instock","12":"shipping-taxable","13":"product-type-simple"},"acf":[],"_links":{"self":[{"href":"https:\/\/olemosaic.orbitalia.org\/pt-pt\/wp-json\/wp\/v2\/product\/27427","targetHints":{"allow":["GET"]}}],"collection":[{"href":"https:\/\/olemosaic.orbitalia.org\/pt-pt\/wp-json\/wp\/v2\/product"}],"about":[{"href":"https:\/\/olemosaic.orbitalia.org\/pt-pt\/wp-json\/wp\/v2\/types\/product"}],"wp:featuredmedia":[{"embeddable":true,"href":"https:\/\/olemosaic.orbitalia.org\/pt-pt\/wp-json\/wp\/v2\/media\/12338"}],"wp:attachment":[{"href":"https:\/\/olemosaic.orbitalia.org\/pt-pt\/wp-json\/wp\/v2\/media?parent=27427"}],"wp:term":[{"taxonomy":"product_brand","embeddable":true,"href":"https:\/\/olemosaic.orbitalia.org\/pt-pt\/wp-json\/wp\/v2\/product_brand?post=27427"},{"taxonomy":"product_cat","embeddable":true,"href":"https:\/\/olemosaic.orbitalia.org\/pt-pt\/wp-json\/wp\/v2\/product_cat?post=27427"},{"taxonomy":"product_tag","embeddable":true,"href":"https:\/\/olemosaic.orbitalia.org\/pt-pt\/wp-json\/wp\/v2\/product_tag?post=27427"}],"curies":[{"name":"wp","href":"https:\/\/api.w.org\/{rel}","templated":true}]}}