{"id":27362,"date":"2025-02-20T22:28:52","date_gmt":"2025-02-20T22:28:52","guid":{"rendered":"https:\/\/olemosaic.orbitalia.org\/producto\/funda-de-telefono-para-iphone-13-tpu-gato-barcelona-blanco\/"},"modified":"2025-07-25T18:41:33","modified_gmt":"2025-07-25T16:41:33","slug":"capa-de-telemovel-para-iphone-13-tpu-gato-barcelona-branco","status":"publish","type":"product","link":"https:\/\/olemosaic.orbitalia.org\/pt-pt\/produto\/capa-de-telemovel-para-iphone-13-tpu-gato-barcelona-branco\/","title":{"rendered":"Capa de telem\u00f3vel para iPhone 13 (TPU). Gato. Barcelona. Branco"},"content":{"rendered":"<p>Esta capa para iPhone 13 \u00e9 uma pe\u00e7a \u00fanica que captura a ess\u00eancia vibrante de Barcelona atrav\u00e9s de um design cativante de gato em estilo mosaico. Fabricada em TPU, este acess\u00f3rio n\u00e3o s\u00f3 protege o seu dispositivo de forma eficaz, como tamb\u00e9m \u00e9 uma declara\u00e7\u00e3o de estilo. O fundo branco real\u00e7a o impactante mosaico do gato, elaborado com uma explos\u00e3o de cores brilhantes: vermelhos, amarelos, azuis e verdes, criando uma imagem visualmente estimulante. Artisticamente rodeado de delicadas borboletas, o design acrescenta um toque l\u00fadico e fresco que evoca a alegria da vida nesta cidade emblem\u00e1tica.<\/p>\n<p>A est\u00e9tica da capa \u00e9 uma homenagem ao famoso estilo arquitet\u00f3nico de Antoni Gaud\u00ed, conhecido pelas suas obras cheias de cor e criatividade. Como souvenir representativo de Barcelona, esta capa captura a magia e a arte de uma das cidades mais visitadas da Europa. Ideal para turistas que procuram uma recorda\u00e7\u00e3o aut\u00eantica, este produto n\u00e3o \u00e9 apenas funcional, mas tamb\u00e9m serve como um lembrete atraente da rica cultura e do patrim\u00f3nio da cidade.<\/p>\n<p>Na Ol\u00e9 Mosaic, especializamo-nos na distribui\u00e7\u00e3o de souvenirs de alta qualidade, e esta capa de gato \u00e9 uma excelente op\u00e7\u00e3o tanto para amantes de Barcelona como para lojas de presentes tur\u00edsticos que desejem diversificar a sua oferta. Com ela, os compradores encontrar\u00e3o um artigo que combina utilidade e beleza, garantindo a satisfa\u00e7\u00e3o dos seus clientes.<\/p>\n","protected":false},"excerpt":{"rendered":"<p>Capa de telem\u00f3vel para iPhone 13 fabricada em TPU, decorada com um design vibrante de um gato sobre um fundo branco ao estilo mosaico, que evoca a ess\u00eancia de Barcelona. O gato, com cores brilhantes em tons de vermelho, amarelo, azul e verde, est\u00e1 rodeado de borboletas, acrescentando um toque l\u00fadico e fresco. A est\u00e9tica recorda as obras de Gaud\u00ed, o que a torna um acess\u00f3rio perfeito para os amantes da cidade e da sua arquitetura.<\/p>\n","protected":false},"featured_media":12278,"template":"","meta":{"_acf_changed":false},"product_brand":[],"product_cat":[685],"product_tag":[516],"class_list":{"0":"post-27362","1":"product","2":"type-product","3":"status-publish","4":"has-post-thumbnail","6":"product_cat-capas-para-telemoveis","7":"product_tag-animais","8":"pa_ciudad-barcelona","9":"pa_motivo-gatos","10":"pa_pais-espana","12":"first","13":"instock","14":"shipping-taxable","15":"product-type-simple"},"acf":[],"_links":{"self":[{"href":"https:\/\/olemosaic.orbitalia.org\/pt-pt\/wp-json\/wp\/v2\/product\/27362","targetHints":{"allow":["GET"]}}],"collection":[{"href":"https:\/\/olemosaic.orbitalia.org\/pt-pt\/wp-json\/wp\/v2\/product"}],"about":[{"href":"https:\/\/olemosaic.orbitalia.org\/pt-pt\/wp-json\/wp\/v2\/types\/product"}],"wp:featuredmedia":[{"embeddable":true,"href":"https:\/\/olemosaic.orbitalia.org\/pt-pt\/wp-json\/wp\/v2\/media\/12278"}],"wp:attachment":[{"href":"https:\/\/olemosaic.orbitalia.org\/pt-pt\/wp-json\/wp\/v2\/media?parent=27362"}],"wp:term":[{"taxonomy":"product_brand","embeddable":true,"href":"https:\/\/olemosaic.orbitalia.org\/pt-pt\/wp-json\/wp\/v2\/product_brand?post=27362"},{"taxonomy":"product_cat","embeddable":true,"href":"https:\/\/olemosaic.orbitalia.org\/pt-pt\/wp-json\/wp\/v2\/product_cat?post=27362"},{"taxonomy":"product_tag","embeddable":true,"href":"https:\/\/olemosaic.orbitalia.org\/pt-pt\/wp-json\/wp\/v2\/product_tag?post=27362"}],"curies":[{"name":"wp","href":"https:\/\/api.w.org\/{rel}","templated":true}]}}