{"id":27308,"date":"2025-02-20T22:28:50","date_gmt":"2025-02-20T22:28:50","guid":{"rendered":"https:\/\/olemosaic.orbitalia.org\/producto\/funda-de-telefono-para-iphone-12-promax-tpu-salamandra-negro\/"},"modified":"2025-07-25T18:50:59","modified_gmt":"2025-07-25T16:50:59","slug":"capa-de-telemovel-para-iphone-12-promax-tpu-salamandra-preto","status":"publish","type":"product","link":"https:\/\/olemosaic.orbitalia.org\/pt-pt\/produto\/capa-de-telemovel-para-iphone-12-promax-tpu-salamandra-preto\/","title":{"rendered":"Capa de telem\u00f3vel para iPhone 12 Pro Max (TPU). Salamandra. Preto"},"content":{"rendered":"<p>Esta capa para iPhone 12 Pro Max \u00e9 uma aut\u00eantica obra de arte inspirada na colorida fauna mediterr\u00e2nica. Fabricada em TPU, um material flex\u00edvel e resistente que protege o seu dispositivo, esta capa destaca-se pelo seu design vibrante, com diversas salamandras numa ampla gama de cores, cada uma adornada com padr\u00f5es \u00fanicos que evocam a rica heran\u00e7a do folclore. A base preta proporciona um contraste perfeito, real\u00e7ando a vivacidade das salamandras e das flores brilhantes que as acompanham, o que lhe confere um toque alegre e distintivo que chamar\u00e1 a aten\u00e7\u00e3o.<\/p>\n<p>Este acess\u00f3rio n\u00e3o s\u00f3 protege o seu telem\u00f3vel de choques e riscos, como tamb\u00e9m celebra a diversidade da fauna espanhola, tornando-se uma recorda\u00e7\u00e3o representativa que evoca as paisagens e a biodiversidade do sul. A salamandra, s\u00edmbolo de renova\u00e7\u00e3o e transforma\u00e7\u00e3o, reflete a liga\u00e7\u00e3o desta pe\u00e7a com a natureza e torna-a um souvenir ideal para quem deseja levar um pedacinho de cultura para casa.<\/p>\n<p>Na Ol\u00e9 Mosaic especializamo-nos na distribui\u00e7\u00e3o de souvenirs aut\u00eanticos, e esta capa de salamandra \u00e9 uma excelente op\u00e7\u00e3o para lojas de presentes tur\u00edsticos que procuram oferecer aos seus clientes algo \u00fanico. Este produto combina funcionalidade com um design culturalmente significativo, o que a torna um souvenir de qualidade.<\/p>\n","protected":false},"excerpt":{"rendered":"<p>Capa para iPhone 12 Pro Max fabricada em TPU, decorada com salamandras coloridas sobre um fundo preto. Este design vibrante mostra salamandras de diferentes cores e padr\u00f5es, juntamente com flores brilhantes que acrescentam um toque alegre e distintivo. A capa n\u00e3o s\u00f3 protege o seu dispositivo, como tamb\u00e9m reflete a rica fauna e o folclore cultural, tornando este acess\u00f3rio uma pe\u00e7a \u00fanica e atraente para os amantes da natureza.<\/p>\n","protected":false},"featured_media":13002,"template":"","meta":{"_acf_changed":false},"product_brand":[],"product_cat":[685],"product_tag":[516],"class_list":{"0":"post-27308","1":"product","2":"type-product","3":"status-publish","4":"has-post-thumbnail","6":"product_cat-capas-para-telemoveis","7":"product_tag-animais","8":"pa_motivo-salamandras","10":"first","11":"instock","12":"shipping-taxable","13":"product-type-simple"},"acf":[],"_links":{"self":[{"href":"https:\/\/olemosaic.orbitalia.org\/pt-pt\/wp-json\/wp\/v2\/product\/27308","targetHints":{"allow":["GET"]}}],"collection":[{"href":"https:\/\/olemosaic.orbitalia.org\/pt-pt\/wp-json\/wp\/v2\/product"}],"about":[{"href":"https:\/\/olemosaic.orbitalia.org\/pt-pt\/wp-json\/wp\/v2\/types\/product"}],"wp:featuredmedia":[{"embeddable":true,"href":"https:\/\/olemosaic.orbitalia.org\/pt-pt\/wp-json\/wp\/v2\/media\/13002"}],"wp:attachment":[{"href":"https:\/\/olemosaic.orbitalia.org\/pt-pt\/wp-json\/wp\/v2\/media?parent=27308"}],"wp:term":[{"taxonomy":"product_brand","embeddable":true,"href":"https:\/\/olemosaic.orbitalia.org\/pt-pt\/wp-json\/wp\/v2\/product_brand?post=27308"},{"taxonomy":"product_cat","embeddable":true,"href":"https:\/\/olemosaic.orbitalia.org\/pt-pt\/wp-json\/wp\/v2\/product_cat?post=27308"},{"taxonomy":"product_tag","embeddable":true,"href":"https:\/\/olemosaic.orbitalia.org\/pt-pt\/wp-json\/wp\/v2\/product_tag?post=27308"}],"curies":[{"name":"wp","href":"https:\/\/api.w.org\/{rel}","templated":true}]}}