{"id":27307,"date":"2025-02-20T22:28:50","date_gmt":"2025-02-20T22:28:50","guid":{"rendered":"https:\/\/olemosaic.orbitalia.org\/producto\/funda-de-telefono-para-iphone-12-promax-tpu-motivos-marinos-azul\/"},"modified":"2025-07-25T20:00:38","modified_gmt":"2025-07-25T18:00:38","slug":"capa-de-telemovel-para-iphone-12-promax-tpu-motivos-marinhos-azul","status":"publish","type":"product","link":"https:\/\/olemosaic.orbitalia.org\/pt-pt\/produto\/capa-de-telemovel-para-iphone-12-promax-tpu-motivos-marinhos-azul\/","title":{"rendered":"Capa de telem\u00f3vel para iPhone 12 Pro Max (TPU). Motivos marinhos. Azul"},"content":{"rendered":"<p>Esta capa para iPhone 12 Pro Max \u00e9 uma pe\u00e7a \u00fanica que reflete a beleza marinha de Maiorca, desenhada para quem deseja levar consigo um peda\u00e7o desta maravilhosa ilha. Fabricada em TPU, um material flex\u00edvel e duradouro, oferece uma excelente prote\u00e7\u00e3o contra choques e riscos, garantindo a seguran\u00e7a do seu dispositivo e, ao mesmo tempo, destacando o seu estilo pessoal. A capa apresenta motivos marinhos coloridos, com ilustra\u00e7\u00f5es vibrantes de peixes, tartarugas e cavalos-marinhos, tudo sobre um fundo azul que evoca a tranquilidade do Mediterr\u00e2neo. Na parte inferior, um mosaico que presta homenagem \u00e0s tradi\u00e7\u00f5es artesanais de Maiorca acrescenta um toque distintivo e cultural \u00e0 pe\u00e7a, enquanto o texto &#8220;Mallorca&#8221; complementa o design com eleg\u00e2ncia. Este souvenir n\u00e3o \u00e9 apenas um acess\u00f3rio pr\u00e1tico para o seu telem\u00f3vel, mas tamb\u00e9m uma recorda\u00e7\u00e3o representativa da rica cultura mediterr\u00e2nica. Como distribuidores de produtos aut\u00eanticos, na Ol\u00e9 Mosaic oferecemos esta capa marinha como uma excelente op\u00e7\u00e3o para lojas de presentes tur\u00edsticos, ideal para turistas que procuram recorda\u00e7\u00f5es que capturem a ess\u00eancia da sua viagem. Com esta capa, cada vez que pegar no seu telem\u00f3vel, recordar-se-\u00e1 da bela vida submarina de Maiorca.<\/p>\n","protected":false},"excerpt":{"rendered":"<p>Capa para iPhone 12 Pro Max fabricada em TPU, decorada com motivos marinhos coloridos inspirados na beleza de Maiorca. O design apresenta uma ilustra\u00e7\u00e3o vibrante de peixes, tartarugas e cavalos-marinhos sobre um fundo azul, evocando a riqueza da vida submarina. A parte inferior destaca-se por um mosaico que recorda as tradi\u00e7\u00f5es artesanais da ilha, e o texto &#8220;Mallorca&#8221; confere um toque distintivo e atraente.<\/p>\n","protected":false},"featured_media":12923,"template":"","meta":{"_acf_changed":false},"product_brand":[],"product_cat":[685],"product_tag":[516],"class_list":{"0":"post-27307","1":"product","2":"type-product","3":"status-publish","4":"has-post-thumbnail","6":"product_cat-capas-para-telemoveis","7":"product_tag-animais","8":"pa_ciudad-mallorca","9":"pa_motivo-animais-marinhos","10":"pa_pais-espana","12":"first","13":"instock","14":"shipping-taxable","15":"product-type-simple"},"acf":[],"_links":{"self":[{"href":"https:\/\/olemosaic.orbitalia.org\/pt-pt\/wp-json\/wp\/v2\/product\/27307","targetHints":{"allow":["GET"]}}],"collection":[{"href":"https:\/\/olemosaic.orbitalia.org\/pt-pt\/wp-json\/wp\/v2\/product"}],"about":[{"href":"https:\/\/olemosaic.orbitalia.org\/pt-pt\/wp-json\/wp\/v2\/types\/product"}],"wp:featuredmedia":[{"embeddable":true,"href":"https:\/\/olemosaic.orbitalia.org\/pt-pt\/wp-json\/wp\/v2\/media\/12923"}],"wp:attachment":[{"href":"https:\/\/olemosaic.orbitalia.org\/pt-pt\/wp-json\/wp\/v2\/media?parent=27307"}],"wp:term":[{"taxonomy":"product_brand","embeddable":true,"href":"https:\/\/olemosaic.orbitalia.org\/pt-pt\/wp-json\/wp\/v2\/product_brand?post=27307"},{"taxonomy":"product_cat","embeddable":true,"href":"https:\/\/olemosaic.orbitalia.org\/pt-pt\/wp-json\/wp\/v2\/product_cat?post=27307"},{"taxonomy":"product_tag","embeddable":true,"href":"https:\/\/olemosaic.orbitalia.org\/pt-pt\/wp-json\/wp\/v2\/product_tag?post=27307"}],"curies":[{"name":"wp","href":"https:\/\/api.w.org\/{rel}","templated":true}]}}