{"id":27302,"date":"2025-02-20T22:28:50","date_gmt":"2025-02-20T22:28:50","guid":{"rendered":"https:\/\/olemosaic.orbitalia.org\/producto\/funda-de-telefono-para-iphone-12-promax-tpu-gato-barcelona-blanco\/"},"modified":"2025-07-25T20:22:06","modified_gmt":"2025-07-25T18:22:06","slug":"capa-de-telemovel-para-iphone-12-promax-tpu-gato-barcelona-branco","status":"publish","type":"product","link":"https:\/\/olemosaic.orbitalia.org\/pt-pt\/produto\/capa-de-telemovel-para-iphone-12-promax-tpu-gato-barcelona-branco\/","title":{"rendered":"Capa de telem\u00f3vel para iPhone 12 Pro Max (TPU). Gato. Barcelona. Branco"},"content":{"rendered":"<p>Esta capa para iPhone 12 Pro Max \u00e9 um acess\u00f3rio imprescind\u00edvel para quem quer levar um peda\u00e7o da m\u00e1gica Barcelona para todo o lado. Fabricada em TPU de alta qualidade, oferece uma prote\u00e7\u00e3o robusta e leve para o seu dispositivo, garantindo que se mantenha a salvo de golpes e riscos. O que realmente se destaca nesta pe\u00e7a \u00e9 o seu vibrante design de um gato colorido, inspirado no ic\u00f3nico estilo de mosaico que caracteriza o modernismo barcelon\u00eas.<\/p>\n<p>O fundo branco da capa contrasta na perfei\u00e7\u00e3o com a imagem do gato, cujas formas geom\u00e9tricas e cores brilhantes evocam a ess\u00eancia art\u00edstica de Antoni Gaud\u00ed, um s\u00edmbolo cultural de Barcelona. Borboletas em tons vivos adornam o design, conferindo um toque de dinamismo e alegria que capta a aten\u00e7\u00e3o. A textura que imita os azulejos t\u00edpicos do modernismo acrescenta um elemento t\u00e1til que enriquece a experi\u00eancia visual do produto.<\/p>\n<p>Este souvenir n\u00e3o s\u00f3 \u00e9 pr\u00e1tico, como encapsula a autenticidade e o encanto de Barcelona, tornando-se uma excelente recorda\u00e7\u00e3o para turistas que procuram levar um peda\u00e7o da cidade. Na Ol\u00e9 Mosaic, especializamo-nos na distribui\u00e7\u00e3o de souvenirs por grosso, e esta capa de gato \u00e9 uma op\u00e7\u00e3o perfeita para lojas de presentes tur\u00edsticos que desejem oferecer produtos que fundam funcionalidade e tradi\u00e7\u00e3o cultural. Com esta capa, n\u00e3o s\u00f3 protege o seu telem\u00f3vel, como tamb\u00e9m celebra a riqueza do patrim\u00f3nio art\u00edstico espanhol.<\/p>\n","protected":false},"excerpt":{"rendered":"<p>Capa de telem\u00f3vel para iPhone 12 Pro Max fabricada em TPU, decorada com um design vibrante de um gato colorido que evoca o estilo do famoso mosaico barcelon\u00eas. Sobre um fundo branco e uma textura que imita os azulejos modernistas, a capa inclui borboletas em tons brilhantes que conferem dinamismo. Este acess\u00f3rio n\u00e3o s\u00f3 protege o seu dispositivo, como tamb\u00e9m capta a ess\u00eancia art\u00edstica e cultural da Cidade Condal.<\/p>\n","protected":false},"featured_media":12258,"template":"","meta":{"_acf_changed":false},"product_brand":[],"product_cat":[685],"product_tag":[516],"class_list":{"0":"post-27302","1":"product","2":"type-product","3":"status-publish","4":"has-post-thumbnail","6":"product_cat-capas-para-telemoveis","7":"product_tag-animais","8":"pa_ciudad-barcelona","9":"pa_motivo-gatos","10":"pa_pais-espana","12":"first","13":"instock","14":"shipping-taxable","15":"product-type-simple"},"acf":[],"_links":{"self":[{"href":"https:\/\/olemosaic.orbitalia.org\/pt-pt\/wp-json\/wp\/v2\/product\/27302","targetHints":{"allow":["GET"]}}],"collection":[{"href":"https:\/\/olemosaic.orbitalia.org\/pt-pt\/wp-json\/wp\/v2\/product"}],"about":[{"href":"https:\/\/olemosaic.orbitalia.org\/pt-pt\/wp-json\/wp\/v2\/types\/product"}],"wp:featuredmedia":[{"embeddable":true,"href":"https:\/\/olemosaic.orbitalia.org\/pt-pt\/wp-json\/wp\/v2\/media\/12258"}],"wp:attachment":[{"href":"https:\/\/olemosaic.orbitalia.org\/pt-pt\/wp-json\/wp\/v2\/media?parent=27302"}],"wp:term":[{"taxonomy":"product_brand","embeddable":true,"href":"https:\/\/olemosaic.orbitalia.org\/pt-pt\/wp-json\/wp\/v2\/product_brand?post=27302"},{"taxonomy":"product_cat","embeddable":true,"href":"https:\/\/olemosaic.orbitalia.org\/pt-pt\/wp-json\/wp\/v2\/product_cat?post=27302"},{"taxonomy":"product_tag","embeddable":true,"href":"https:\/\/olemosaic.orbitalia.org\/pt-pt\/wp-json\/wp\/v2\/product_tag?post=27302"}],"curies":[{"name":"wp","href":"https:\/\/api.w.org\/{rel}","templated":true}]}}