{"id":27256,"date":"2025-02-20T22:28:49","date_gmt":"2025-02-20T22:28:49","guid":{"rendered":"https:\/\/olemosaic.orbitalia.org\/producto\/funda-de-telefono-para-iphone-12-pro-tpu-panoramica-barcelona-azul\/"},"modified":"2025-07-25T19:11:20","modified_gmt":"2025-07-25T17:11:20","slug":"capa-de-telemovel-para-iphone-12-pro-tpu-panoramica-barcelona-azul","status":"publish","type":"product","link":"https:\/\/olemosaic.orbitalia.org\/pt-pt\/produto\/capa-de-telemovel-para-iphone-12-pro-tpu-panoramica-barcelona-azul\/","title":{"rendered":"Capa de telem\u00f3vel para iPhone 12 Pro (TPU). Panor\u00e2mica. Barcelona. Azul"},"content":{"rendered":"<p>Esta capa para iPhone 12 Pro \u00e9 uma recorda\u00e7\u00e3o excecional de Barcelona, ideal para quem deseja levar consigo um pedacinho desta vibrante cidade. Fabricada em TPU, proporciona uma prote\u00e7\u00e3o eficaz e leve para o seu dispositivo, ao mesmo tempo que apresenta um design panor\u00e2mico que captura a ess\u00eancia de um dos monumentos mais emblem\u00e1ticos da cidade: a majestosa Sagrada Fam\u00edlia. A ilustra\u00e7\u00e3o \u00e9 um banquete visual, onde os tons vivos e quentes de azul, amarelo e laranja evocam o ambiente mediterr\u00e2nico, criando uma atmosfera alegre e acolhedora.<\/p>\n<p>Na parte inferior da capa, a palavra &#8220;Barcelona&#8221; destaca-se com um design apelativo, adicionando um toque distintivo que real\u00e7a a sua liga\u00e7\u00e3o cultural. Al\u00e9m de ser um acess\u00f3rio funcional, esta capa representa uma recorda\u00e7\u00e3o aut\u00eantica que celebra a rica heran\u00e7a arquitet\u00f3nica e o dinamismo da cidade. Barcelona, famosa pela sua arte, arquitetura e cultura, ganha vida nesta pe\u00e7a, tornando-a o presente perfeito para turistas que procuram recorda\u00e7\u00f5es representativas.<\/p>\n<p>Na Ol\u00e9 Mosaic, orgulhamo-nos de ser distribuidores de recorda\u00e7\u00f5es por grosso, oferecendo produtos que encapsulam a ess\u00eancia de cada lugar. Esta capa n\u00e3o s\u00f3 protege dispositivos, como tamb\u00e9m serve como um magn\u00edfico lembrete da beleza de Barcelona, elevando qualquer cole\u00e7\u00e3o de recorda\u00e7\u00f5es.<\/p>\n","protected":false},"excerpt":{"rendered":"<p>Capa para iPhone 12 Pro de TPU, com uma vibrante panor\u00e2mica de Barcelona. O design colorido mostra uma ilustra\u00e7\u00e3o da majestosa Sagrada Fam\u00edlia, juntamente com elementos ic\u00f3nicos da cidade, tudo numa paleta de azuis, amarelos e laranjas que evoca o ambiente mediterr\u00e2nico. A palavra &#8220;Barcelona&#8221; destaca-se na parte inferior, adicionando um toque distintivo. Ideal para proteger o seu dispositivo enquanto celebra a beleza desta emblem\u00e1tica cidade.<\/p>\n","protected":false},"featured_media":12247,"template":"","meta":{"_acf_changed":false},"product_brand":[],"product_cat":[685],"product_tag":[],"class_list":{"0":"post-27256","1":"product","2":"type-product","3":"status-publish","4":"has-post-thumbnail","6":"product_cat-capas-para-telemoveis","7":"pa_ciudad-barcelona","8":"pa_motivo-panoramas","9":"pa_pais-espana","11":"first","12":"instock","13":"shipping-taxable","14":"product-type-simple"},"acf":[],"_links":{"self":[{"href":"https:\/\/olemosaic.orbitalia.org\/pt-pt\/wp-json\/wp\/v2\/product\/27256","targetHints":{"allow":["GET"]}}],"collection":[{"href":"https:\/\/olemosaic.orbitalia.org\/pt-pt\/wp-json\/wp\/v2\/product"}],"about":[{"href":"https:\/\/olemosaic.orbitalia.org\/pt-pt\/wp-json\/wp\/v2\/types\/product"}],"wp:featuredmedia":[{"embeddable":true,"href":"https:\/\/olemosaic.orbitalia.org\/pt-pt\/wp-json\/wp\/v2\/media\/12247"}],"wp:attachment":[{"href":"https:\/\/olemosaic.orbitalia.org\/pt-pt\/wp-json\/wp\/v2\/media?parent=27256"}],"wp:term":[{"taxonomy":"product_brand","embeddable":true,"href":"https:\/\/olemosaic.orbitalia.org\/pt-pt\/wp-json\/wp\/v2\/product_brand?post=27256"},{"taxonomy":"product_cat","embeddable":true,"href":"https:\/\/olemosaic.orbitalia.org\/pt-pt\/wp-json\/wp\/v2\/product_cat?post=27256"},{"taxonomy":"product_tag","embeddable":true,"href":"https:\/\/olemosaic.orbitalia.org\/pt-pt\/wp-json\/wp\/v2\/product_tag?post=27256"}],"curies":[{"name":"wp","href":"https:\/\/api.w.org\/{rel}","templated":true}]}}