{"id":27248,"date":"2025-02-20T22:28:48","date_gmt":"2025-02-20T22:28:48","guid":{"rendered":"https:\/\/olemosaic.orbitalia.org\/producto\/funda-de-telefono-para-iphone-12-tpu-forjas-azul\/"},"modified":"2025-07-25T18:47:39","modified_gmt":"2025-07-25T16:47:39","slug":"capa-de-telemovel-para-iphone-12-tpu-forjas-azul","status":"publish","type":"product","link":"https:\/\/olemosaic.orbitalia.org\/pt-pt\/produto\/capa-de-telemovel-para-iphone-12-tpu-forjas-azul\/","title":{"rendered":"Capa de telem\u00f3vel para iPhone 12 (TPU). Forjas. Azul"},"content":{"rendered":"<p>Esta capa para iPhone 12 \u00e9 um exemplo excecional de artesanato espanhol, elaborada em TPU, um material reconhecido pela sua resist\u00eancia e leveza. O design elegante apresenta um fundo azul, adornado com delicados motivos de forja em branco que evocam a rica tradi\u00e7\u00e3o artesanal de Espanha. O padr\u00e3o de filigranas, inspirado nas grades decorativas das antigas casas andaluzas, confere um toque distintivo que combina funcionalidade e est\u00e9tica. Cada curva e detalhe foi desenhado cuidadosamente para oferecer n\u00e3o s\u00f3 uma prote\u00e7\u00e3o eficaz ao seu dispositivo, mas tamb\u00e9m um car\u00e1ter cultural aut\u00eantico que real\u00e7a a beleza da heran\u00e7a espanhola.<\/p>\n<p>Este acess\u00f3rio n\u00e3o s\u00f3 embeleza o seu telem\u00f3vel, como tamb\u00e9m atua como um lembrete do encanto das tradi\u00e7\u00f5es andaluzas, tornando-se uma recorda\u00e7\u00e3o ideal para aqueles que desejam levar um pedacinho de Espanha consigo. Na Ol\u00e9 Mosaic, dedicamo-nos \u00e0 distribui\u00e7\u00e3o de recorda\u00e7\u00f5es por grosso, e esta capa para iPhone \u00e9 uma op\u00e7\u00e3o perfeita para lojas de recorda\u00e7\u00f5es tur\u00edsticas que procuram produtos que reflitam a autenticidade e a riqueza cultural de Espanha. Com a nossa sele\u00e7\u00e3o de capas, garantimos qualidade e um design exclusivo que se destaca no mercado de recorda\u00e7\u00f5es.<\/p>\n","protected":false},"excerpt":{"rendered":"<p>Capa para iPhone 12 de TPU com um belo design de forja em cor azul. Esta capa combina a resist\u00eancia e leveza do material com elegantes motivos em branco que evocam a tradi\u00e7\u00e3o artesanal espanhola. O seu design detalhado apresenta um padr\u00e3o de filigranas que recorda as grades decorativas das antigas casas andaluzas, oferecendo n\u00e3o s\u00f3 prote\u00e7\u00e3o, mas tamb\u00e9m um toque distintivo e cultural ao seu dispositivo.<\/p>\n","protected":false},"featured_media":12229,"template":"","meta":{"_acf_changed":false},"product_brand":[],"product_cat":[685],"product_tag":[],"class_list":{"0":"post-27248","1":"product","2":"type-product","3":"status-publish","4":"has-post-thumbnail","6":"product_cat-capas-para-telemoveis","7":"pa_motivo-forjas","9":"first","10":"instock","11":"shipping-taxable","12":"product-type-simple"},"acf":[],"_links":{"self":[{"href":"https:\/\/olemosaic.orbitalia.org\/pt-pt\/wp-json\/wp\/v2\/product\/27248","targetHints":{"allow":["GET"]}}],"collection":[{"href":"https:\/\/olemosaic.orbitalia.org\/pt-pt\/wp-json\/wp\/v2\/product"}],"about":[{"href":"https:\/\/olemosaic.orbitalia.org\/pt-pt\/wp-json\/wp\/v2\/types\/product"}],"wp:featuredmedia":[{"embeddable":true,"href":"https:\/\/olemosaic.orbitalia.org\/pt-pt\/wp-json\/wp\/v2\/media\/12229"}],"wp:attachment":[{"href":"https:\/\/olemosaic.orbitalia.org\/pt-pt\/wp-json\/wp\/v2\/media?parent=27248"}],"wp:term":[{"taxonomy":"product_brand","embeddable":true,"href":"https:\/\/olemosaic.orbitalia.org\/pt-pt\/wp-json\/wp\/v2\/product_brand?post=27248"},{"taxonomy":"product_cat","embeddable":true,"href":"https:\/\/olemosaic.orbitalia.org\/pt-pt\/wp-json\/wp\/v2\/product_cat?post=27248"},{"taxonomy":"product_tag","embeddable":true,"href":"https:\/\/olemosaic.orbitalia.org\/pt-pt\/wp-json\/wp\/v2\/product_tag?post=27248"}],"curies":[{"name":"wp","href":"https:\/\/api.w.org\/{rel}","templated":true}]}}