{"id":27202,"date":"2025-02-20T23:28:47","date_gmt":"2025-02-20T22:28:47","guid":{"rendered":"https:\/\/olemosaic.orbitalia.org\/producto\/funda-de-telefono-para-iphone-11-tpu-panoramica-barcelona-azul-2\/"},"modified":"2025-07-25T19:20:57","modified_gmt":"2025-07-25T17:20:57","slug":"capa-para-iphone-11-tpu-panoramica-barcelona-azul-2","status":"publish","type":"product","link":"https:\/\/olemosaic.orbitalia.org\/pt-pt\/produto\/capa-para-iphone-11-tpu-panoramica-barcelona-azul-2\/","title":{"rendered":"Capa para iPhone 11 (TPU). Panor\u00e2mica. Sagrada Fam\u00edlia. Barcelona. Azul"},"content":{"rendered":"<p>Esta capa para iPhone 11, fabricada em TPU, \u00e9 o acess\u00f3rio perfeito para quem quer levar um peda\u00e7o de Barcelona sempre consigo. Com uma atraente panor\u00e2mica em tons azuis, esta capa n\u00e3o s\u00f3 protege o seu dispositivo, como tamb\u00e9m o transforma numa obra de arte port\u00e1til. O design inclui detalhes vibrantes que evocam a famosa arquitetura da cidade, destacando elementos ic\u00f3nicos como a majestosa Sagrada Fam\u00edlia, com as suas torres imponentes. Al\u00e9m disso, os motivos florais conferem um toque fresco e alegre, criando uma combina\u00e7\u00e3o visual que captura a ess\u00eancia da vida barcelonesa.<\/p>\n<p>A influ\u00eancia do mosaico de Gaud\u00ed \u00e9 palp\u00e1vel nesta obra, recordando os coloridos e distintivos azulejos que adornam muitos dos seus monumentos. Este souvenir representa n\u00e3o apenas uma recorda\u00e7\u00e3o da cidade condal, mas tamb\u00e9m um tributo \u00e0 sua rica cultura e arte. Ao escolher esta capa como recorda\u00e7\u00e3o de Barcelona, n\u00e3o s\u00f3 adquire um produto funcional, mas tamb\u00e9m um peda\u00e7o de hist\u00f3ria e criatividade nas suas m\u00e3os.<\/p>\n<p>Na Ol\u00e9 Mosaic especializamo-nos na distribui\u00e7\u00e3o de souvenirs aut\u00eanticos e criativos, e esta capa para telem\u00f3vel \u00e9 uma excelente op\u00e7\u00e3o para lojas de recorda\u00e7\u00f5es tur\u00edsticas que procuram produtos que liguem os visitantes \u00e0 vibrante cultura de Barcelona. Como grossistas de capas de telem\u00f3vel, garantimos qualidade e originalidade em cada artigo.<\/p>\n","protected":false},"excerpt":{"rendered":"<p>Capa de telem\u00f3vel para iPhone 11 fabricada em TPU, com uma atraente panor\u00e2mica de Barcelona em tons azuis. O design inclui detalhes vibrantes da famosa arquitetura da cidade, destacando elementos ic\u00f3nicos como a Sagrada Fam\u00edlia, juntamente com motivos florais, tudo num estilo art\u00edstico que evoca o mosaico de Gaud\u00ed. Perfeita para proteger o seu dispositivo enquanto mostra o seu amor por esta cidade cheia de vida e cultura.<\/p>\n","protected":false},"featured_media":12143,"template":"","meta":{"_acf_changed":false},"product_brand":[],"product_cat":[685],"product_tag":[],"class_list":{"0":"post-27202","1":"product","2":"type-product","3":"status-publish","4":"has-post-thumbnail","6":"product_cat-capas-para-telemoveis","7":"pa_ciudad-barcelona","8":"pa_motivo-panoramas","9":"pa_pais-espana","11":"first","12":"instock","13":"shipping-taxable","14":"product-type-simple"},"acf":[],"_links":{"self":[{"href":"https:\/\/olemosaic.orbitalia.org\/pt-pt\/wp-json\/wp\/v2\/product\/27202","targetHints":{"allow":["GET"]}}],"collection":[{"href":"https:\/\/olemosaic.orbitalia.org\/pt-pt\/wp-json\/wp\/v2\/product"}],"about":[{"href":"https:\/\/olemosaic.orbitalia.org\/pt-pt\/wp-json\/wp\/v2\/types\/product"}],"wp:featuredmedia":[{"embeddable":true,"href":"https:\/\/olemosaic.orbitalia.org\/pt-pt\/wp-json\/wp\/v2\/media\/12143"}],"wp:attachment":[{"href":"https:\/\/olemosaic.orbitalia.org\/pt-pt\/wp-json\/wp\/v2\/media?parent=27202"}],"wp:term":[{"taxonomy":"product_brand","embeddable":true,"href":"https:\/\/olemosaic.orbitalia.org\/pt-pt\/wp-json\/wp\/v2\/product_brand?post=27202"},{"taxonomy":"product_cat","embeddable":true,"href":"https:\/\/olemosaic.orbitalia.org\/pt-pt\/wp-json\/wp\/v2\/product_cat?post=27202"},{"taxonomy":"product_tag","embeddable":true,"href":"https:\/\/olemosaic.orbitalia.org\/pt-pt\/wp-json\/wp\/v2\/product_tag?post=27202"}],"curies":[{"name":"wp","href":"https:\/\/api.w.org\/{rel}","templated":true}]}}