{"id":27193,"date":"2025-02-20T22:28:47","date_gmt":"2025-02-20T22:28:47","guid":{"rendered":"https:\/\/olemosaic.orbitalia.org\/producto\/funda-de-telefono-para-iphone-11-promax-tpu-panoramica-barcelona-blanco\/"},"modified":"2025-07-25T19:38:58","modified_gmt":"2025-07-25T17:38:58","slug":"capa-de-telemovel-para-iphone-11-pro-max-tpu-panoramica-barcelona-branco","status":"publish","type":"product","link":"https:\/\/olemosaic.orbitalia.org\/pt-pt\/produto\/capa-de-telemovel-para-iphone-11-pro-max-tpu-panoramica-barcelona-branco\/","title":{"rendered":"Capa de telem\u00f3vel para iPhone 11 Pro Max (TPU). Panor\u00e2mica. Barcelona. Branco"},"content":{"rendered":"<p>Esta capa para iPhone 11 Pro Max \u00e9 uma recorda\u00e7\u00e3o impressionante de Barcelona que n\u00e3o s\u00f3 protege o seu dispositivo, como tamb\u00e9m celebra a magn\u00edfica arquitetura da cidade. Fabricada em TPU, esta capa apresenta um design vibrante com uma panor\u00e2mica dos ic\u00f3nicos edif\u00edcios de Antoni Gaud\u00ed, como a inigual\u00e1vel Sagrada Fam\u00edlia e a colorida Casa Batll\u00f3, imortalizados num atraente mosaico de cores brilhantes sobre um fundo branco. A combina\u00e7\u00e3o de tons vermelhos, amarelos, verdes e azuis evoca a energia e criatividade que caracterizam a cidade, transformando o seu telem\u00f3vel numa aut\u00eantica obra de arte que real\u00e7a a riqueza cultural de Barcelona.<\/p>\n<p>Como uma excelente recorda\u00e7\u00e3o representativa da capital catal\u00e3, esta capa destaca-se n\u00e3o s\u00f3 pela sua est\u00e9tica, mas tamb\u00e9m pela sua funcionalidade. Proporciona uma prote\u00e7\u00e3o robusta contra quedas e riscos, garantindo que o seu telem\u00f3vel permane\u00e7a em perfeitas condi\u00e7\u00f5es enquanto mostra o seu amor pela cidade. \u00c9 a escolha ideal para turistas que procuram recorda\u00e7\u00f5es aut\u00eanticas e o presente perfeito para aqueles que desejam levar um peda\u00e7o de Barcelona consigo. Na Ol\u00e9 Mosaic, somos distribuidores de produtos representativos de qualidade e esta espetacular capa \u00e9 um grande exemplo do nosso compromisso com a autenticidade e o design cultural, perfeita para as lojas de recorda\u00e7\u00f5es tur\u00edsticas que procuram oferecer lembran\u00e7as de Barcelona que marquem a diferen\u00e7a.<\/p>\n","protected":false},"excerpt":{"rendered":"<p>Capa para iPhone 11 Pro Max fabricada em TPU, com uma vibrante panor\u00e2mica de Barcelona. Este design ilustrativo mostra os emblem\u00e1ticos edif\u00edcios de Antoni Gaud\u00ed, como a Sagrada Fam\u00edlia e a Casa Batll\u00f3, num atraente mosaico de cores brilhantes sobre um fundo branco. A capa n\u00e3o s\u00f3 protege o telem\u00f3vel, como tamb\u00e9m real\u00e7a a beleza arquitet\u00f3nica da cidade, ideal para exibir o seu amor por Barcelona no seu dia a dia.<\/p>\n","protected":false},"featured_media":12199,"template":"","meta":{"_acf_changed":false},"product_brand":[],"product_cat":[685],"product_tag":[],"class_list":{"0":"post-27193","1":"product","2":"type-product","3":"status-publish","4":"has-post-thumbnail","6":"product_cat-capas-para-telemoveis","7":"pa_ciudad-barcelona","8":"pa_motivo-panoramas","9":"pa_pais-espana","11":"first","12":"instock","13":"shipping-taxable","14":"product-type-simple"},"acf":[],"_links":{"self":[{"href":"https:\/\/olemosaic.orbitalia.org\/pt-pt\/wp-json\/wp\/v2\/product\/27193","targetHints":{"allow":["GET"]}}],"collection":[{"href":"https:\/\/olemosaic.orbitalia.org\/pt-pt\/wp-json\/wp\/v2\/product"}],"about":[{"href":"https:\/\/olemosaic.orbitalia.org\/pt-pt\/wp-json\/wp\/v2\/types\/product"}],"wp:featuredmedia":[{"embeddable":true,"href":"https:\/\/olemosaic.orbitalia.org\/pt-pt\/wp-json\/wp\/v2\/media\/12199"}],"wp:attachment":[{"href":"https:\/\/olemosaic.orbitalia.org\/pt-pt\/wp-json\/wp\/v2\/media?parent=27193"}],"wp:term":[{"taxonomy":"product_brand","embeddable":true,"href":"https:\/\/olemosaic.orbitalia.org\/pt-pt\/wp-json\/wp\/v2\/product_brand?post=27193"},{"taxonomy":"product_cat","embeddable":true,"href":"https:\/\/olemosaic.orbitalia.org\/pt-pt\/wp-json\/wp\/v2\/product_cat?post=27193"},{"taxonomy":"product_tag","embeddable":true,"href":"https:\/\/olemosaic.orbitalia.org\/pt-pt\/wp-json\/wp\/v2\/product_tag?post=27193"}],"curies":[{"name":"wp","href":"https:\/\/api.w.org\/{rel}","templated":true}]}}