{"id":27192,"date":"2025-02-20T22:28:47","date_gmt":"2025-02-20T22:28:47","guid":{"rendered":"https:\/\/olemosaic.orbitalia.org\/producto\/funda-de-telefono-para-iphone-11-promax-tpu-panoramica-barcelona-azul-2\/"},"modified":"2025-07-25T19:48:17","modified_gmt":"2025-07-25T17:48:17","slug":"capa-de-telemovel-para-iphone-11-pro-max-tpu-panoramica-barcelona-azul","status":"publish","type":"product","link":"https:\/\/olemosaic.orbitalia.org\/pt-pt\/produto\/capa-de-telemovel-para-iphone-11-pro-max-tpu-panoramica-barcelona-azul\/","title":{"rendered":"Capa de telem\u00f3vel para iPhone 11 Pro Max (TPU). Panor\u00e2mica. Barcelona. Azul"},"content":{"rendered":"<p>Esta capa para iPhone 11 Pro Max \u00e9 uma atraente recorda\u00e7\u00e3o de Barcelona, desenhada para proteger o seu dispositivo e, ao mesmo tempo, destacar a ess\u00eancia vibrante desta ic\u00f3nica cidade. Fabricada com material TPU de alta qualidade, a capa apresenta uma panor\u00e2mica colorida que captura a ess\u00eancia \u00fanica de Barcelona, mostrando elementos emblem\u00e1ticos como a impressionante Sagrada Fam\u00edlia, edif\u00edcios de arquitetura moderna e um fundo azul que evoca o famoso mosaico de Gaud\u00ed. As letras &#8220;Barcelona&#8221; destacam-se em tons chamativos, conferindo um toque art\u00edstico e urbano que presta homenagem ao esp\u00edrito din\u00e2mico da cidade.<\/p>\n<p>Cada detalhe desta capa foi cuidadosamente pensado, desde os motivos que representam a rica hist\u00f3ria e cultura de Barcelona at\u00e9 ao estilo contempor\u00e2neo que a caracteriza. Esta recorda\u00e7\u00e3o \u00e9 ideal para os turistas que procuram uma lembran\u00e7a aut\u00eantica e representativa da sua visita, combinando funcionalidade e est\u00e9tica. Na Ol\u00e9 Mosaic, especializamo-nos na distribui\u00e7\u00e3o de recorda\u00e7\u00f5es por grosso, e esta capa n\u00e3o s\u00f3 serve como prote\u00e7\u00e3o para smartphones, como tamb\u00e9m encapsula o patrim\u00f3nio cultural de Barcelona, tornando-a uma excelente op\u00e7\u00e3o para lojas de recorda\u00e7\u00f5es tur\u00edsticas. Ao escolher este produto, oferece-se aos clientes uma pe\u00e7a da cultura catal\u00e3 que podem levar para casa e desfrutar diariamente.<\/p>\n","protected":false},"excerpt":{"rendered":"<p>Capa de telem\u00f3vel para iPhone 11 Pro Max, fabricada em TPU com uma vibrante panor\u00e2mica de Barcelona. Este design colorido apresenta elementos ic\u00f3nicos da cidade, como a Sagrada Fam\u00edlia e edif\u00edcios modernos, sobre um fundo azul que evoca o mosaico tradicional. As letras &#8220;Barcelona&#8221;, em tons chamativos, adicionam um toque art\u00edstico e urbano, transformando esta capa num elemento atraente e funcional que protege o seu dispositivo enquanto celebra a ess\u00eancia da cidade.<\/p>\n","protected":false},"featured_media":12204,"template":"","meta":{"_acf_changed":false},"product_brand":[],"product_cat":[685],"product_tag":[],"class_list":{"0":"post-27192","1":"product","2":"type-product","3":"status-publish","4":"has-post-thumbnail","6":"product_cat-capas-para-telemoveis","7":"pa_ciudad-barcelona","8":"pa_motivo-panoramas","9":"pa_pais-espana","11":"first","12":"instock","13":"shipping-taxable","14":"product-type-simple"},"acf":[],"_links":{"self":[{"href":"https:\/\/olemosaic.orbitalia.org\/pt-pt\/wp-json\/wp\/v2\/product\/27192","targetHints":{"allow":["GET"]}}],"collection":[{"href":"https:\/\/olemosaic.orbitalia.org\/pt-pt\/wp-json\/wp\/v2\/product"}],"about":[{"href":"https:\/\/olemosaic.orbitalia.org\/pt-pt\/wp-json\/wp\/v2\/types\/product"}],"wp:featuredmedia":[{"embeddable":true,"href":"https:\/\/olemosaic.orbitalia.org\/pt-pt\/wp-json\/wp\/v2\/media\/12204"}],"wp:attachment":[{"href":"https:\/\/olemosaic.orbitalia.org\/pt-pt\/wp-json\/wp\/v2\/media?parent=27192"}],"wp:term":[{"taxonomy":"product_brand","embeddable":true,"href":"https:\/\/olemosaic.orbitalia.org\/pt-pt\/wp-json\/wp\/v2\/product_brand?post=27192"},{"taxonomy":"product_cat","embeddable":true,"href":"https:\/\/olemosaic.orbitalia.org\/pt-pt\/wp-json\/wp\/v2\/product_cat?post=27192"},{"taxonomy":"product_tag","embeddable":true,"href":"https:\/\/olemosaic.orbitalia.org\/pt-pt\/wp-json\/wp\/v2\/product_tag?post=27192"}],"curies":[{"name":"wp","href":"https:\/\/api.w.org\/{rel}","templated":true}]}}