{"id":27142,"date":"2025-02-20T22:28:45","date_gmt":"2025-02-20T22:28:45","guid":{"rendered":"https:\/\/olemosaic.orbitalia.org\/producto\/funda-de-telefono-para-iphone-11-pro-tpu-abstracto-verde\/"},"modified":"2025-07-25T18:45:56","modified_gmt":"2025-07-25T16:45:56","slug":"capa-para-telemovel-para-iphone-11-pro-tpu-abstrato-verde","status":"publish","type":"product","link":"https:\/\/olemosaic.orbitalia.org\/pt-pt\/produto\/capa-para-telemovel-para-iphone-11-pro-tpu-abstrato-verde\/","title":{"rendered":"Capa para telem\u00f3vel para iPhone 11 Pro (TPU). Abstrato. Verde"},"content":{"rendered":"<p>Esta capa para iPhone 11 Pro \u00e9 um acess\u00f3rio excecional, fabricada em TPU que combina durabilidade e estilo. O seu design abstrato em vibrantes tons verdes, vermelhos, amarelos e azuis destaca-se pelas suas formas fluidas, tornando-se uma aut\u00eantica obra de arte que transforma o telem\u00f3vel numa declara\u00e7\u00e3o de personalidade. O acabamento suave e flex\u00edvel da capa permite um ajuste perfeito ao dispositivo, garantindo uma prote\u00e7\u00e3o eficaz contra quedas e riscos.<\/p>\n<p>A fus\u00e3o de cores vivas e padr\u00f5es din\u00e2micos n\u00e3o s\u00f3 revitaliza a apar\u00eancia do iPhone, como tamb\u00e9m evoca uma sensa\u00e7\u00e3o contempor\u00e2nea e art\u00edstica, ideal para quem procura um estilo \u00fanico nos seus acess\u00f3rios. Este produto \u00e9 perfeito como recorda\u00e7\u00e3o de viagem, pois evoca a criatividade e a diversidade cultural. Atrair\u00e1 tanto turistas como locais que apreciem a mistura de modernidade e arte no seu dia a dia.<\/p>\n<p>Na Ol\u00e9 Mosaic, especializamo-nos na distribui\u00e7\u00e3o de recorda\u00e7\u00f5es por grosso, e esta capa \u00e9 uma excelente op\u00e7\u00e3o para lojas de presentes tur\u00edsticos que oferecem produtos com um toque distintivo. Como grossistas de acess\u00f3rios, garantimos autenticidade e qualidade em cada uma das nossas pe\u00e7as, assegurando que cada cliente encontre algo realmente especial.<\/p>\n","protected":false},"excerpt":{"rendered":"<p>Capa de telem\u00f3vel para iPhone 11 Pro fabricada em TPU, com um design abstrato em tons verdes, vermelhos, amarelos e azuis. Este elegante acess\u00f3rio apresenta um acabamento suave e flex\u00edvel que se adapta perfeitamente ao dispositivo, oferecendo prote\u00e7\u00e3o contra quedas e riscos. A vibrante combina\u00e7\u00e3o de cores e formas fluidas confere um toque art\u00edstico e moderno, ideal para quem procura um estilo \u00fanico e contempor\u00e2neo para o seu smartphone.<\/p>\n","protected":false},"featured_media":12161,"template":"","meta":{"_acf_changed":false},"product_brand":[],"product_cat":[685],"product_tag":[],"class_list":{"0":"post-27142","1":"product","2":"type-product","3":"status-publish","4":"has-post-thumbnail","6":"product_cat-capas-para-telemoveis","7":"pa_motivo-resumo","9":"first","10":"instock","11":"shipping-taxable","12":"product-type-simple"},"acf":[],"_links":{"self":[{"href":"https:\/\/olemosaic.orbitalia.org\/pt-pt\/wp-json\/wp\/v2\/product\/27142","targetHints":{"allow":["GET"]}}],"collection":[{"href":"https:\/\/olemosaic.orbitalia.org\/pt-pt\/wp-json\/wp\/v2\/product"}],"about":[{"href":"https:\/\/olemosaic.orbitalia.org\/pt-pt\/wp-json\/wp\/v2\/types\/product"}],"wp:featuredmedia":[{"embeddable":true,"href":"https:\/\/olemosaic.orbitalia.org\/pt-pt\/wp-json\/wp\/v2\/media\/12161"}],"wp:attachment":[{"href":"https:\/\/olemosaic.orbitalia.org\/pt-pt\/wp-json\/wp\/v2\/media?parent=27142"}],"wp:term":[{"taxonomy":"product_brand","embeddable":true,"href":"https:\/\/olemosaic.orbitalia.org\/pt-pt\/wp-json\/wp\/v2\/product_brand?post=27142"},{"taxonomy":"product_cat","embeddable":true,"href":"https:\/\/olemosaic.orbitalia.org\/pt-pt\/wp-json\/wp\/v2\/product_cat?post=27142"},{"taxonomy":"product_tag","embeddable":true,"href":"https:\/\/olemosaic.orbitalia.org\/pt-pt\/wp-json\/wp\/v2\/product_tag?post=27142"}],"curies":[{"name":"wp","href":"https:\/\/api.w.org\/{rel}","templated":true}]}}