{"id":27141,"date":"2025-02-20T22:28:45","date_gmt":"2025-02-20T22:28:45","guid":{"rendered":"https:\/\/olemosaic.orbitalia.org\/producto\/funda-de-telefono-para-iphone-11-pro-tpu-forjas-azul\/"},"modified":"2025-07-25T19:28:47","modified_gmt":"2025-07-25T17:28:47","slug":"capa-para-telemovel-para-iphone-11-pro-tpu-forjas-azul","status":"publish","type":"product","link":"https:\/\/olemosaic.orbitalia.org\/pt-pt\/produto\/capa-para-telemovel-para-iphone-11-pro-tpu-forjas-azul\/","title":{"rendered":"Capa para telem\u00f3vel para iPhone 11 Pro (TPU). Forjas. Azul"},"content":{"rendered":"<p>Esta capa para iPhone 11 Pro \u00e9 um acess\u00f3rio excecional que combina eleg\u00e2ncia e prote\u00e7\u00e3o na perfei\u00e7\u00e3o. Fabricada em TPU, o seu design apresenta um intrincado padr\u00e3o de forja em cor branca sobre um fundo azul profundo, evocando a rica tradi\u00e7\u00e3o da ornamenta\u00e7\u00e3o espanhola. Este motivo ornamental n\u00e3o s\u00f3 embeleza o telem\u00f3vel, como tamb\u00e9m presta homenagem \u00e0 arte da forja que caracterizou muitas regi\u00f5es de Espanha, transformando um objeto quotidiano numa pe\u00e7a de arte cultural. A qualidade do material TPU assegura que a capa se ajuste perfeitamente ao dispositivo, proporcionando uma prote\u00e7\u00e3o eficaz contra impactos e riscos, enquanto o seu acabamento suave ao toque oferece uma experi\u00eancia de utiliza\u00e7\u00e3o agrad\u00e1vel. \u00c9 ideal para quem procura personalizar o seu dispositivo de forma distintiva, ao mesmo tempo que transporta um fragmento da cultura espanhola. Como distribuidor de recorda\u00e7\u00f5es por grosso, a Ol\u00e9 Mosaic oferece esta capa como uma excelente recorda\u00e7\u00e3o cultural para turistas, tornando-a uma escolha ideal para lojas de presentes que desejem oferecer produtos aut\u00eanticos e de qualidade. Esta capa de forja n\u00e3o s\u00f3 protege, como tamb\u00e9m liga os utilizadores \u00e0 rica heran\u00e7a visual da arte espanhola.<\/p>\n","protected":false},"excerpt":{"rendered":"<p>Capa para iPhone 11 Pro fabricada em TPU, decorada com um intrincado design de forja em cor branca sobre fundo azul. Este acess\u00f3rio combina eleg\u00e2ncia e prote\u00e7\u00e3o, apresentando um motivo ornamental que evoca a arte tradicional espanhola. O seu acabamento oferece um toque sofisticado, tornando-a uma op\u00e7\u00e3o ideal para quem procura personalizar o seu dispositivo com um estilo distintivo e cultural.<\/p>\n","protected":false},"featured_media":12168,"template":"","meta":{"_acf_changed":false},"product_brand":[],"product_cat":[685],"product_tag":[],"class_list":{"0":"post-27141","1":"product","2":"type-product","3":"status-publish","4":"has-post-thumbnail","6":"product_cat-capas-para-telemoveis","7":"pa_motivo-forjas","9":"first","10":"instock","11":"shipping-taxable","12":"product-type-simple"},"acf":[],"_links":{"self":[{"href":"https:\/\/olemosaic.orbitalia.org\/pt-pt\/wp-json\/wp\/v2\/product\/27141","targetHints":{"allow":["GET"]}}],"collection":[{"href":"https:\/\/olemosaic.orbitalia.org\/pt-pt\/wp-json\/wp\/v2\/product"}],"about":[{"href":"https:\/\/olemosaic.orbitalia.org\/pt-pt\/wp-json\/wp\/v2\/types\/product"}],"wp:featuredmedia":[{"embeddable":true,"href":"https:\/\/olemosaic.orbitalia.org\/pt-pt\/wp-json\/wp\/v2\/media\/12168"}],"wp:attachment":[{"href":"https:\/\/olemosaic.orbitalia.org\/pt-pt\/wp-json\/wp\/v2\/media?parent=27141"}],"wp:term":[{"taxonomy":"product_brand","embeddable":true,"href":"https:\/\/olemosaic.orbitalia.org\/pt-pt\/wp-json\/wp\/v2\/product_brand?post=27141"},{"taxonomy":"product_cat","embeddable":true,"href":"https:\/\/olemosaic.orbitalia.org\/pt-pt\/wp-json\/wp\/v2\/product_cat?post=27141"},{"taxonomy":"product_tag","embeddable":true,"href":"https:\/\/olemosaic.orbitalia.org\/pt-pt\/wp-json\/wp\/v2\/product_tag?post=27141"}],"curies":[{"name":"wp","href":"https:\/\/api.w.org\/{rel}","templated":true}]}}