{"id":27130,"date":"2025-02-20T22:28:44","date_gmt":"2025-02-20T22:28:44","guid":{"rendered":"https:\/\/olemosaic.orbitalia.org\/producto\/funda-de-telefono-para-iphone-11-tpu-gato-mallorca-negro\/"},"modified":"2025-07-25T20:08:26","modified_gmt":"2025-07-25T18:08:26","slug":"capa-de-telemovel-para-iphone-11-tpu-gato-maiorca-preto","status":"publish","type":"product","link":"https:\/\/olemosaic.orbitalia.org\/pt-pt\/produto\/capa-de-telemovel-para-iphone-11-tpu-gato-maiorca-preto\/","title":{"rendered":"Capa de telem\u00f3vel para iPhone 11 (TPU). Gato. Maiorca. Preto"},"content":{"rendered":"<p>Esta capa para iPhone 11 \u00e9 elegante e funcional, pensada para quem deseja levar consigo um pouco da ess\u00eancia de Maiorca. Fabricada em TPU duradouro, n\u00e3o s\u00f3 protege o seu dispositivo, como tamb\u00e9m apresenta uma ilustra\u00e7\u00e3o vibrante de um gato ao estilo mosaico, com cores brilhantes. O design colorido, que inclui borboletas que complementam a cena, capta a beleza natural das Ilhas Baleares e confere um toque art\u00edstico ao seu telem\u00f3vel. A base preta real\u00e7a os tons deslumbrantes do gato, criando um contraste atraente que far\u00e1 o seu dispositivo destacar-se. Esta combina\u00e7\u00e3o de funcionalidade e estilo torna a capa uma op\u00e7\u00e3o ideal para os turistas que procuram uma recorda\u00e7\u00e3o representativa da sua viagem, bem como para quem valoriza a arte e a cultura local. Ao escolher este produto da Ol\u00e9 Mosaic, escolhe uma recorda\u00e7\u00e3o aut\u00eantica que reflete a rica heran\u00e7a cultural de Maiorca. \u00c9 uma excelente op\u00e7\u00e3o para lojas de presentes tur\u00edsticos que procurem acess\u00f3rios \u00fanicos e apelativos, perfeitos para quem deseja levar um pedacinho da cultura balear consigo.<\/p>\n","protected":false},"excerpt":{"rendered":"<p>Capa para iPhone 11 de TPU, adornada com uma ilustra\u00e7\u00e3o vibrante de um gato estilo mosaico em cores vivas. O design evoca a ess\u00eancia de Maiorca, com borboletas que completam a cena. A base preta real\u00e7a o colorido do gato, criando um contraste atraente. Ideal para quem procura um acess\u00f3rio funcional e art\u00edstico que represente a cultura balear. Uma forma perfeita de proteger o seu telem\u00f3vel com estilo.<\/p>\n","protected":false},"featured_media":13380,"template":"","meta":{"_acf_changed":false},"product_brand":[],"product_cat":[685],"product_tag":[516],"class_list":{"0":"post-27130","1":"product","2":"type-product","3":"status-publish","4":"has-post-thumbnail","6":"product_cat-capas-para-telemoveis","7":"product_tag-animais","8":"pa_ciudad-mallorca","9":"pa_motivo-gatos","10":"pa_pais-espana","12":"first","13":"instock","14":"shipping-taxable","15":"product-type-simple"},"acf":[],"_links":{"self":[{"href":"https:\/\/olemosaic.orbitalia.org\/pt-pt\/wp-json\/wp\/v2\/product\/27130","targetHints":{"allow":["GET"]}}],"collection":[{"href":"https:\/\/olemosaic.orbitalia.org\/pt-pt\/wp-json\/wp\/v2\/product"}],"about":[{"href":"https:\/\/olemosaic.orbitalia.org\/pt-pt\/wp-json\/wp\/v2\/types\/product"}],"wp:featuredmedia":[{"embeddable":true,"href":"https:\/\/olemosaic.orbitalia.org\/pt-pt\/wp-json\/wp\/v2\/media\/13380"}],"wp:attachment":[{"href":"https:\/\/olemosaic.orbitalia.org\/pt-pt\/wp-json\/wp\/v2\/media?parent=27130"}],"wp:term":[{"taxonomy":"product_brand","embeddable":true,"href":"https:\/\/olemosaic.orbitalia.org\/pt-pt\/wp-json\/wp\/v2\/product_brand?post=27130"},{"taxonomy":"product_cat","embeddable":true,"href":"https:\/\/olemosaic.orbitalia.org\/pt-pt\/wp-json\/wp\/v2\/product_cat?post=27130"},{"taxonomy":"product_tag","embeddable":true,"href":"https:\/\/olemosaic.orbitalia.org\/pt-pt\/wp-json\/wp\/v2\/product_tag?post=27130"}],"curies":[{"name":"wp","href":"https:\/\/api.w.org\/{rel}","templated":true}]}}