{"id":27122,"date":"2025-02-20T22:28:44","date_gmt":"2025-02-20T22:28:44","guid":{"rendered":"https:\/\/olemosaic.orbitalia.org\/producto\/funda-de-telefono-para-samsung-a14-tpu-gato-barcelona-negro\/"},"modified":"2025-07-25T19:16:16","modified_gmt":"2025-07-25T17:16:16","slug":"capa-de-telemovel-para-samsung-a14-tpu-gato-barcelona-preto","status":"publish","type":"product","link":"https:\/\/olemosaic.orbitalia.org\/pt-pt\/produto\/capa-de-telemovel-para-samsung-a14-tpu-gato-barcelona-preto\/","title":{"rendered":"Capa de telem\u00f3vel para Samsung A14 (TPU). Gato. Barcelona. Preto"},"content":{"rendered":"<p>Esta capa de TPU para o Samsung A14 \u00e9 um acess\u00f3rio vibrante que funde prote\u00e7\u00e3o e arte, ideal para os amantes de Barcelona. Decorada com um design engenhoso de um gato estilizado, esta capa capta a ess\u00eancia da cidade atrav\u00e9s da arte modernista que a caracteriza. O gato, delineado em formas geom\u00e9tricas, apresenta uma explos\u00e3o de cores vibrantes, com tons intensos de azul, amarelo, vermelho e verde, que evocam a rica paleta do patrim\u00f3nio art\u00edstico catal\u00e3o. Rodeado de borboletas multicoloridas que esvoa\u00e7am alegremente, este design n\u00e3o s\u00f3 \u00e9 visualmente impactante, como tamb\u00e9m acrescenta um ar l\u00fadico e criativo a qualquer telem\u00f3vel.<\/p>\n<p>Com um elegante fundo preto, esta capa n\u00e3o s\u00f3 destaca o design colorido, como tamb\u00e9m oferece uma excelente prote\u00e7\u00e3o contra choques e riscos, garantindo que o dispositivo esteja seguro em qualquer situa\u00e7\u00e3o. Como recorda\u00e7\u00e3o representativa de Barcelona, este artigo \u00e9 perfeito para turistas que procuram um souvenir aut\u00eantico que encapsule a magia da cidade. Na Ol\u00e9 Mosaic, somos distribuidores de acess\u00f3rios \u00fanicos por grosso, e esta capa \u00e9 uma excelente op\u00e7\u00e3o para lojas de presentes tur\u00edsticos que desejem oferecer produtos que combinam funcionalidade e o rico patrim\u00f3nio cultural de Espanha. Um presente perfeito que reflete o esp\u00edrito vibrante de Barcelona e a criatividade da sua arte.<\/p>\n","protected":false},"excerpt":{"rendered":"<p>Capa de telem\u00f3vel de TPU para Samsung A14, decorada com um design colorido de um gato estilizado. Inspirada na arte modernista barcelonesa, a capa apresenta um gato de formas geom\u00e9tricas em tons vibrantes de azul, amarelo, vermelho e verde, rodeado de borboletas multicoloridas que lhe d\u00e3o um toque alegre. Com um fundo preto, esta capa n\u00e3o s\u00f3 protege o telem\u00f3vel, como tamb\u00e9m acrescenta um toque art\u00edstico e distintivo, destacando a ess\u00eancia da cidade.<\/p>\n","protected":false},"featured_media":12552,"template":"","meta":{"_acf_changed":false},"product_brand":[],"product_cat":[685],"product_tag":[516],"class_list":{"0":"post-27122","1":"product","2":"type-product","3":"status-publish","4":"has-post-thumbnail","6":"product_cat-capas-para-telemoveis","7":"product_tag-animais","8":"pa_ciudad-barcelona","9":"pa_motivo-gatos","10":"pa_pais-espana","12":"first","13":"instock","14":"shipping-taxable","15":"product-type-simple"},"acf":[],"_links":{"self":[{"href":"https:\/\/olemosaic.orbitalia.org\/pt-pt\/wp-json\/wp\/v2\/product\/27122","targetHints":{"allow":["GET"]}}],"collection":[{"href":"https:\/\/olemosaic.orbitalia.org\/pt-pt\/wp-json\/wp\/v2\/product"}],"about":[{"href":"https:\/\/olemosaic.orbitalia.org\/pt-pt\/wp-json\/wp\/v2\/types\/product"}],"wp:featuredmedia":[{"embeddable":true,"href":"https:\/\/olemosaic.orbitalia.org\/pt-pt\/wp-json\/wp\/v2\/media\/12552"}],"wp:attachment":[{"href":"https:\/\/olemosaic.orbitalia.org\/pt-pt\/wp-json\/wp\/v2\/media?parent=27122"}],"wp:term":[{"taxonomy":"product_brand","embeddable":true,"href":"https:\/\/olemosaic.orbitalia.org\/pt-pt\/wp-json\/wp\/v2\/product_brand?post=27122"},{"taxonomy":"product_cat","embeddable":true,"href":"https:\/\/olemosaic.orbitalia.org\/pt-pt\/wp-json\/wp\/v2\/product_cat?post=27122"},{"taxonomy":"product_tag","embeddable":true,"href":"https:\/\/olemosaic.orbitalia.org\/pt-pt\/wp-json\/wp\/v2\/product_tag?post=27122"}],"curies":[{"name":"wp","href":"https:\/\/api.w.org\/{rel}","templated":true}]}}