{"id":27089,"date":"2025-02-20T23:28:43","date_gmt":"2025-02-20T22:28:43","guid":{"rendered":"https:\/\/olemosaic.orbitalia.org\/producto\/tortuga-figura-de-resina-de-8-cm-pintada-a-mano\/"},"modified":"2025-07-25T18:55:18","modified_gmt":"2025-07-25T16:55:18","slug":"tartaruga-figura-de-resina-de-8-cm-pintada-a-mao","status":"publish","type":"product","link":"https:\/\/olemosaic.orbitalia.org\/pt-pt\/produto\/tartaruga-figura-de-resina-de-8-cm-pintada-a-mao\/","title":{"rendered":"Tartaruga. Figura de mosaico de 8 cm."},"content":{"rendered":"<p>Esta figura de tartaruga de resina, de 8 cm, \u00e9 um requintado exemplo da artesania espanhola, pintada \u00e0 m\u00e3o e adornada com um vibrante design de mosaico que capta a ess\u00eancia da colorida tradi\u00e7\u00e3o artesanal do pa\u00eds. A tartaruga apresenta uma cativante combina\u00e7\u00e3o de tonalidades amarelas, azuis, verdes e vermelhas, o que n\u00e3o s\u00f3 a torna visualmente atrativa, como tamb\u00e9m confere um toque de alegria e frescura a qualquer espa\u00e7o. Cada detalhe desta pe\u00e7a foi elaborado com esmero, refletindo o minucioso acabamento caracter\u00edstico da cer\u00e2mica artesanal.<\/p>\n<p>Este souvenir \u00e9 ideal tanto como elemento decorativo para a casa como recorda\u00e7\u00e3o dos espl\u00eandidos costumes e da arte popular espanhola. A tartaruga, frequentemente s\u00edmbolo de longevidade e sabedoria, torna-se uma recorda\u00e7\u00e3o cultural que representa a rica hist\u00f3ria de Espanha na elabora\u00e7\u00e3o de pe\u00e7as art\u00edsticas. Na Ol\u00e9 Mosaic, como distribuidores de souvenirs por grosso, esta figura de tartaruga n\u00e3o s\u00f3 encarna autenticidade e estilo, como tamb\u00e9m \u00e9 uma excelente op\u00e7\u00e3o para os turistas que procuram levar um pedacinho da vibrante cultura espanhola. Incorpore este encantador produto na sua loja de presentes tur\u00edsticos e ofere\u00e7a aos seus clientes um artigo que se destaca pelo seu design \u00fanico e significado cultural.<\/p>\n","protected":false},"excerpt":{"rendered":"<p>Figura de tartaruga de 8 cm, design artesanal, pintada \u00e0 m\u00e3o, com um vibrante design de mosaico que evoca a colorida tradi\u00e7\u00e3o artesanal espanhola. Esta encantadora pe\u00e7a apresenta uma combina\u00e7\u00e3o de tonalidades amarelas, azuis, verdes e vermelhas, que conferem \u00e0 tartaruga um aspeto \u00fanico e atrativo. Ideal como souvenir ou elemento decorativo, captura a ess\u00eancia da arte popular com o seu minucioso acabamento que recorda a cer\u00e2mica artesanal.<\/p>\n","protected":false},"featured_media":6228,"template":"","meta":{"_acf_changed":false},"product_brand":[],"product_cat":[552],"product_tag":[516],"class_list":{"0":"post-27089","1":"product","2":"type-product","3":"status-publish","4":"has-post-thumbnail","6":"product_cat-numeros","7":"product_tag-animais","8":"pa_motivo-tartarugas","10":"first","11":"instock","12":"shipping-taxable","13":"product-type-simple"},"acf":[],"_links":{"self":[{"href":"https:\/\/olemosaic.orbitalia.org\/pt-pt\/wp-json\/wp\/v2\/product\/27089","targetHints":{"allow":["GET"]}}],"collection":[{"href":"https:\/\/olemosaic.orbitalia.org\/pt-pt\/wp-json\/wp\/v2\/product"}],"about":[{"href":"https:\/\/olemosaic.orbitalia.org\/pt-pt\/wp-json\/wp\/v2\/types\/product"}],"wp:featuredmedia":[{"embeddable":true,"href":"https:\/\/olemosaic.orbitalia.org\/pt-pt\/wp-json\/wp\/v2\/media\/6228"}],"wp:attachment":[{"href":"https:\/\/olemosaic.orbitalia.org\/pt-pt\/wp-json\/wp\/v2\/media?parent=27089"}],"wp:term":[{"taxonomy":"product_brand","embeddable":true,"href":"https:\/\/olemosaic.orbitalia.org\/pt-pt\/wp-json\/wp\/v2\/product_brand?post=27089"},{"taxonomy":"product_cat","embeddable":true,"href":"https:\/\/olemosaic.orbitalia.org\/pt-pt\/wp-json\/wp\/v2\/product_cat?post=27089"},{"taxonomy":"product_tag","embeddable":true,"href":"https:\/\/olemosaic.orbitalia.org\/pt-pt\/wp-json\/wp\/v2\/product_tag?post=27089"}],"curies":[{"name":"wp","href":"https:\/\/api.w.org\/{rel}","templated":true}]}}