{"id":27087,"date":"2025-02-20T23:28:43","date_gmt":"2025-02-20T22:28:43","guid":{"rendered":"https:\/\/olemosaic.orbitalia.org\/producto\/salamandra-figura-de-resina-de-24-cm-verde-pintada-a-mano\/"},"modified":"2025-07-25T20:20:25","modified_gmt":"2025-07-25T18:20:25","slug":"salamandra-figura-de-resina-de-24-cm-verde-pintada-a-mao","status":"publish","type":"product","link":"https:\/\/olemosaic.orbitalia.org\/pt-pt\/produto\/salamandra-figura-de-resina-de-24-cm-verde-pintada-a-mao\/","title":{"rendered":"Salamandra. Figura de mosaico de 24 cm. Verde."},"content":{"rendered":"<p>Esta espetacular figura de salamandra, de 24 cm, \u00e9 elaborada em resina e pintada \u00e0 m\u00e3o com uma vibrante paleta de cores que evoca a rica tradi\u00e7\u00e3o mediterr\u00e2nica. Destaca-se pelo seu design art\u00edstico, com um intrincado mosaico de verdes, azuis, laranjas e vermelhos que, al\u00e9m de captar a aten\u00e7\u00e3o, refletem o calor e a beleza da paisagem espanhola. A salamandra, um s\u00edmbolo de boa sorte, \u00e9 mostrada numa pose realista, com detalhes tridimensionais que real\u00e7am a qualidade do trabalho artesanal. Cada escama e cada pata s\u00e3o meticulosamente pintadas, criando um efeito visual din\u00e2mico que convida \u00e0 observa\u00e7\u00e3o.<\/p>\n<p>Este atrativo souvenir n\u00e3o \u00e9 apenas um elemento decorativo perfeito para qualquer canto da casa, mas tamb\u00e9m atua como uma recorda\u00e7\u00e3o cultural do folclore mediterr\u00e2nico, onde as salamandras s\u00e3o valorizadas pelo seu simbolismo positivo. Na Ol\u00e9 Mosaic, especializamo-nos na distribui\u00e7\u00e3o de souvenirs aut\u00eanticos por grosso, e esta figura de salamandra representa uma op\u00e7\u00e3o ideal para lojas de presentes tur\u00edsticos que procuram incorporar pe\u00e7as \u00fanicas e relevantes nos seus cat\u00e1logos. Souvenirs de resina como este n\u00e3o s\u00f3 conferem um toque vibrante \u00e0 decora\u00e7\u00e3o, como tamb\u00e9m convidam quem os possui a levar um peda\u00e7o da cultura espanhola para as suas casas.<\/p>\n","protected":false},"excerpt":{"rendered":"<p>Figura de salamandra de 24 cm, elaborada em resina e design artesanal, pintada \u00e0 m\u00e3o, com cores vibrantes. Este produto destaca-se pelo seu design art\u00edstico, que inclui um mosaico de tonalidades verdes, azuis, laranjas e vermelhas, capturando a ess\u00eancia do folclore mediterr\u00e2nico. A salamandra, s\u00edmbolo de boa sorte, apresenta detalhes tridimensionais que real\u00e7am o seu realismo, tornando-a um elemento decorativo perfeito para qualquer canto da casa.<\/p>\n","protected":false},"featured_media":8463,"template":"","meta":{"_acf_changed":false},"product_brand":[],"product_cat":[552],"product_tag":[516],"class_list":{"0":"post-27087","1":"product","2":"type-product","3":"status-publish","4":"has-post-thumbnail","6":"product_cat-numeros","7":"product_tag-animais","8":"pa_motivo-salamandras","10":"first","11":"instock","12":"shipping-taxable","13":"product-type-simple"},"acf":[],"_links":{"self":[{"href":"https:\/\/olemosaic.orbitalia.org\/pt-pt\/wp-json\/wp\/v2\/product\/27087","targetHints":{"allow":["GET"]}}],"collection":[{"href":"https:\/\/olemosaic.orbitalia.org\/pt-pt\/wp-json\/wp\/v2\/product"}],"about":[{"href":"https:\/\/olemosaic.orbitalia.org\/pt-pt\/wp-json\/wp\/v2\/types\/product"}],"wp:featuredmedia":[{"embeddable":true,"href":"https:\/\/olemosaic.orbitalia.org\/pt-pt\/wp-json\/wp\/v2\/media\/8463"}],"wp:attachment":[{"href":"https:\/\/olemosaic.orbitalia.org\/pt-pt\/wp-json\/wp\/v2\/media?parent=27087"}],"wp:term":[{"taxonomy":"product_brand","embeddable":true,"href":"https:\/\/olemosaic.orbitalia.org\/pt-pt\/wp-json\/wp\/v2\/product_brand?post=27087"},{"taxonomy":"product_cat","embeddable":true,"href":"https:\/\/olemosaic.orbitalia.org\/pt-pt\/wp-json\/wp\/v2\/product_cat?post=27087"},{"taxonomy":"product_tag","embeddable":true,"href":"https:\/\/olemosaic.orbitalia.org\/pt-pt\/wp-json\/wp\/v2\/product_tag?post=27087"}],"curies":[{"name":"wp","href":"https:\/\/api.w.org\/{rel}","templated":true}]}}