{"id":27084,"date":"2025-02-20T23:28:42","date_gmt":"2025-02-20T22:28:42","guid":{"rendered":"https:\/\/olemosaic.orbitalia.org\/producto\/golondrina-figura-de-resina-de-12-cm-pintada-a-mano\/"},"modified":"2025-07-25T22:23:45","modified_gmt":"2025-07-25T20:23:45","slug":"andorinha-figura-resina-12-cm-pintada-mao","status":"publish","type":"product","link":"https:\/\/olemosaic.orbitalia.org\/pt-pt\/produto\/andorinha-figura-resina-12-cm-pintada-mao\/","title":{"rendered":"Andorinha. Figura de mosaico de 12 cm."},"content":{"rendered":"<p>Esta figura de resina com forma de andorinha \u00e9 uma encantadora representa\u00e7\u00e3o da tradi\u00e7\u00e3o espanhola e uma pe\u00e7a decorativa ideal para qualquer casa. Com os seus 12 cm de altura, a andorinha \u00e9 meticulosamente pintada \u00e0 m\u00e3o com efeito, utilizando uma vibrante paleta de cores que evoca a riqueza art\u00edstica do pa\u00eds. O seu design, inspirado na arte do mosaico, apresenta uma requintada combina\u00e7\u00e3o de tons azuis, vermelhos, amarelos e verdes, que se entrela\u00e7am para criar um efeito visual cativante. A andorinha, al\u00e9m de simbolizar a chegada do bom tempo, \u00e9 um s\u00edmbolo de sorte e felicidade na cultura espanhola.<\/p>\n<p>A aten\u00e7\u00e3o ao detalhe na pintura de cada pe\u00e7a real\u00e7a o seu car\u00e1ter \u00fanico e a sua autenticidade como recorda\u00e7\u00e3o representativa de Espanha. Esta figura n\u00e3o s\u00f3 adiciona um toque de cor e alegria a qualquer canto da casa, como tamb\u00e9m se torna um maravilhoso souvenir que captura a ess\u00eancia da arte e da cultura locais. Na Ol\u00e9 Mosaic, como grossistas de figuras decorativas, oferecemos esta pe\u00e7a excecional, perfeita para lojas de presentes tur\u00edsticos que procuram produtos distintivos e com hist\u00f3ria. Optar por esta andorinha de resina \u00e9 escolher uma recorda\u00e7\u00e3o aut\u00eantica que encantar\u00e1 os turistas que desejem levar um pedacinho da tradi\u00e7\u00e3o espanhola.<\/p>\n","protected":false},"excerpt":{"rendered":"<p>Figura de 12 cm com forma de andorinha, design artesanal, pintado \u00e0 m\u00e3o, com cores vibrantes que evocam a tradi\u00e7\u00e3o espanhola. O design, inspirado na arte do mosaico, apresenta uma combina\u00e7\u00e3o de tons azuis, vermelhos, amarelos e verdes, real\u00e7ando o corpo da andorinha, que simboliza a boa sorte e a chegada do bom tempo. Esta pe\u00e7a decorativa \u00e9 ideal para adicionar um toque cultural e art\u00edstico a qualquer canto da casa.<\/p>\n","protected":false},"featured_media":11076,"template":"","meta":{"_acf_changed":false},"product_brand":[],"product_cat":[552],"product_tag":[516],"class_list":{"0":"post-27084","1":"product","2":"type-product","3":"status-publish","4":"has-post-thumbnail","6":"product_cat-numeros","7":"product_tag-animais","8":"pa_motivo-andorinhas","10":"first","11":"instock","12":"shipping-taxable","13":"product-type-simple"},"acf":[],"_links":{"self":[{"href":"https:\/\/olemosaic.orbitalia.org\/pt-pt\/wp-json\/wp\/v2\/product\/27084","targetHints":{"allow":["GET"]}}],"collection":[{"href":"https:\/\/olemosaic.orbitalia.org\/pt-pt\/wp-json\/wp\/v2\/product"}],"about":[{"href":"https:\/\/olemosaic.orbitalia.org\/pt-pt\/wp-json\/wp\/v2\/types\/product"}],"wp:featuredmedia":[{"embeddable":true,"href":"https:\/\/olemosaic.orbitalia.org\/pt-pt\/wp-json\/wp\/v2\/media\/11076"}],"wp:attachment":[{"href":"https:\/\/olemosaic.orbitalia.org\/pt-pt\/wp-json\/wp\/v2\/media?parent=27084"}],"wp:term":[{"taxonomy":"product_brand","embeddable":true,"href":"https:\/\/olemosaic.orbitalia.org\/pt-pt\/wp-json\/wp\/v2\/product_brand?post=27084"},{"taxonomy":"product_cat","embeddable":true,"href":"https:\/\/olemosaic.orbitalia.org\/pt-pt\/wp-json\/wp\/v2\/product_cat?post=27084"},{"taxonomy":"product_tag","embeddable":true,"href":"https:\/\/olemosaic.orbitalia.org\/pt-pt\/wp-json\/wp\/v2\/product_tag?post=27084"}],"curies":[{"name":"wp","href":"https:\/\/api.w.org\/{rel}","templated":true}]}}