{"id":27083,"date":"2025-02-20T23:28:42","date_gmt":"2025-02-20T22:28:42","guid":{"rendered":"https:\/\/olemosaic.orbitalia.org\/producto\/elefante-figura-de-resina-de-15-cm-pintada-a-mano\/"},"modified":"2025-07-25T20:09:45","modified_gmt":"2025-07-25T18:09:45","slug":"elefante-figura-resina-15-cm-pintada-mao","status":"publish","type":"product","link":"https:\/\/olemosaic.orbitalia.org\/pt-pt\/produto\/elefante-figura-resina-15-cm-pintada-mao\/","title":{"rendered":"Elefante. Figura de mosaico de 15 cm."},"content":{"rendered":"<p>Esta figura de resina com forma de elefante \u00e9 uma joia do artesanato espanhol, ideal para quem procura uma recorda\u00e7\u00e3o aut\u00eantica e colorida. Com uma altura de 15 cm, esta pe\u00e7a \u00e9 meticulosamente pintada \u00e0 m\u00e3o com efeito, o que a torna um objeto \u00fanico que captura a ess\u00eancia da arte tradicional. O seu design vibrante apresenta um deslumbrante mosaico composto por tons vermelhos, azuis, amarelos e verdes, criando um apelo visual extraordin\u00e1rio que se destaca em qualquer ambiente.<\/p>\n<p>O intrincado trabalho de pintura e o detalhe de cada mosaico refletem motivos culturais que evocam o rico folclore espanhol, fazendo deste elefante n\u00e3o apenas um elemento decorativo, mas tamb\u00e9m uma representa\u00e7\u00e3o da heran\u00e7a art\u00edstica da regi\u00e3o. A sua figura estilizada e expressiva, com grandes orelhas e a tromba erguida, simboliza a boa sorte e a sabedoria, adaptando-se perfeitamente a diversas decora\u00e7\u00f5es de interiores.<\/p>\n<p>Este souvenir \u00e9 uma excelente op\u00e7\u00e3o para os turistas que desejam levar um peda\u00e7o da cultura espanhola para casa, e a sua relev\u00e2ncia como pe\u00e7a decorativa torna-o perfeito para exibir em prateleiras, mesas ou como parte de uma cole\u00e7\u00e3o. Na Ol\u00e9 Mosaic, orgulhamo-nos de ser grossistas desta emblem\u00e1tica figura de elefante, garantindo a qualidade e autenticidade em cada produto que oferecemos.<\/p>\n","protected":false},"excerpt":{"rendered":"<p>Figura de 15 cm com forma de elefante, design artesanal, pintado \u00e0 m\u00e3o, que captura a ess\u00eancia da arte tradicional. Este elefante apresenta um vibrante mosaico de cores em tons vermelhos, azuis, amarelos e verdes, com um apelo visual not\u00e1vel. O seu design intrincado e detalhado reflete motivos culturais, o que o torna uma recorda\u00e7\u00e3o perfeita que evoca a riqueza do folclore espanhol. Ideal como pe\u00e7a decorativa para qualquer casa.<\/p>\n","protected":false},"featured_media":8763,"template":"","meta":{"_acf_changed":false},"product_brand":[],"product_cat":[552],"product_tag":[516],"class_list":{"0":"post-27083","1":"product","2":"type-product","3":"status-publish","4":"has-post-thumbnail","6":"product_cat-numeros","7":"product_tag-animais","8":"pa_motivo-elefantes","10":"first","11":"instock","12":"shipping-taxable","13":"product-type-simple"},"acf":[],"_links":{"self":[{"href":"https:\/\/olemosaic.orbitalia.org\/pt-pt\/wp-json\/wp\/v2\/product\/27083","targetHints":{"allow":["GET"]}}],"collection":[{"href":"https:\/\/olemosaic.orbitalia.org\/pt-pt\/wp-json\/wp\/v2\/product"}],"about":[{"href":"https:\/\/olemosaic.orbitalia.org\/pt-pt\/wp-json\/wp\/v2\/types\/product"}],"wp:featuredmedia":[{"embeddable":true,"href":"https:\/\/olemosaic.orbitalia.org\/pt-pt\/wp-json\/wp\/v2\/media\/8763"}],"wp:attachment":[{"href":"https:\/\/olemosaic.orbitalia.org\/pt-pt\/wp-json\/wp\/v2\/media?parent=27083"}],"wp:term":[{"taxonomy":"product_brand","embeddable":true,"href":"https:\/\/olemosaic.orbitalia.org\/pt-pt\/wp-json\/wp\/v2\/product_brand?post=27083"},{"taxonomy":"product_cat","embeddable":true,"href":"https:\/\/olemosaic.orbitalia.org\/pt-pt\/wp-json\/wp\/v2\/product_cat?post=27083"},{"taxonomy":"product_tag","embeddable":true,"href":"https:\/\/olemosaic.orbitalia.org\/pt-pt\/wp-json\/wp\/v2\/product_tag?post=27083"}],"curies":[{"name":"wp","href":"https:\/\/api.w.org\/{rel}","templated":true}]}}