{"id":27082,"date":"2025-02-20T23:28:42","date_gmt":"2025-02-20T22:28:42","guid":{"rendered":"https:\/\/olemosaic.orbitalia.org\/producto\/bailaora-figura-de-resina-de-10-cm-rojo-blanco-pintada-a-mano\/"},"modified":"2025-07-25T18:36:30","modified_gmt":"2025-07-25T16:36:30","slug":"bailarina-flamenco-figura-resina-10-cm-vermelho-branco-pintada-mao","status":"publish","type":"product","link":"https:\/\/olemosaic.orbitalia.org\/pt-pt\/produto\/bailarina-flamenco-figura-resina-10-cm-vermelho-branco-pintada-mao\/","title":{"rendered":"Bailarina de Flamenco. Figura de mosaico de 10 cm. Vermelho \/ branco."},"content":{"rendered":"<p>Esta figura de resina de uma bailarina de flamenco \u00e9 uma encantadora recorda\u00e7\u00e3o que encapsula a vibrante ess\u00eancia do folclore espanhol. Com uma altura de 10 cm, est\u00e1 finamente pintada \u00e0 m\u00e3o com efeito num deslumbrante contraste de vermelho e branco. O vestido de folhos com grandes bolas brancas \u00e9 uma homenagem \u00e0 tradi\u00e7\u00e3o flamenca, mostrando o movimento e o esp\u00edrito desta dan\u00e7a apaixonada. A bailarina, com a sua express\u00e3o cheia de energia, segura um leque que complementa a sua pose elegante, sugerindo o ritmo e a musicalidade que caracterizam o flamenco.<\/p>\n<p>Cada detalhe da figura, desde as dobras do vestido at\u00e9 \u00e0 delicada express\u00e3o facial, foi elaborado com esmero, refletindo a aut\u00eantica cultura andaluza. Esta recorda\u00e7\u00e3o n\u00e3o \u00e9 apenas uma representa\u00e7\u00e3o art\u00edstica, mas tamb\u00e9m um s\u00edmbolo da tradi\u00e7\u00e3o que perdurou ao longo de gera\u00e7\u00f5es na Andaluzia. Sendo um produto aut\u00eantico, \u00e9 uma excelente op\u00e7\u00e3o para os turistas que procuram levar um peda\u00e7o da riqueza cultural espanhola.<\/p>\n<p>Na Ol\u00e9 Mosaic, somos distribuidores de recorda\u00e7\u00f5es de alta qualidade e esta figura de bailarina \u00e9 perfeita para as lojas de presentes tur\u00edsticos que desejam oferecer produtos que realcem a heran\u00e7a cultural de Espanha. Com o seu encanto e significado, esta figura de flamenco far\u00e1 as del\u00edcias de quem a veja, sendo uma recorda\u00e7\u00e3o inesquec\u00edvel da sua visita \u00e0 Andaluzia.<\/p>\n","protected":false},"excerpt":{"rendered":"<p>Figura de uma bailarina de flamenco de 10 cm de altura, design artesanal, pintado \u00e0 m\u00e3o, em vibrantes cores vermelho e branco. Esta encantadora representa\u00e7\u00e3o captura a ess\u00eancia do flamenco espanhol, com um vestido de folhos e grandes bolas brancas, e um leque que complementa a sua pose elegante. Com um design detalhado e uma express\u00e3o cheia de energia, \u00e9 um souvenir perfeito que reflete a cultura andaluza e a sua tradi\u00e7\u00e3o folcl\u00f3rica.<\/p>\n","protected":false},"featured_media":6126,"template":"","meta":{"_acf_changed":false},"product_brand":[],"product_cat":[552],"product_tag":[],"class_list":{"0":"post-27082","1":"product","2":"type-product","3":"status-publish","4":"has-post-thumbnail","6":"product_cat-numeros","7":"pa_motivo-dancarinos","9":"first","10":"instock","11":"shipping-taxable","12":"product-type-simple"},"acf":[],"_links":{"self":[{"href":"https:\/\/olemosaic.orbitalia.org\/pt-pt\/wp-json\/wp\/v2\/product\/27082","targetHints":{"allow":["GET"]}}],"collection":[{"href":"https:\/\/olemosaic.orbitalia.org\/pt-pt\/wp-json\/wp\/v2\/product"}],"about":[{"href":"https:\/\/olemosaic.orbitalia.org\/pt-pt\/wp-json\/wp\/v2\/types\/product"}],"wp:featuredmedia":[{"embeddable":true,"href":"https:\/\/olemosaic.orbitalia.org\/pt-pt\/wp-json\/wp\/v2\/media\/6126"}],"wp:attachment":[{"href":"https:\/\/olemosaic.orbitalia.org\/pt-pt\/wp-json\/wp\/v2\/media?parent=27082"}],"wp:term":[{"taxonomy":"product_brand","embeddable":true,"href":"https:\/\/olemosaic.orbitalia.org\/pt-pt\/wp-json\/wp\/v2\/product_brand?post=27082"},{"taxonomy":"product_cat","embeddable":true,"href":"https:\/\/olemosaic.orbitalia.org\/pt-pt\/wp-json\/wp\/v2\/product_cat?post=27082"},{"taxonomy":"product_tag","embeddable":true,"href":"https:\/\/olemosaic.orbitalia.org\/pt-pt\/wp-json\/wp\/v2\/product_tag?post=27082"}],"curies":[{"name":"wp","href":"https:\/\/api.w.org\/{rel}","templated":true}]}}