{"id":27057,"date":"2025-02-20T23:28:41","date_gmt":"2025-02-20T22:28:41","guid":{"rendered":"https:\/\/olemosaic.orbitalia.org\/producto\/parc-guell-figura-de-resina-de-8-cm-pintada-a-mano\/"},"modified":"2025-07-25T19:07:21","modified_gmt":"2025-07-25T17:07:21","slug":"parque-guell-figura-resina-8-cm-pintada-a-mao","status":"publish","type":"product","link":"https:\/\/olemosaic.orbitalia.org\/pt-pt\/produto\/parque-guell-figura-resina-8-cm-pintada-a-mao\/","title":{"rendered":"Elefante. Figura de mosaico de 7,5 cm."},"content":{"rendered":"<p>Esta figura de resina de 8 cm \u00e9 uma encantadora recorda\u00e7\u00e3o que captura a ess\u00eancia do famoso Park G\u00fcell de Barcelona, uma obra-prima do arquiteto Antoni Gaud\u00ed. Cada pe\u00e7a aparenta ser pintada \u00e0 m\u00e3o, o que garante que cada figura seja \u00fanica, com texturas e matizes que refletem a vibrante est\u00e9tica do modernismo catal\u00e3o. A figura representa uma das fachadas mais emblem\u00e1ticas do parque, adornada com azulejos coloridos que brilham com tonalidades de azul, vermelho e amarelo, criando um efeito visual que evoca a transbordante criatividade de Gaud\u00ed. As janelas distintas e o seu ic\u00f3nico telhado curvil\u00edneo, decorado com mosaicos, acrescentam detalhes que s\u00e3o um verdadeiro deleite para os amantes da arquitetura. Al\u00e9m disso, conta com uma base s\u00f3lida que inclui a inscri\u00e7\u00e3o &#8220;PARK G\u00dcELL&#8221;, o que a torna uma recorda\u00e7\u00e3o significativa de uma das atra\u00e7\u00f5es mais visitadas de Barcelona. Este souvenir \u00e9 ideal para turistas que procuram levar um peda\u00e7o da cultura e da arte catal\u00e3, sendo uma excelente op\u00e7\u00e3o para lojas de presentes tur\u00edsticos. Na Ol\u00e9 Mosaic, especializamo-nos na distribui\u00e7\u00e3o de souvenirs aut\u00eanticos por grosso, e esta figura do Park G\u00fcell \u00e9 um s\u00edmbolo perfeito da rica heran\u00e7a cultural de Espanha, que ressoar\u00e1 com quem procura preservar as suas mem\u00f3rias de viagem.<\/p>\n","protected":false},"excerpt":{"rendered":"<p>Figura de 8 cm inspirada na famosa entrada do Park G\u00fcell de Barcelona. Esta pe\u00e7a, de design artesanal e pintada \u00e0 m\u00e3o, destaca-se pelas suas texturas detalhadas que refletem a obra de Antoni Gaud\u00ed. A figura mostra uma fachada com azulejos coloridos e janelas caracter\u00edsticas, criando um efeito vibrante. Com a sua base firme e a inscri\u00e7\u00e3o &#8220;PARK G\u00dcELL&#8221;, \u00e9 uma encantadora recorda\u00e7\u00e3o que captura a ess\u00eancia do modernismo catal\u00e3o e o seu estilo singular.<\/p>\n","protected":false},"featured_media":6858,"template":"","meta":{"_acf_changed":false},"product_brand":[],"product_cat":[552],"product_tag":[],"class_list":{"0":"post-27057","1":"product","2":"type-product","3":"status-publish","4":"has-post-thumbnail","6":"product_cat-numeros","7":"pa_ciudad-barcelona","8":"pa_motivo-parque-guell","9":"pa_pais-espana","11":"first","12":"instock","13":"shipping-taxable","14":"product-type-simple"},"acf":[],"_links":{"self":[{"href":"https:\/\/olemosaic.orbitalia.org\/pt-pt\/wp-json\/wp\/v2\/product\/27057","targetHints":{"allow":["GET"]}}],"collection":[{"href":"https:\/\/olemosaic.orbitalia.org\/pt-pt\/wp-json\/wp\/v2\/product"}],"about":[{"href":"https:\/\/olemosaic.orbitalia.org\/pt-pt\/wp-json\/wp\/v2\/types\/product"}],"wp:featuredmedia":[{"embeddable":true,"href":"https:\/\/olemosaic.orbitalia.org\/pt-pt\/wp-json\/wp\/v2\/media\/6858"}],"wp:attachment":[{"href":"https:\/\/olemosaic.orbitalia.org\/pt-pt\/wp-json\/wp\/v2\/media?parent=27057"}],"wp:term":[{"taxonomy":"product_brand","embeddable":true,"href":"https:\/\/olemosaic.orbitalia.org\/pt-pt\/wp-json\/wp\/v2\/product_brand?post=27057"},{"taxonomy":"product_cat","embeddable":true,"href":"https:\/\/olemosaic.orbitalia.org\/pt-pt\/wp-json\/wp\/v2\/product_cat?post=27057"},{"taxonomy":"product_tag","embeddable":true,"href":"https:\/\/olemosaic.orbitalia.org\/pt-pt\/wp-json\/wp\/v2\/product_tag?post=27057"}],"curies":[{"name":"wp","href":"https:\/\/api.w.org\/{rel}","templated":true}]}}