{"id":27019,"date":"2025-02-20T22:28:39","date_gmt":"2025-02-20T22:28:39","guid":{"rendered":"https:\/\/olemosaic.orbitalia.org\/producto\/taza-de-ceramica-salamandra-barcelona-beige\/"},"modified":"2025-07-25T19:09:46","modified_gmt":"2025-07-25T17:09:46","slug":"caneca-de-ceramica-salamandra-barcelona-bege","status":"publish","type":"product","link":"https:\/\/olemosaic.orbitalia.org\/pt-pt\/produto\/caneca-de-ceramica-salamandra-barcelona-bege\/","title":{"rendered":"Caneca de cer\u00e2mica. Salamandra. Barcelona. Bege."},"content":{"rendered":"<p>Esta encantadora caneca de cer\u00e2mica, decorada com uma colorida salamandra, \u00e9 um souvenir \u00fanico que capta a ess\u00eancia vibrante de Barcelona. Com um atraente tom bege, a caneca apresenta no seu exterior um design art\u00edstico que inclui uma colorida salamandra, s\u00edmbolo ic\u00f3nico da cidade, rodeada de delicados motivos florais que evocam a criatividade e o colorido da cultura catal\u00e3. O texto &#8220;Barcelona&#8221; \u00e9 exibido num estilo apelativo, real\u00e7ando a sua liga\u00e7\u00e3o com a rica heran\u00e7a da regi\u00e3o. A caneca conta com uma asa pr\u00e1tica, que facilita o seu uso, e vem acompanhada por uma colher a condizer em diversas cores, acrescentando um toque l\u00fadico e vibrante \u00e0 sua apresenta\u00e7\u00e3o. Ideal para desfrutar das suas bebidas favoritas, esta caneca n\u00e3o \u00e9 apenas funcional, mas tamb\u00e9m atua como um lembrete da beleza de Barcelona, tornando-a um excelente souvenir para quem deseja levar um pedacinho da cidade para casa. Na Ol\u00e9 Mosaic, oferecemos produtos aut\u00eanticos e representativos, e esta caneca de cer\u00e2mica apresenta-se como uma escolha ideal para lojas de presentes tur\u00edsticos, garantindo um atrativo \u00fanico para qualquer cliente interessado em souvenirs de Barcelona.<\/p>\n","protected":false},"excerpt":{"rendered":"<p>Caneca de cer\u00e2mica decorada com uma salamandra colorida, s\u00edmbolo de Barcelona. Este elegante design inclui motivos florais e a palavra &#8220;Barcelona&#8221; escrita com um estilo apelativo. A caneca, de uma atraente cor bege, tem uma asa pr\u00e1tica e uma colher a condizer em diferentes cores, o que lhe confere um toque vibrante. Ideal para desfrutar das suas bebidas favoritas enquanto leva um pedacinho da cultura catal\u00e3 para casa.<\/p>\n","protected":false},"featured_media":6900,"template":"","meta":{"_acf_changed":false},"product_brand":[],"product_cat":[833],"product_tag":[516,515],"class_list":{"0":"post-27019","1":"product","2":"type-product","3":"status-publish","4":"has-post-thumbnail","6":"product_cat-canecas","7":"product_tag-animais","8":"product_tag-ceramica","9":"pa_ciudad-barcelona","10":"pa_motivo-salamandras","11":"pa_pais-espana","13":"first","14":"instock","15":"shipping-taxable","16":"product-type-simple"},"acf":[],"_links":{"self":[{"href":"https:\/\/olemosaic.orbitalia.org\/pt-pt\/wp-json\/wp\/v2\/product\/27019","targetHints":{"allow":["GET"]}}],"collection":[{"href":"https:\/\/olemosaic.orbitalia.org\/pt-pt\/wp-json\/wp\/v2\/product"}],"about":[{"href":"https:\/\/olemosaic.orbitalia.org\/pt-pt\/wp-json\/wp\/v2\/types\/product"}],"wp:featuredmedia":[{"embeddable":true,"href":"https:\/\/olemosaic.orbitalia.org\/pt-pt\/wp-json\/wp\/v2\/media\/6900"}],"wp:attachment":[{"href":"https:\/\/olemosaic.orbitalia.org\/pt-pt\/wp-json\/wp\/v2\/media?parent=27019"}],"wp:term":[{"taxonomy":"product_brand","embeddable":true,"href":"https:\/\/olemosaic.orbitalia.org\/pt-pt\/wp-json\/wp\/v2\/product_brand?post=27019"},{"taxonomy":"product_cat","embeddable":true,"href":"https:\/\/olemosaic.orbitalia.org\/pt-pt\/wp-json\/wp\/v2\/product_cat?post=27019"},{"taxonomy":"product_tag","embeddable":true,"href":"https:\/\/olemosaic.orbitalia.org\/pt-pt\/wp-json\/wp\/v2\/product_tag?post=27019"}],"curies":[{"name":"wp","href":"https:\/\/api.w.org\/{rel}","templated":true}]}}